{"id":743186,"date":"2025-08-28T01:29:24","date_gmt":"2025-08-27T22:29:24","guid":{"rendered":"https:\/\/roveyayinevi.com.tr\/index.php\/urun\/saturn-evleri-6\/"},"modified":"2026-04-16T02:54:36","modified_gmt":"2026-04-15T23:54:36","slug":"saturn-evleri-6","status":"publish","type":"product","link":"https:\/\/roveyayinevi.com.tr\/index.php\/urun\/saturn-evleri-6\/","title":{"rendered":"Sat\u00fcrn Evleri 6"},"content":{"rendered":"<p>Yery\u00fcz\u00fcne&#8230;Sota\u2019n\u0131n t\u00fcm kalbiyle olu\u015fturdu\u011fu plan, Mitsu\u2019yu heyecanland\u0131rm\u0131\u015ft\u0131r. Di\u011fer tarafta, alt seviye b\u00fcy\u00fck bir \u015fanss\u0131zl\u0131k ve karanl\u0131k bir planla ayn\u0131 anda kar\u015f\u0131 kar\u015f\u0131ya kal\u0131r.<\/p>\n","protected":false},"excerpt":{"rendered":"<p>Yery\u00fcz\u00fcne&#8230;Sota\u2019n\u0131n t\u00fcm kalbiyle olu\u015fturdu\u011fu plan, Mitsu\u2019yu heyecanland\u0131rm\u0131\u015ft\u0131r. Di\u011fer tarafta, alt seviye b\u00fcy\u00fck bir \u015fanss\u0131zl\u0131k ve karanl\u0131k bir planla ayn\u0131 anda kar\u015f\u0131 kar\u015f\u0131ya kal\u0131r.<\/p>\n","protected":false},"featured_media":0,"template":"","meta":{"_monsterinsights_skip_tracking":false,"_monsterinsights_sitenote_active":false,"_monsterinsights_sitenote_note":"","_monsterinsights_sitenote_category":0},"product_brand":[],"product_cat":[12689,12274],"product_tag":[],"class_list":{"0":"post-743186","1":"product","2":"type-product","3":"status-publish","5":"product_cat-cizgi-roman-cocuk-ve-genclik-kitaplari","6":"product_cat-cocuk-ve-genclik-kitaplari","7":"pa_cilt-ciltsiz","8":"pa_tur-kitap","9":"pa_yayinevi-ithaki-yayinlari","10":"pa_yazar-hisae-ivaoka","12":"first","13":"instock","14":"sale","15":"shipping-taxable","16":"purchasable","17":"product-type-simple"},"_links":{"self":[{"href":"https:\/\/roveyayinevi.com.tr\/index.php\/wp-json\/wp\/v2\/product\/743186","targetHints":{"allow":["GET"]}}],"collection":[{"href":"https:\/\/roveyayinevi.com.tr\/index.php\/wp-json\/wp\/v2\/product"}],"about":[{"href":"https:\/\/roveyayinevi.com.tr\/index.php\/wp-json\/wp\/v2\/types\/product"}],"wp:attachment":[{"href":"https:\/\/roveyayinevi.com.tr\/index.php\/wp-json\/wp\/v2\/media?parent=743186"}],"wp:term":[{"taxonomy":"product_brand","embeddable":true,"href":"https:\/\/roveyayinevi.com.tr\/index.php\/wp-json\/wp\/v2\/product_brand?post=743186"},{"taxonomy":"product_cat","embeddable":true,"href":"https:\/\/roveyayinevi.com.tr\/index.php\/wp-json\/wp\/v2\/product_cat?post=743186"},{"taxonomy":"product_tag","embeddable":true,"href":"https:\/\/roveyayinevi.com.tr\/index.php\/wp-json\/wp\/v2\/product_tag?post=743186"}],"curies":[{"name":"wp","href":"https:\/\/api.w.org\/{rel}","templated":true}]}}