{"id":743185,"date":"2025-08-28T01:29:23","date_gmt":"2025-08-27T22:29:23","guid":{"rendered":"https:\/\/roveyayinevi.com.tr\/index.php\/urun\/sihirli-ev-yuruyen-sato-serisi-3-ciltli\/"},"modified":"2026-04-16T02:54:36","modified_gmt":"2026-04-15T23:54:36","slug":"sihirli-ev-yuruyen-sato-serisi-3-ciltli","status":"publish","type":"product","link":"https:\/\/roveyayinevi.com.tr\/index.php\/urun\/sihirli-ev-yuruyen-sato-serisi-3-ciltli\/","title":{"rendered":"Sihirli Ev\/Y\u00fcr\u00fcyen \u015eato Serisi 3 &#8211; Ciltli"},"content":{"rendered":"<p>\u201cDiana Wynne Jones muhte\u015fem bir fantazi yazar\u0131. Hayal g\u00fcc\u00fc her daim canl\u0131, karakterleri ger\u00e7ek ve hik\u00e2yeleri hem muzip hem de duygulu&#8230;\u201d \u2013Kathleen KarrCharmain Baker, b\u00fcy\u00fck amcas\u0131 Kraliyet B\u00fcy\u00fcc\u00fcs\u00fc Norland\u2019\u0131n evine g\u00f6z kulak olmay\u0131 kabul etti\u011finde, akl\u0131nda tek bir \u015fey vard\u0131r: Korumac\u0131 ailesi olmadan bol bol kitap okumak. Fakat i\u015fler istedi\u011fi gibi gitmez. Zira o evin zaman ve mek\u00e2n\u0131 b\u00fckebildi\u011finden, sihirli bir sokak k\u00f6pe\u011fi olan Ba\u015f\u0131bo\u015f\u2019tan ve gen\u00e7 b\u00fcy\u00fcc\u00fc \u00e7\u0131ra\u011f\u0131 Peter\u2019dan haberi yoktur. Bu da yetmezmi\u015f gibi, bir de lubok denen korkun\u00e7 bir yarat\u0131k pe\u015fine d\u00fc\u015fer ve Charmain, kral\u0131n \u00fclkeyi kurtarmaya yard\u0131mc\u0131 olacak efsanevi Elfarma\u011fan\u0131\u2019n\u0131 aray\u0131\u015f\u0131nda ba\u015fkahraman olur. B\u00fcy\u00fcc\u00fc ailemiz Sophie, Howl ve ate\u015f cini Calcifer da muzip ve k\u0131vrak zek\u00e2lar\u0131yla bu aray\u0131\u015f\u0131 renklendirir.Diana Wynne Jones muhte\u015fem Y\u00fcr\u00fcyen \u015eato serisinin \u00fc\u00e7\u00fcnc\u00fc kitab\u0131 Sihirli Ev\u2019le hayal d\u00fcnyan\u0131z\u0131 \u015fenlendirmeye devam ediyor.<\/p>\n","protected":false},"excerpt":{"rendered":"<p>\u201cDiana Wynne Jones muhte\u015fem bir fantazi yazar\u0131. Hayal g\u00fcc\u00fc her daim canl\u0131, karakterleri ger\u00e7ek ve hik\u00e2yeleri hem muzip hem de duygulu&#8230;\u201d \u2013Kathleen KarrCharmain Baker, b\u00fcy\u00fck amcas\u0131<span class=\"excerpt-hellip\"> [\u2026]<\/span><\/p>\n","protected":false},"featured_media":0,"template":"","meta":{"_monsterinsights_skip_tracking":false,"_monsterinsights_sitenote_active":false,"_monsterinsights_sitenote_note":"","_monsterinsights_sitenote_category":0},"product_brand":[],"product_cat":[12291,14777],"product_tag":[],"class_list":{"0":"post-743185","1":"product","2":"type-product","3":"status-publish","5":"product_cat-edebiyat","6":"product_cat-fantastik","7":"pa_cilt-ciltli","8":"pa_tur-kitap","9":"pa_yayinevi-ithaki-yayinlari","10":"pa_yazar-diana-wynne-jones","12":"first","13":"instock","14":"sale","15":"shipping-taxable","16":"purchasable","17":"product-type-simple"},"_links":{"self":[{"href":"https:\/\/roveyayinevi.com.tr\/index.php\/wp-json\/wp\/v2\/product\/743185","targetHints":{"allow":["GET"]}}],"collection":[{"href":"https:\/\/roveyayinevi.com.tr\/index.php\/wp-json\/wp\/v2\/product"}],"about":[{"href":"https:\/\/roveyayinevi.com.tr\/index.php\/wp-json\/wp\/v2\/types\/product"}],"wp:attachment":[{"href":"https:\/\/roveyayinevi.com.tr\/index.php\/wp-json\/wp\/v2\/media?parent=743185"}],"wp:term":[{"taxonomy":"product_brand","embeddable":true,"href":"https:\/\/roveyayinevi.com.tr\/index.php\/wp-json\/wp\/v2\/product_brand?post=743185"},{"taxonomy":"product_cat","embeddable":true,"href":"https:\/\/roveyayinevi.com.tr\/index.php\/wp-json\/wp\/v2\/product_cat?post=743185"},{"taxonomy":"product_tag","embeddable":true,"href":"https:\/\/roveyayinevi.com.tr\/index.php\/wp-json\/wp\/v2\/product_tag?post=743185"}],"curies":[{"name":"wp","href":"https:\/\/api.w.org\/{rel}","templated":true}]}}