{"id":743184,"date":"2025-08-28T01:29:21","date_gmt":"2025-08-27T22:29:21","guid":{"rendered":"https:\/\/roveyayinevi.com.tr\/index.php\/urun\/ucan-sato-yuruyen-sato-serisi-2-ciltli\/"},"modified":"2026-04-16T02:54:36","modified_gmt":"2026-04-15T23:54:36","slug":"ucan-sato-yuruyen-sato-serisi-2-ciltli","status":"publish","type":"product","link":"https:\/\/roveyayinevi.com.tr\/index.php\/urun\/ucan-sato-yuruyen-sato-serisi-2-ciltli\/","title":{"rendered":"U\u00e7an \u015eato\/Y\u00fcr\u00fcyen \u015eato Serisi 2 &#8211; Ciltli"},"content":{"rendered":"<p>\u201cMizahi \u00f6\u011feleri ve heyecan\u0131yla Y\u00fcr\u00fcyen \u015eato\u2019yu aratm\u0131yor.\u201d \u2013ALA BooklistGen\u00e7 t\u00fcccar Abdullah\u2019\u0131n s\u0131radan hayat\u0131, bir yabanc\u0131n\u0131n kendisine sihirli bir hal\u0131 satmas\u0131yla birlikte alt\u00fcst olur. \u00d6yle ki Abdullah hayallerini kurdu\u011fu hayat\u0131n tam ortas\u0131na d\u00fc\u015fer. Muhte\u015fem bir bah\u00e7ede uyand\u0131\u011f\u0131nda hayallerinin k\u0131z\u0131 Gece \u00c7i\u00e7e\u011fi\u2019yle tan\u0131\u015f\u0131r. Ancak g\u00f6r\u00fcr g\u00f6rmez \u00e2\u015f\u0131k oldu\u011fu bu g\u00fczeller g\u00fczeli prenses k\u00f6t\u00fc bir cin taraf\u0131ndan Abdullah\u2019\u0131n g\u00f6zleri \u00f6n\u00fcnde ka\u00e7\u0131r\u0131l\u0131r. B\u00f6ylece kahraman\u0131m\u0131z macera dolu bir takibe ba\u015flar.Bu \u00f6yle bir macerad\u0131r ki bir s\u00fcr\u00fc s\u0131rad\u0131\u015f\u0131 karakter de i\u015fin i\u00e7ine girer: aksi bir sihirli hal\u0131, sinirli bir \u015fi\u015fe cini, d\u00fczenbaz bir asker ve dik kafal\u0131 bir kara kedi. Acaba bu renkli tayfa k\u00f6t\u00fc cinin gizemli \u015fatosunu bulup prensesleri kurtarabilecek midir?Diana Wynne Jones\u2019un usta kaleminden e\u011flenceli, duygu y\u00fckl\u00fc ve macera dolu bir fantastik roman.<\/p>\n","protected":false},"excerpt":{"rendered":"<p>\u201cMizahi \u00f6\u011feleri ve heyecan\u0131yla Y\u00fcr\u00fcyen \u015eato\u2019yu aratm\u0131yor.\u201d \u2013ALA BooklistGen\u00e7 t\u00fcccar Abdullah\u2019\u0131n s\u0131radan hayat\u0131, bir yabanc\u0131n\u0131n kendisine sihirli bir hal\u0131 satmas\u0131yla birlikte alt\u00fcst olur. \u00d6yle ki Abdullah<span class=\"excerpt-hellip\"> [\u2026]<\/span><\/p>\n","protected":false},"featured_media":0,"template":"","meta":{"_monsterinsights_skip_tracking":false,"_monsterinsights_sitenote_active":false,"_monsterinsights_sitenote_note":"","_monsterinsights_sitenote_category":0},"product_brand":[],"product_cat":[12291,14777],"product_tag":[],"class_list":{"0":"post-743184","1":"product","2":"type-product","3":"status-publish","5":"product_cat-edebiyat","6":"product_cat-fantastik","7":"pa_cilt-ciltli","8":"pa_tur-kitap","9":"pa_yayinevi-ithaki-yayinlari","10":"pa_yazar-diana-wynne-jones","12":"first","13":"instock","14":"sale","15":"shipping-taxable","16":"purchasable","17":"product-type-simple"},"_links":{"self":[{"href":"https:\/\/roveyayinevi.com.tr\/index.php\/wp-json\/wp\/v2\/product\/743184","targetHints":{"allow":["GET"]}}],"collection":[{"href":"https:\/\/roveyayinevi.com.tr\/index.php\/wp-json\/wp\/v2\/product"}],"about":[{"href":"https:\/\/roveyayinevi.com.tr\/index.php\/wp-json\/wp\/v2\/types\/product"}],"wp:attachment":[{"href":"https:\/\/roveyayinevi.com.tr\/index.php\/wp-json\/wp\/v2\/media?parent=743184"}],"wp:term":[{"taxonomy":"product_brand","embeddable":true,"href":"https:\/\/roveyayinevi.com.tr\/index.php\/wp-json\/wp\/v2\/product_brand?post=743184"},{"taxonomy":"product_cat","embeddable":true,"href":"https:\/\/roveyayinevi.com.tr\/index.php\/wp-json\/wp\/v2\/product_cat?post=743184"},{"taxonomy":"product_tag","embeddable":true,"href":"https:\/\/roveyayinevi.com.tr\/index.php\/wp-json\/wp\/v2\/product_tag?post=743184"}],"curies":[{"name":"wp","href":"https:\/\/api.w.org\/{rel}","templated":true}]}}