{"id":743181,"date":"2025-08-28T01:29:17","date_gmt":"2025-08-27T22:29:17","guid":{"rendered":"https:\/\/roveyayinevi.com.tr\/index.php\/urun\/gantz-13\/"},"modified":"2026-04-16T02:54:36","modified_gmt":"2026-04-15T23:54:36","slug":"gantz-13","status":"publish","type":"product","link":"https:\/\/roveyayinevi.com.tr\/index.php\/urun\/gantz-13\/","title":{"rendered":"Gantz 13"},"content":{"rendered":"<p>Kabbe uzayl\u0131lar\u0131na kar\u015f\u0131 giri\u015filen d\u00f6v\u00fc\u015fte elbise giyen ya\u015fl\u0131ca bir adamla i\u015fbirli\u011fi yapan Kurono yeni bir silah\u0131 kontrol etmeye ba\u015fl\u0131yor: Bir motosiklet. Bu motosikleti kullanarak bir grup b\u00fcy\u00fck dinozoru yok ediyorlar ve \u00e7evrelerindeki di\u011ferleri Kurono\u2019yu liderleri ilan ediyor. \u0130lk kez \u00e7evresindekiler taraf\u0131ndan bu \u015fekilde kabul g\u00f6ren Kurono, Kato\u2019yu an\u0131msatan bir bi\u00e7imde d\u00f6v\u00fc\u015fe kat\u0131l\u0131p herkesi korumak i\u00e7in \u00f6n safta d\u00f6v\u00fc\u015fmeye ba\u015fl\u0131yor. Bir zamanlar\u0131n Kato\u2019sunu hat\u0131rlarken, Kurono lider kimli\u011fini giderek benimsemeye ba\u015flayacak\u2026   Hik\u00e2ye ak\u0131\u015f\u0131 ve ana kahramanlar\u0131n\u0131n ya\u015fad\u0131klar\u0131yla di\u011fer t\u00fcm mangalardan ayr\u0131lan yeti\u015fkin mangas\u0131 Gantz, y\u00fcksek temposuyla \u015fa\u015f\u0131rtmaya devam ediyor.<\/p>\n","protected":false},"excerpt":{"rendered":"<p>Kabbe uzayl\u0131lar\u0131na kar\u015f\u0131 giri\u015filen d\u00f6v\u00fc\u015fte elbise giyen ya\u015fl\u0131ca bir adamla i\u015fbirli\u011fi yapan Kurono yeni bir silah\u0131 kontrol etmeye ba\u015fl\u0131yor: Bir motosiklet. Bu motosikleti kullanarak bir grup<span class=\"excerpt-hellip\"> [\u2026]<\/span><\/p>\n","protected":false},"featured_media":0,"template":"","meta":{"_monsterinsights_skip_tracking":false,"_monsterinsights_sitenote_active":false,"_monsterinsights_sitenote_note":"","_monsterinsights_sitenote_category":0},"product_brand":[],"product_cat":[12416,12291],"product_tag":[],"class_list":{"0":"post-743181","1":"product","2":"type-product","3":"status-publish","5":"product_cat-cizgi-roman","6":"product_cat-edebiyat","7":"pa_cilt-ciltsiz","8":"pa_tur-kitap","9":"pa_yayinevi-kurukafa","10":"pa_yazar-hiroya-oku","12":"first","13":"instock","14":"sale","15":"shipping-taxable","16":"purchasable","17":"product-type-simple"},"_links":{"self":[{"href":"https:\/\/roveyayinevi.com.tr\/index.php\/wp-json\/wp\/v2\/product\/743181","targetHints":{"allow":["GET"]}}],"collection":[{"href":"https:\/\/roveyayinevi.com.tr\/index.php\/wp-json\/wp\/v2\/product"}],"about":[{"href":"https:\/\/roveyayinevi.com.tr\/index.php\/wp-json\/wp\/v2\/types\/product"}],"wp:attachment":[{"href":"https:\/\/roveyayinevi.com.tr\/index.php\/wp-json\/wp\/v2\/media?parent=743181"}],"wp:term":[{"taxonomy":"product_brand","embeddable":true,"href":"https:\/\/roveyayinevi.com.tr\/index.php\/wp-json\/wp\/v2\/product_brand?post=743181"},{"taxonomy":"product_cat","embeddable":true,"href":"https:\/\/roveyayinevi.com.tr\/index.php\/wp-json\/wp\/v2\/product_cat?post=743181"},{"taxonomy":"product_tag","embeddable":true,"href":"https:\/\/roveyayinevi.com.tr\/index.php\/wp-json\/wp\/v2\/product_tag?post=743181"}],"curies":[{"name":"wp","href":"https:\/\/api.w.org\/{rel}","templated":true}]}}