{"id":743179,"date":"2025-08-28T01:29:15","date_gmt":"2025-08-27T22:29:15","guid":{"rendered":"https:\/\/roveyayinevi.com.tr\/index.php\/urun\/bilge-kopek-tasiniyor\/"},"modified":"2026-04-16T02:54:36","modified_gmt":"2026-04-15T23:54:36","slug":"bilge-kopek-tasiniyor","status":"publish","type":"product","link":"https:\/\/roveyayinevi.com.tr\/index.php\/urun\/bilge-kopek-tasiniyor\/","title":{"rendered":"Bilge K\u00f6pek Ta\u015f\u0131n\u0131yor"},"content":{"rendered":"<p>Baba Pi\u015fi&#8217;nin de\u011fmeyin keyfine! Eski aksi, huysuz h\u00e2linden eser kalmam\u0131\u015f gibi g\u00f6r\u00fcn\u00fcyor. Neden mi? Yeni bir i\u015f teklifi ald\u0131 da ondan. Bu, Pi\u015fi ailesi i\u00e7in topyek\u00fbn yenilik demek. \u00dcst\u00fcne curcunal\u0131 bir ta\u015f\u0131nma maceras\u0131 da cabas\u0131! Yeni bir ev, yeni bir mahalle derken ev halk\u0131n\u0131 ve Bilge K\u00f6pek Merlin&#8217;i tatl\u0131 bir tela\u015f sar\u0131yor. Hepsinin kalbi p\u0131r p\u0131r, hepsi heyecanl\u0131. Tabii Beren hari\u00e7! Beren, do\u011fdu\u011fu evden, nice an\u0131lar biriktirdi\u011fi okulundan kopmak istemiyor. Ya\u015fam\u0131ndaki h\u0131zl\u0131 de\u011fi\u015fikliklere kolay ayak uyduramayaca\u011f\u0131ndan endi\u015fe ediyor. Ya yeni s\u0131n\u0131f arkada\u015flar\u0131 onu sevmezse? Ya her \u015fey eskisinden daha k\u00f6t\u00fc olursa? Ama bir dakika&#8230; Bu havlamalar da nesi? Merlin yine kimi koval\u0131yor dersiniz? Yok mu onu durduracak birileri? Ah Merlin, sen olmasayd\u0131n kim kurtaracakt\u0131 Pi\u015fileri, i\u00e7ine d\u00fc\u015ft\u00fckleri bu kaostan! Ta\u015f\u0131nmaya ba\u011fl\u0131 olarak ortaya \u00e7\u0131kan zorunlu de\u011fi\u015fimleri ve yeni bir d\u00fczene uyum sa\u011flama s\u00fcrecini keyifli bir anlat\u0131ya d\u00f6n\u00fc\u015ft\u00fcren Bilge K\u00f6pek&#8217;in bu ser\u00fcveni, al\u0131\u015fkanl\u0131klar\u0131m\u0131z\u0131n ve g\u00fcnl\u00fck rutinimizin ger\u00e7ekte hayat\u0131m\u0131z\u0131 nas\u0131l etkiledi\u011fini g\u00f6zler \u00f6n\u00fcne seriyor.  <\/p>\n","protected":false},"excerpt":{"rendered":"<p>Baba Pi\u015fi&#8217;nin de\u011fmeyin keyfine! Eski aksi, huysuz h\u00e2linden eser kalmam\u0131\u015f gibi g\u00f6r\u00fcn\u00fcyor. Neden mi? Yeni bir i\u015f teklifi ald\u0131 da ondan. Bu, Pi\u015fi ailesi i\u00e7in topyek\u00fbn<span class=\"excerpt-hellip\"> [\u2026]<\/span><\/p>\n","protected":false},"featured_media":0,"template":"","meta":{"_monsterinsights_skip_tracking":false,"_monsterinsights_sitenote_active":false,"_monsterinsights_sitenote_note":"","_monsterinsights_sitenote_category":0},"product_brand":[],"product_cat":[12689,12274],"product_tag":[],"class_list":{"0":"post-743179","1":"product","2":"type-product","3":"status-publish","5":"product_cat-cizgi-roman-cocuk-ve-genclik-kitaplari","6":"product_cat-cocuk-ve-genclik-kitaplari","7":"pa_cilt-ciltsiz","8":"pa_tur-kitap","9":"pa_yayinevi-tudem-yayinlari","10":"pa_yazar-meg-rosoff","12":"first","13":"instock","14":"sale","15":"shipping-taxable","16":"purchasable","17":"product-type-simple"},"_links":{"self":[{"href":"https:\/\/roveyayinevi.com.tr\/index.php\/wp-json\/wp\/v2\/product\/743179","targetHints":{"allow":["GET"]}}],"collection":[{"href":"https:\/\/roveyayinevi.com.tr\/index.php\/wp-json\/wp\/v2\/product"}],"about":[{"href":"https:\/\/roveyayinevi.com.tr\/index.php\/wp-json\/wp\/v2\/types\/product"}],"wp:attachment":[{"href":"https:\/\/roveyayinevi.com.tr\/index.php\/wp-json\/wp\/v2\/media?parent=743179"}],"wp:term":[{"taxonomy":"product_brand","embeddable":true,"href":"https:\/\/roveyayinevi.com.tr\/index.php\/wp-json\/wp\/v2\/product_brand?post=743179"},{"taxonomy":"product_cat","embeddable":true,"href":"https:\/\/roveyayinevi.com.tr\/index.php\/wp-json\/wp\/v2\/product_cat?post=743179"},{"taxonomy":"product_tag","embeddable":true,"href":"https:\/\/roveyayinevi.com.tr\/index.php\/wp-json\/wp\/v2\/product_tag?post=743179"}],"curies":[{"name":"wp","href":"https:\/\/api.w.org\/{rel}","templated":true}]}}