{"id":743175,"date":"2025-08-28T01:29:10","date_gmt":"2025-08-27T22:29:10","guid":{"rendered":"https:\/\/roveyayinevi.com.tr\/index.php\/urun\/esrarli-ada-6\/"},"modified":"2026-04-16T02:54:35","modified_gmt":"2026-04-15T23:54:35","slug":"esrarli-ada-6","status":"publish","type":"product","link":"https:\/\/roveyayinevi.com.tr\/index.php\/urun\/esrarli-ada-6\/","title":{"rendered":"Esrarl\u0131 Ada"},"content":{"rendered":"<p>Y\u0131l 1865\u2026 G\u00fcnlerden 23 Mart\u2026 Saat dorde geliyor. Bu ak\u015fam\u00fcst\u00fc saatlerinde sonu olmayan bir \u00e7\u00f6le benzeyen okyanusun yakla\u015f\u0131k y\u00fcz, y\u00fcz elli metre \u00fcst\u00fcnde bir balon ilerliyordu. Bu balonun sepetinde be\u015f insan ve bir k\u00f6pek ne yapacaklar\u0131n\u0131 bilmez halde \u00f6l\u00fcmle m\u00fccadele ediyorlard\u0131. Balon bir yerinden delinmi\u015fti ve durmadan gaz ka\u00e7\u0131r\u0131yordu. Her ge\u00e7en dakika biraz daha al\u00e7alan balonun okyanusa d\u00fc\u015fmesine engel olmak isteyen bu be\u015f kiii, ceplerindeki ufak tefek e\u015fyalara kadar sepette bulunan her \u015feyi a\u015fa\u011f\u0131 atm\u0131\u015flard\u0131. Buna ra\u011fmen balon a\u011f\u0131r a\u011f\u0131r al\u00e7al\u0131yordu. Saniyede k\u0131rk alt\u0131 metre h\u0131zla yol alan bu balonun alt\u0131na ba\u011fl\u0131 olan sepetteki yolcular, be\u015f g\u00fcnd\u00fcr \u015fiddetli bir f\u0131rt\u0131nayla sars\u0131l\u0131yorlard\u0131. Her ge\u00e7en dakika dalgalar\u0131n korkun\u00e7 sesine daha da yakla\u015f\u0131yorlard\u0131. \u0130\u015fin en k\u00f6t\u00fc yan\u0131, hafifleyip y\u00fckselebilmek i\u00e7in a\u015fa\u011f\u0131 atacak hi\u00e7bir \u015fey kalmam\u0131\u015f.<\/p>\n","protected":false},"excerpt":{"rendered":"<p>Y\u0131l 1865\u2026 G\u00fcnlerden 23 Mart\u2026 Saat dorde geliyor. Bu ak\u015fam\u00fcst\u00fc saatlerinde sonu olmayan bir \u00e7\u00f6le benzeyen okyanusun yakla\u015f\u0131k y\u00fcz, y\u00fcz elli metre \u00fcst\u00fcnde bir balon ilerliyordu.<span class=\"excerpt-hellip\"> [\u2026]<\/span><\/p>\n","protected":false},"featured_media":0,"template":"","meta":{"_monsterinsights_skip_tracking":false,"_monsterinsights_sitenote_active":false,"_monsterinsights_sitenote_note":"","_monsterinsights_sitenote_category":0},"product_brand":[],"product_cat":[12274,12284],"product_tag":[],"class_list":{"0":"post-743175","1":"product","2":"type-product","3":"status-publish","5":"product_cat-cocuk-ve-genclik-kitaplari","6":"product_cat-hikayeler","7":"pa_cilt-ciltsiz","8":"pa_tur-kitap","9":"pa_yayinevi-platanus-publishing","10":"pa_yazar-jules-verne","12":"first","13":"instock","14":"sale","15":"shipping-taxable","16":"purchasable","17":"product-type-simple"},"_links":{"self":[{"href":"https:\/\/roveyayinevi.com.tr\/index.php\/wp-json\/wp\/v2\/product\/743175","targetHints":{"allow":["GET"]}}],"collection":[{"href":"https:\/\/roveyayinevi.com.tr\/index.php\/wp-json\/wp\/v2\/product"}],"about":[{"href":"https:\/\/roveyayinevi.com.tr\/index.php\/wp-json\/wp\/v2\/types\/product"}],"wp:attachment":[{"href":"https:\/\/roveyayinevi.com.tr\/index.php\/wp-json\/wp\/v2\/media?parent=743175"}],"wp:term":[{"taxonomy":"product_brand","embeddable":true,"href":"https:\/\/roveyayinevi.com.tr\/index.php\/wp-json\/wp\/v2\/product_brand?post=743175"},{"taxonomy":"product_cat","embeddable":true,"href":"https:\/\/roveyayinevi.com.tr\/index.php\/wp-json\/wp\/v2\/product_cat?post=743175"},{"taxonomy":"product_tag","embeddable":true,"href":"https:\/\/roveyayinevi.com.tr\/index.php\/wp-json\/wp\/v2\/product_tag?post=743175"}],"curies":[{"name":"wp","href":"https:\/\/api.w.org\/{rel}","templated":true}]}}