{"id":743174,"date":"2025-08-28T01:29:08","date_gmt":"2025-08-27T22:29:08","guid":{"rendered":"https:\/\/roveyayinevi.com.tr\/index.php\/urun\/orion\/"},"modified":"2026-04-13T03:01:13","modified_gmt":"2026-04-13T00:01:13","slug":"orion","status":"publish","type":"product","link":"https:\/\/roveyayinevi.com.tr\/index.php\/urun\/orion\/","title":{"rendered":"Orion"},"content":{"rendered":"<p>Denizler dalgalanacak, ak\u0131p gidecek \u00f6n\u00fcm\u00fczden. G\u00f6ky\u00fcz\u00fc ba\u015f\u0131m\u0131z\u0131n \u00fczerinden d\u00f6k\u00fcl\u00fcyor gibi olacak, Y\u00fcz\u00fcm\u00fcze d\u00fc\u015fen y\u0131ld\u0131zlar\u0131 sayaca\u011f\u0131z. Ya da belki bizi bekleyen g\u00fcnler, Y\u0131ld\u0131zlar\u0131m\u0131z\u0131n g\u00f6lgelerin aras\u0131nda yitip gidece\u011fi kadar karanl\u0131k, O g\u00f6lgeleri dostumuz bilece\u011fimiz kadar \u00e7aresiz olacak.   \u0130nsanl\u0131k siyaha al\u0131\u015fk\u0131n sevgilim, Bu zihinler, bu kalpler\u2026 D\u00fcnyal\u0131lar \u0131\u015f\u0131k g\u00f6rmemeye al\u0131\u015f\u0131k. Sava\u015flar, k\u0131tl\u0131k ve hastal\u0131klarla \u00e7alkalanan D\u00fcnya\u2019dan insanlar \u00e7oktan umudunu kesti. \u015eimdi bilimle do\u011fan yeni gezegen Skyera\u2019da hayat var. Binbir \u00e7e\u015fit a\u011fa\u00e7lar\u0131, durmaks\u0131z\u0131n \u015fak\u0131yan ku\u015flar\u0131 ve her daim mutluluk sa\u00e7an insanlar\u0131yla cenneti and\u0131ran bu gezegen insanl\u0131\u011f\u0131n son umudu.   Belki de insanl\u0131\u011f\u0131n son u\u00e7urumu.   Gizemlerle dolu gezegen Skyera\u2019da i\u015fler g\u00f6r\u00fcnd\u00fc\u011f\u00fc kadar masum de\u011fildir. \u0130\u00e7inde g\u00f6zya\u015flar\u0131ndan akan, sonsuz bir deniz oldu\u011fu s\u00f6ylenir. Bu denizde bo\u011fulmaya can atan, birbirinden habersiz iki g\u00fczel ruh\u2026 Sessiz bir vals m\u00fczi\u011fidir bu gece arkada \u00e7alan. K\u0131yamet \u00f6ncesinde ruhlar\u0131 dinlendiren tehlikeli bir bekleyi\u015f\u2026 \u201cBu dans\u0131 bana l\u00fctfeder misin minik y\u0131ld\u0131z\u0131m?\u201d <\/p>\n","protected":false},"excerpt":{"rendered":"<p>Denizler dalgalanacak, ak\u0131p gidecek \u00f6n\u00fcm\u00fczden. G\u00f6ky\u00fcz\u00fc ba\u015f\u0131m\u0131z\u0131n \u00fczerinden d\u00f6k\u00fcl\u00fcyor gibi olacak, Y\u00fcz\u00fcm\u00fcze d\u00fc\u015fen y\u0131ld\u0131zlar\u0131 sayaca\u011f\u0131z. Ya da belki bizi bekleyen g\u00fcnler, Y\u0131ld\u0131zlar\u0131m\u0131z\u0131n g\u00f6lgelerin aras\u0131nda yitip gidece\u011fi<span class=\"excerpt-hellip\"> [\u2026]<\/span><\/p>\n","protected":false},"featured_media":0,"template":"","meta":{"_monsterinsights_skip_tracking":false,"_monsterinsights_sitenote_active":false,"_monsterinsights_sitenote_note":"","_monsterinsights_sitenote_category":0},"product_brand":[],"product_cat":[12291,14777],"product_tag":[],"class_list":{"0":"post-743174","1":"product","2":"type-product","3":"status-publish","5":"product_cat-edebiyat","6":"product_cat-fantastik","7":"pa_cilt-ciltsiz","8":"pa_tur-kitap","9":"pa_yayinevi-marti-yayinlari","10":"pa_yazar-almina-taner","12":"first","13":"instock","14":"sale","15":"shipping-taxable","16":"purchasable","17":"product-type-simple"},"_links":{"self":[{"href":"https:\/\/roveyayinevi.com.tr\/index.php\/wp-json\/wp\/v2\/product\/743174","targetHints":{"allow":["GET"]}}],"collection":[{"href":"https:\/\/roveyayinevi.com.tr\/index.php\/wp-json\/wp\/v2\/product"}],"about":[{"href":"https:\/\/roveyayinevi.com.tr\/index.php\/wp-json\/wp\/v2\/types\/product"}],"wp:attachment":[{"href":"https:\/\/roveyayinevi.com.tr\/index.php\/wp-json\/wp\/v2\/media?parent=743174"}],"wp:term":[{"taxonomy":"product_brand","embeddable":true,"href":"https:\/\/roveyayinevi.com.tr\/index.php\/wp-json\/wp\/v2\/product_brand?post=743174"},{"taxonomy":"product_cat","embeddable":true,"href":"https:\/\/roveyayinevi.com.tr\/index.php\/wp-json\/wp\/v2\/product_cat?post=743174"},{"taxonomy":"product_tag","embeddable":true,"href":"https:\/\/roveyayinevi.com.tr\/index.php\/wp-json\/wp\/v2\/product_tag?post=743174"}],"curies":[{"name":"wp","href":"https:\/\/api.w.org\/{rel}","templated":true}]}}