{"id":743172,"date":"2025-08-28T01:29:06","date_gmt":"2025-08-27T22:29:06","guid":{"rendered":"https:\/\/roveyayinevi.com.tr\/index.php\/urun\/yuz-bilgelik-hikayesi\/"},"modified":"2026-04-16T02:54:35","modified_gmt":"2026-04-15T23:54:35","slug":"yuz-bilgelik-hikayesi","status":"publish","type":"product","link":"https:\/\/roveyayinevi.com.tr\/index.php\/urun\/yuz-bilgelik-hikayesi\/","title":{"rendered":"Y\u00fcz Bilgelik Hikayesi"},"content":{"rendered":"<p>\u201cO K\u0130, T\u00dcM PAD\u0130\u015eAHLARIN EN Y\u00dcCES\u0130;\u0130NSANO\u011eLU SANDI K\u0130 KAPALI KAPILARIN ARDINDADIRVAROLU\u015eUN K\u0130L\u0130TL\u0130 KONA\u011eI\u2019NDA;ANCAK DERV\u0130\u015e C\u00dcPPES\u0130N\u0130 KU\u015eANARAKB\u0130R SES DE AKTARAB\u0130L\u0130R HER \u015eEY\u0130N EN Y\u00dcCES\u0130\u2019N\u0130N MANASINI.\u201d Geleneksel manevi d\u00fc\u015f\u00fcnceyi modern d\u00fcnyaya uyarlayan en \u00f6nemli i\u015f\u00e7ilerden biri olan \u0130dris \u015eah taraf\u0131ndan derlenen Y\u00dcZ B\u0130LGEL\u0130K H\u0130K\u00c2YES\u0130, sufi okullar\u0131 taraf\u0131ndan, i\u00e7g\u00f6r\u00fcn\u00fcn s\u0131radan idrakin \u00f6tesine ge\u00e7mesi ve geli\u015fmesi i\u00e7in kullan\u0131lan hik\u00e2yeler, k\u0131ssalar ve anlat\u0131larla \u00f6r\u00fcl\u00fcd\u00fcr.Sufiler, bu e\u015fsiz anlat\u0131lar\u0131n, \u00f6\u011frencilerin zihinsel yap\u0131s\u0131n\u0131 de\u011fi\u015ftirmeye yard\u0131mc\u0131 oldu\u011funa inan\u0131rlar. Efl\u00e2k\u00ee\u2019nin Ariflerin Menk\u0131beleri\u2019nden ve Mevlana Celaleddin-i Rumi\u2019nin hayat\u0131, \u00f6\u011fretileri ve mucizelerine dair k\u0131ssalardan olu\u015fan bu kitap \u00f6zel bir koleksiyon olma niteli\u011fi ta\u015f\u0131yor. \u201c\u0130nsan\u0131, akl\u0131n\u0131 yeni bir \u015fekilde kullanmaya zorlayan bir kitap.\u201dNew York Times<\/p>\n","protected":false},"excerpt":{"rendered":"<p>\u201cO K\u0130, T\u00dcM PAD\u0130\u015eAHLARIN EN Y\u00dcCES\u0130;\u0130NSANO\u011eLU SANDI K\u0130 KAPALI KAPILARIN ARDINDADIRVAROLU\u015eUN K\u0130L\u0130TL\u0130 KONA\u011eI\u2019NDA;ANCAK DERV\u0130\u015e C\u00dcPPES\u0130N\u0130 KU\u015eANARAKB\u0130R SES DE AKTARAB\u0130L\u0130R HER \u015eEY\u0130N EN Y\u00dcCES\u0130\u2019N\u0130N MANASINI.\u201d Geleneksel manevi<span class=\"excerpt-hellip\"> [\u2026]<\/span><\/p>\n","protected":false},"featured_media":0,"template":"","meta":{"_monsterinsights_skip_tracking":false,"_monsterinsights_sitenote_active":false,"_monsterinsights_sitenote_note":"","_monsterinsights_sitenote_category":0},"product_brand":[],"product_cat":[12718,12719,12720],"product_tag":[],"class_list":{"0":"post-743172","1":"product","2":"type-product","3":"status-publish","5":"product_cat-din","6":"product_cat-islam","7":"product_cat-tasavvuf-mezhepler-tarikatlar","8":"pa_cilt-ciltsiz","9":"pa_tur-kitap","10":"pa_yayinevi-beyaz-baykus-yayinlari","11":"pa_yazar-idris-sah","13":"first","14":"instock","15":"sale","16":"shipping-taxable","17":"purchasable","18":"product-type-simple"},"_links":{"self":[{"href":"https:\/\/roveyayinevi.com.tr\/index.php\/wp-json\/wp\/v2\/product\/743172","targetHints":{"allow":["GET"]}}],"collection":[{"href":"https:\/\/roveyayinevi.com.tr\/index.php\/wp-json\/wp\/v2\/product"}],"about":[{"href":"https:\/\/roveyayinevi.com.tr\/index.php\/wp-json\/wp\/v2\/types\/product"}],"wp:attachment":[{"href":"https:\/\/roveyayinevi.com.tr\/index.php\/wp-json\/wp\/v2\/media?parent=743172"}],"wp:term":[{"taxonomy":"product_brand","embeddable":true,"href":"https:\/\/roveyayinevi.com.tr\/index.php\/wp-json\/wp\/v2\/product_brand?post=743172"},{"taxonomy":"product_cat","embeddable":true,"href":"https:\/\/roveyayinevi.com.tr\/index.php\/wp-json\/wp\/v2\/product_cat?post=743172"},{"taxonomy":"product_tag","embeddable":true,"href":"https:\/\/roveyayinevi.com.tr\/index.php\/wp-json\/wp\/v2\/product_tag?post=743172"}],"curies":[{"name":"wp","href":"https:\/\/api.w.org\/{rel}","templated":true}]}}