{"id":743171,"date":"2025-08-28T01:29:05","date_gmt":"2025-08-27T22:29:05","guid":{"rendered":"https:\/\/roveyayinevi.com.tr\/index.php\/urun\/karikaturler-uzerinden-turkiyenin-siyasal-ve-sosyal-analizi-2-dunya-savasi-donemi\/"},"modified":"2026-04-16T02:54:35","modified_gmt":"2026-04-15T23:54:35","slug":"karikaturler-uzerinden-turkiyenin-siyasal-ve-sosyal-analizi-2-dunya-savasi-donemi","status":"publish","type":"product","link":"https:\/\/roveyayinevi.com.tr\/index.php\/urun\/karikaturler-uzerinden-turkiyenin-siyasal-ve-sosyal-analizi-2-dunya-savasi-donemi\/","title":{"rendered":"Karikat\u00fcrler \u00dczerinden T\u00fcrkiye&#8217;nin Siyasal ve Sosyal Analizi 2. D\u00fcnya Sava\u015f\u0131 D\u00f6nemi"},"content":{"rendered":"<p>Karikat\u00fcrler \u00dczerinden T\u00fcrkiye&#8217;nin Siyasal ve Sosyal Analizi 2. D\u00fcnya Sava\u015f\u0131 D\u00f6nemiTan\u0131t\u0131m B\u00fclteni<\/p>\n","protected":false},"excerpt":{"rendered":"<p>Karikat\u00fcrler \u00dczerinden T\u00fcrkiye&#8217;nin Siyasal ve Sosyal Analizi 2. D\u00fcnya Sava\u015f\u0131 D\u00f6nemiTan\u0131t\u0131m B\u00fclteni<\/p>\n","protected":false},"featured_media":0,"template":"","meta":{"_monsterinsights_skip_tracking":false,"_monsterinsights_sitenote_active":false,"_monsterinsights_sitenote_note":"","_monsterinsights_sitenote_category":0},"product_brand":[],"product_cat":[13059,12337],"product_tag":[],"class_list":{"0":"post-743171","1":"product","2":"type-product","3":"status-publish","5":"product_cat-diger-politika-siyaset","6":"product_cat-politika-siyaset","7":"pa_cilt-ciltsiz","8":"pa_tur-kitap","9":"pa_yayinevi-soncag-akademik-kitaplar","10":"pa_yazar-dr-umit-ozen","12":"first","13":"instock","14":"sale","15":"shipping-taxable","16":"purchasable","17":"product-type-simple"},"_links":{"self":[{"href":"https:\/\/roveyayinevi.com.tr\/index.php\/wp-json\/wp\/v2\/product\/743171","targetHints":{"allow":["GET"]}}],"collection":[{"href":"https:\/\/roveyayinevi.com.tr\/index.php\/wp-json\/wp\/v2\/product"}],"about":[{"href":"https:\/\/roveyayinevi.com.tr\/index.php\/wp-json\/wp\/v2\/types\/product"}],"wp:attachment":[{"href":"https:\/\/roveyayinevi.com.tr\/index.php\/wp-json\/wp\/v2\/media?parent=743171"}],"wp:term":[{"taxonomy":"product_brand","embeddable":true,"href":"https:\/\/roveyayinevi.com.tr\/index.php\/wp-json\/wp\/v2\/product_brand?post=743171"},{"taxonomy":"product_cat","embeddable":true,"href":"https:\/\/roveyayinevi.com.tr\/index.php\/wp-json\/wp\/v2\/product_cat?post=743171"},{"taxonomy":"product_tag","embeddable":true,"href":"https:\/\/roveyayinevi.com.tr\/index.php\/wp-json\/wp\/v2\/product_tag?post=743171"}],"curies":[{"name":"wp","href":"https:\/\/api.w.org\/{rel}","templated":true}]}}