{"id":743169,"date":"2025-08-28T01:29:03","date_gmt":"2025-08-27T22:29:03","guid":{"rendered":"https:\/\/roveyayinevi.com.tr\/index.php\/urun\/mogol-kanunlari\/"},"modified":"2026-04-16T02:54:35","modified_gmt":"2026-04-15T23:54:35","slug":"mogol-kanunlari","status":"publish","type":"product","link":"https:\/\/roveyayinevi.com.tr\/index.php\/urun\/mogol-kanunlari\/","title":{"rendered":"Mo\u011fol Kanunlar\u0131"},"content":{"rendered":"<p>Orta Asyal\u0131 g\u00f6\u00e7ebe bir milletin hukuku olmak bak\u0131m\u0131ndan Mo\u011fol hukukunun eski T\u00fcrk hukuku ile m\u00fc\u015fterek bir\u00e7ok noktas\u0131 oldu\u011fu muhakkakt\u0131r. Ayr\u0131ca Cengiz\u2019in kurmu\u015f oldu\u011fu b\u00fcy\u00fck imparatorlu\u011fun s\u0131n\u0131rlar\u0131 i\u00e7inde bir\u00e7ok T\u00fcrk boyu ve devleti de kalm\u0131\u015f oldu\u011fundan bu hukuk bundan sonraki T\u00fcrk hukukuna do\u011frudan do\u011fruya tesir de etmi\u015ftir. Bundan \u00f6t\u00fcr\u00fc bu hukukun temelini te\u015fkil eden kanunlardan \u015fimdiye kadar ele ge\u00e7enleri, Dr. Curt Alinge\u2019nin, i\u00e7inde sistematik bir \u015fekilde toplam\u0131\u015f ve incelemi\u015f oldu\u011fu ve Leipzig\u2019de 1934 y\u0131l\u0131nda yay\u0131nlanm\u0131\u015f bulunan Mongolische Gesetze, Darstellung des geschriebenen mongolischen Rechts adl\u0131 eserini T\u00fcrk\u00e7eye \u00e7evirmekle T\u00fcrk hukuk tarihi ara\u015ft\u0131rmalar\u0131 yolunda faydal\u0131 bir i\u015f yapt\u0131\u011f\u0131m\u0131z kanaatindeyiz. \u2012Co\u015fkun \u00dc\u00e7ok<\/p>\n","protected":false},"excerpt":{"rendered":"<p>Orta Asyal\u0131 g\u00f6\u00e7ebe bir milletin hukuku olmak bak\u0131m\u0131ndan Mo\u011fol hukukunun eski T\u00fcrk hukuku ile m\u00fc\u015fterek bir\u00e7ok noktas\u0131 oldu\u011fu muhakkakt\u0131r. Ayr\u0131ca Cengiz\u2019in kurmu\u015f oldu\u011fu b\u00fcy\u00fck imparatorlu\u011fun s\u0131n\u0131rlar\u0131<span class=\"excerpt-hellip\"> [\u2026]<\/span><\/p>\n","protected":false},"featured_media":0,"template":"","meta":{"_monsterinsights_skip_tracking":false,"_monsterinsights_sitenote_active":false,"_monsterinsights_sitenote_note":"","_monsterinsights_sitenote_category":0},"product_brand":[],"product_cat":[12304,13650],"product_tag":[],"class_list":{"0":"post-743169","1":"product","2":"type-product","3":"status-publish","5":"product_cat-tarih","6":"product_cat-turk-tarihi-arastirmalari","7":"pa_cilt-ciltsiz","8":"pa_tur-kitap","9":"pa_yayinevi-bilge-kultur-sanat","10":"pa_yazar-dr-curt-alinge","12":"first","13":"instock","14":"sale","15":"shipping-taxable","16":"purchasable","17":"product-type-simple"},"_links":{"self":[{"href":"https:\/\/roveyayinevi.com.tr\/index.php\/wp-json\/wp\/v2\/product\/743169","targetHints":{"allow":["GET"]}}],"collection":[{"href":"https:\/\/roveyayinevi.com.tr\/index.php\/wp-json\/wp\/v2\/product"}],"about":[{"href":"https:\/\/roveyayinevi.com.tr\/index.php\/wp-json\/wp\/v2\/types\/product"}],"wp:attachment":[{"href":"https:\/\/roveyayinevi.com.tr\/index.php\/wp-json\/wp\/v2\/media?parent=743169"}],"wp:term":[{"taxonomy":"product_brand","embeddable":true,"href":"https:\/\/roveyayinevi.com.tr\/index.php\/wp-json\/wp\/v2\/product_brand?post=743169"},{"taxonomy":"product_cat","embeddable":true,"href":"https:\/\/roveyayinevi.com.tr\/index.php\/wp-json\/wp\/v2\/product_cat?post=743169"},{"taxonomy":"product_tag","embeddable":true,"href":"https:\/\/roveyayinevi.com.tr\/index.php\/wp-json\/wp\/v2\/product_tag?post=743169"}],"curies":[{"name":"wp","href":"https:\/\/api.w.org\/{rel}","templated":true}]}}