{"id":743163,"date":"2025-08-28T01:28:56","date_gmt":"2025-08-27T22:28:56","guid":{"rendered":"https:\/\/roveyayinevi.com.tr\/index.php\/urun\/kalbimi-bese-kur\/"},"modified":"2026-04-16T02:54:35","modified_gmt":"2026-04-15T23:54:35","slug":"kalbimi-bese-kur","status":"publish","type":"product","link":"https:\/\/roveyayinevi.com.tr\/index.php\/urun\/kalbimi-bese-kur\/","title":{"rendered":"Kalbimi Be\u015fe Kur"},"content":{"rendered":"<p>Ben bir robottum ve mutluydum! Kalbi dolu bir ekmek k\u0131zartma makinesiydim! Mekanik bir pompadaki gibi bir kalbi kastetmiyorum! Mecazi bir duygu kovas\u0131ndaki bir kalpten bahsediyorum! Mutlu, k\u00fc\u00e7\u00fck kalbimi be\u015fe kurun!   Jared, Michigan\u2019\u0131n k\u00fc\u00e7\u00fck bir kasabas\u0131nda di\u015f hekimi olarak \u00e7al\u0131\u015fmaktad\u0131r. Hayat\u0131 tamamen normal denebilir; bir \u015fey hari\u00e7\u2026 O, ger\u00e7ek bir insan gibi g\u00f6r\u00fcnmek ve davranmak i\u00e7in insan DNA\u2019s\u0131yla tasarlanm\u0131\u015f bir robottur.   Bir g\u00fcn, nostaljik film g\u00f6sterimi s\u0131ras\u0131nda Jared g\u00f6zlerinin \u00e7evresinde bir gariplik hisseder. Robotlar\u0131n hissedemeyece\u011fini herkes bilir ancak \u0131\u015f\u0131klar a\u00e7\u0131ld\u0131\u011f\u0131nda bu ilgin\u00e7 robot a\u011flad\u0131\u011f\u0131ndan emindir. Kafas\u0131 kar\u0131\u015fm\u0131\u015ft\u0131r, neler oldu\u011funu anlamak i\u00e7in daha fazla eski yap\u0131m film izlemeye karar verir ve bu s\u00fcre\u00e7, varl\u0131\u011f\u0131n\u0131 y\u00fckselten duygusal bir uyan\u0131\u015fa yol a\u00e7ar. G\u00f6r\u00fcn\u00fc\u015fe g\u00f6re Jared ger\u00e7ekten de bir insan gibi hissedebilmektedir. Bir dizi duygunun \u00fcstesinden gelen ve yak\u0131n bir s\u0131f\u0131rlamayla kar\u015f\u0131 kar\u015f\u0131ya kalan Jared, ger\u00e7ek ba\u011flant\u0131lar kurmaya kararl\u0131 bir \u015fekilde yola \u00e7\u0131kar. Onu yaratan programc\u0131y\u0131, yani annesini bulmak i\u00e7in can atmaktad\u0131r. D\u00fcnyay\u0131 de\u011fi\u015ftirecek bir senaryo yazmay\u0131 dahi hayal etmektedir, hatta bu s\u0131rada \u00e2\u015f\u0131k bile olmu\u015ftur. Duygu \u00c7ark\u0131 bile, i\u00e7inde bulundu\u011fu duygusal may\u0131n tarlas\u0131nda ona rehberlik edemez hale gelir. Hissedebilen bir robot, ka\u00e7\u0131n\u0131lmaz olarak tehlikeleri de beraberinde getirebilir ve Jared\u2019\u0131n yeni hayat\u0131 ba\u015flamadan sona erebilir. <\/p>\n","protected":false},"excerpt":{"rendered":"<p>Ben bir robottum ve mutluydum! Kalbi dolu bir ekmek k\u0131zartma makinesiydim! Mekanik bir pompadaki gibi bir kalbi kastetmiyorum! Mecazi bir duygu kovas\u0131ndaki bir kalpten bahsediyorum! Mutlu,<span class=\"excerpt-hellip\"> [\u2026]<\/span><\/p>\n","protected":false},"featured_media":0,"template":"","meta":{"_monsterinsights_skip_tracking":false,"_monsterinsights_sitenote_active":false,"_monsterinsights_sitenote_note":"","_monsterinsights_sitenote_category":0},"product_brand":[],"product_cat":[12540,12291],"product_tag":[],"class_list":{"0":"post-743163","1":"product","2":"type-product","3":"status-publish","5":"product_cat-bilim-kurgu","6":"product_cat-edebiyat","7":"pa_cilt-ciltsiz","8":"pa_tur-kitap","9":"pa_yayinevi-marti-yayinlari","10":"pa_yazar-simon-stephenson","12":"first","13":"instock","14":"sale","15":"shipping-taxable","16":"purchasable","17":"product-type-simple"},"_links":{"self":[{"href":"https:\/\/roveyayinevi.com.tr\/index.php\/wp-json\/wp\/v2\/product\/743163","targetHints":{"allow":["GET"]}}],"collection":[{"href":"https:\/\/roveyayinevi.com.tr\/index.php\/wp-json\/wp\/v2\/product"}],"about":[{"href":"https:\/\/roveyayinevi.com.tr\/index.php\/wp-json\/wp\/v2\/types\/product"}],"wp:attachment":[{"href":"https:\/\/roveyayinevi.com.tr\/index.php\/wp-json\/wp\/v2\/media?parent=743163"}],"wp:term":[{"taxonomy":"product_brand","embeddable":true,"href":"https:\/\/roveyayinevi.com.tr\/index.php\/wp-json\/wp\/v2\/product_brand?post=743163"},{"taxonomy":"product_cat","embeddable":true,"href":"https:\/\/roveyayinevi.com.tr\/index.php\/wp-json\/wp\/v2\/product_cat?post=743163"},{"taxonomy":"product_tag","embeddable":true,"href":"https:\/\/roveyayinevi.com.tr\/index.php\/wp-json\/wp\/v2\/product_tag?post=743163"}],"curies":[{"name":"wp","href":"https:\/\/api.w.org\/{rel}","templated":true}]}}