{"id":743161,"date":"2025-08-28T01:28:54","date_gmt":"2025-08-27T22:28:54","guid":{"rendered":"https:\/\/roveyayinevi.com.tr\/index.php\/urun\/roma-tarihi-3\/"},"modified":"2026-04-16T02:54:35","modified_gmt":"2026-04-15T23:54:35","slug":"roma-tarihi-3","status":"publish","type":"product","link":"https:\/\/roveyayinevi.com.tr\/index.php\/urun\/roma-tarihi-3\/","title":{"rendered":"Roma Tarihi"},"content":{"rendered":"<p>\u0130kinci ve \u00dc\u00e7\u00fcnc\u00fc Kartaca Sava\u015flar\u0131 esnas\u0131nda Roma\u2019n\u0131n Afrika\u2019daki t\u00fcm asker\u00ee faaliyetlerinin anlat\u0131m\u0131 bu kitapta yer al\u0131yor. \u0130kinci Kartaca Sava\u015f\u0131yla g\u00fc\u00e7ten d\u00fc\u015fm\u00fc\u015f olan Kartaca\u2019n\u0131n y\u0131k\u0131lmas\u0131 \u00fczerine yap\u0131lan senatus tart\u0131\u015fmalar\u0131, Kartaca\u2019n\u0131n k\u0131sa s\u00fcrede yeniden g\u00fc\u00e7 kazanmas\u0131, Syphaks ve Massinissa gibi yerel Numidia liderlerinin bu sava\u015flardaki rol\u00fc ve nihayetinde Kartaca\u2019n\u0131n y\u0131k\u0131lmas\u0131na kadar ya\u015fanan t\u00fcm olaylar, Appianos taraf\u0131ndan detayl\u0131 bir \u015fekilde aktar\u0131l\u0131yor.<\/p>\n","protected":false},"excerpt":{"rendered":"<p>\u0130kinci ve \u00dc\u00e7\u00fcnc\u00fc Kartaca Sava\u015flar\u0131 esnas\u0131nda Roma\u2019n\u0131n Afrika\u2019daki t\u00fcm asker\u00ee faaliyetlerinin anlat\u0131m\u0131 bu kitapta yer al\u0131yor. \u0130kinci Kartaca Sava\u015f\u0131yla g\u00fc\u00e7ten d\u00fc\u015fm\u00fc\u015f olan Kartaca\u2019n\u0131n y\u0131k\u0131lmas\u0131 \u00fczerine yap\u0131lan<span class=\"excerpt-hellip\"> [\u2026]<\/span><\/p>\n","protected":false},"featured_media":0,"template":"","meta":{"_monsterinsights_skip_tracking":false,"_monsterinsights_sitenote_active":false,"_monsterinsights_sitenote_note":"","_monsterinsights_sitenote_category":0},"product_brand":[],"product_cat":[12312,12304],"product_tag":[],"class_list":{"0":"post-743161","1":"product","2":"type-product","3":"status-publish","5":"product_cat-diger","6":"product_cat-tarih","7":"pa_cilt-ciltsiz","8":"pa_tur-kitap","9":"pa_yayinevi-pinhan-yayincilik","10":"pa_yazar-appianos","12":"first","13":"instock","14":"sale","15":"shipping-taxable","16":"purchasable","17":"product-type-simple"},"_links":{"self":[{"href":"https:\/\/roveyayinevi.com.tr\/index.php\/wp-json\/wp\/v2\/product\/743161","targetHints":{"allow":["GET"]}}],"collection":[{"href":"https:\/\/roveyayinevi.com.tr\/index.php\/wp-json\/wp\/v2\/product"}],"about":[{"href":"https:\/\/roveyayinevi.com.tr\/index.php\/wp-json\/wp\/v2\/types\/product"}],"wp:attachment":[{"href":"https:\/\/roveyayinevi.com.tr\/index.php\/wp-json\/wp\/v2\/media?parent=743161"}],"wp:term":[{"taxonomy":"product_brand","embeddable":true,"href":"https:\/\/roveyayinevi.com.tr\/index.php\/wp-json\/wp\/v2\/product_brand?post=743161"},{"taxonomy":"product_cat","embeddable":true,"href":"https:\/\/roveyayinevi.com.tr\/index.php\/wp-json\/wp\/v2\/product_cat?post=743161"},{"taxonomy":"product_tag","embeddable":true,"href":"https:\/\/roveyayinevi.com.tr\/index.php\/wp-json\/wp\/v2\/product_tag?post=743161"}],"curies":[{"name":"wp","href":"https:\/\/api.w.org\/{rel}","templated":true}]}}