{"id":743160,"date":"2025-08-28T01:28:53","date_gmt":"2025-08-27T22:28:53","guid":{"rendered":"https:\/\/roveyayinevi.com.tr\/index.php\/urun\/parva-naturalia-2\/"},"modified":"2026-04-16T02:54:35","modified_gmt":"2026-04-15T23:54:35","slug":"parva-naturalia-2","status":"publish","type":"product","link":"https:\/\/roveyayinevi.com.tr\/index.php\/urun\/parva-naturalia-2\/","title":{"rendered":"Parva Naturalia"},"content":{"rendered":"<p>Aristoteles&#8217;in Ruh \u00dczerine eserinin devam\u0131 ve\/veya ikinci cildi olan bu eser Do\u011fa \u0130ncelemeleri ya da Parva Naturalia ba\u015fl\u0131\u011f\u0131 alt\u0131nda toplanm\u0131\u015f kitap\u00e7\u0131klardan olu\u015fuyor. Filozofun psikoloji ve biyoloji eserlerini anlamak i\u00e7in bir anahtar olan Parva Naturalia, duyumsama, bellek, an\u0131msama, hayal g\u00fcc\u00fc, uyku, uyan\u0131kl\u0131k, r\u00fcya, r\u00fcyada gelece\u011fi g\u00f6rme, uzun ya\u015fam, gen\u00e7lik, ya\u015fl\u0131l\u0131k, ya\u015fam, \u00f6l\u00fcm, vb. gibi ilgi \u00e7ekici meseleleri a\u00e7\u0131kl\u0131\u011fa kavu\u015fturuyor. <\/p>\n","protected":false},"excerpt":{"rendered":"<p>Aristoteles&#8217;in Ruh \u00dczerine eserinin devam\u0131 ve\/veya ikinci cildi olan bu eser Do\u011fa \u0130ncelemeleri ya da Parva Naturalia ba\u015fl\u0131\u011f\u0131 alt\u0131nda toplanm\u0131\u015f kitap\u00e7\u0131klardan olu\u015fuyor. Filozofun psikoloji ve biyoloji<span class=\"excerpt-hellip\"> [\u2026]<\/span><\/p>\n","protected":false},"featured_media":0,"template":"","meta":{"_monsterinsights_skip_tracking":false,"_monsterinsights_sitenote_active":false,"_monsterinsights_sitenote_note":"","_monsterinsights_sitenote_category":0},"product_brand":[],"product_cat":[16038,12388],"product_tag":[],"class_list":{"0":"post-743160","1":"product","2":"type-product","3":"status-publish","5":"product_cat-arastirma-inceleme-referans-felsefe","6":"product_cat-felsefe","7":"pa_cilt-ciltsiz","8":"pa_tur-kitap","9":"pa_yayinevi-pinhan-yayincilik","10":"pa_yazar-aristoteles","12":"first","13":"instock","14":"sale","15":"shipping-taxable","16":"purchasable","17":"product-type-simple"},"_links":{"self":[{"href":"https:\/\/roveyayinevi.com.tr\/index.php\/wp-json\/wp\/v2\/product\/743160","targetHints":{"allow":["GET"]}}],"collection":[{"href":"https:\/\/roveyayinevi.com.tr\/index.php\/wp-json\/wp\/v2\/product"}],"about":[{"href":"https:\/\/roveyayinevi.com.tr\/index.php\/wp-json\/wp\/v2\/types\/product"}],"wp:attachment":[{"href":"https:\/\/roveyayinevi.com.tr\/index.php\/wp-json\/wp\/v2\/media?parent=743160"}],"wp:term":[{"taxonomy":"product_brand","embeddable":true,"href":"https:\/\/roveyayinevi.com.tr\/index.php\/wp-json\/wp\/v2\/product_brand?post=743160"},{"taxonomy":"product_cat","embeddable":true,"href":"https:\/\/roveyayinevi.com.tr\/index.php\/wp-json\/wp\/v2\/product_cat?post=743160"},{"taxonomy":"product_tag","embeddable":true,"href":"https:\/\/roveyayinevi.com.tr\/index.php\/wp-json\/wp\/v2\/product_tag?post=743160"}],"curies":[{"name":"wp","href":"https:\/\/api.w.org\/{rel}","templated":true}]}}