{"id":743157,"date":"2025-08-28T01:28:49","date_gmt":"2025-08-27T22:28:49","guid":{"rendered":"https:\/\/roveyayinevi.com.tr\/index.php\/urun\/kargocu-kozi\/"},"modified":"2026-04-16T02:54:35","modified_gmt":"2026-04-15T23:54:35","slug":"kargocu-kozi","status":"publish","type":"product","link":"https:\/\/roveyayinevi.com.tr\/index.php\/urun\/kargocu-kozi\/","title":{"rendered":"Kargocu Kozi"},"content":{"rendered":"<p>Sabah\u0131n ilk saatleri, Kargocu Kozi\u2019nin i\u015fi ba\u015f\u0131ndan a\u015fk\u0131n. Bir s\u00fcr\u00fc paket onu bekliyor ama hi\u00e7 sorun de\u011fil! \u00c7\u00fcnk\u00fc Kozi i\u015fini \u00e7ok seviyor. Ya\u011fmur \u00e7amur dinlemeden evden eve y\u00fcr\u00fcr, d\u00fckk\u00e2ndan d\u00fckk\u00e2na ta\u015f\u0131r, \u00e7evikli\u011fiyle paketleri hep do\u011fru yere ula\u015ft\u0131r\u0131r. Ancak ya\u011fmurlu bir sabah adres listesi \u0131slan\u0131nca, i\u015fler biraz kar\u0131\u015f\u0131r. Sizce Kozi bu i\u015fin i\u00e7inden \u00e7\u0131kabilecek mi?<\/p>\n","protected":false},"excerpt":{"rendered":"<p>Sabah\u0131n ilk saatleri, Kargocu Kozi\u2019nin i\u015fi ba\u015f\u0131ndan a\u015fk\u0131n. Bir s\u00fcr\u00fc paket onu bekliyor ama hi\u00e7 sorun de\u011fil! \u00c7\u00fcnk\u00fc Kozi i\u015fini \u00e7ok seviyor. Ya\u011fmur \u00e7amur dinlemeden evden<span class=\"excerpt-hellip\"> [\u2026]<\/span><\/p>\n","protected":false},"featured_media":0,"template":"","meta":{"_monsterinsights_skip_tracking":false,"_monsterinsights_sitenote_active":false,"_monsterinsights_sitenote_note":"","_monsterinsights_sitenote_category":0},"product_brand":[],"product_cat":[12291,12711],"product_tag":[],"class_list":{"0":"post-743157","1":"product","2":"type-product","3":"status-publish","5":"product_cat-edebiyat","6":"product_cat-roman-oyku","7":"pa_cilt-ciltsiz","8":"pa_tur-kitap","9":"pa_yayinevi-mundi","10":"pa_yazar-gulsen-manisali","12":"first","13":"instock","14":"sale","15":"shipping-taxable","16":"purchasable","17":"product-type-simple"},"_links":{"self":[{"href":"https:\/\/roveyayinevi.com.tr\/index.php\/wp-json\/wp\/v2\/product\/743157","targetHints":{"allow":["GET"]}}],"collection":[{"href":"https:\/\/roveyayinevi.com.tr\/index.php\/wp-json\/wp\/v2\/product"}],"about":[{"href":"https:\/\/roveyayinevi.com.tr\/index.php\/wp-json\/wp\/v2\/types\/product"}],"wp:attachment":[{"href":"https:\/\/roveyayinevi.com.tr\/index.php\/wp-json\/wp\/v2\/media?parent=743157"}],"wp:term":[{"taxonomy":"product_brand","embeddable":true,"href":"https:\/\/roveyayinevi.com.tr\/index.php\/wp-json\/wp\/v2\/product_brand?post=743157"},{"taxonomy":"product_cat","embeddable":true,"href":"https:\/\/roveyayinevi.com.tr\/index.php\/wp-json\/wp\/v2\/product_cat?post=743157"},{"taxonomy":"product_tag","embeddable":true,"href":"https:\/\/roveyayinevi.com.tr\/index.php\/wp-json\/wp\/v2\/product_tag?post=743157"}],"curies":[{"name":"wp","href":"https:\/\/api.w.org\/{rel}","templated":true}]}}