{"id":743156,"date":"2025-08-28T01:28:48","date_gmt":"2025-08-27T22:28:48","guid":{"rendered":"https:\/\/roveyayinevi.com.tr\/index.php\/urun\/balonla-bes-hafta-11\/"},"modified":"2026-04-16T02:54:35","modified_gmt":"2026-04-15T23:54:35","slug":"balonla-bes-hafta-11","status":"publish","type":"product","link":"https:\/\/roveyayinevi.com.tr\/index.php\/urun\/balonla-bes-hafta-11\/","title":{"rendered":"Balonla Be\u015f Hafta"},"content":{"rendered":"<p>Hem bilgin hem k\u00e2\u015fif Dr. Samuel Fergusson, yard\u0131mc\u0131s\u0131 Joe ve yak\u0131n arkada\u015f\u0131 avc\u0131 Kennedy\u2019yle beraber Afrika\u2019n\u0131n el de\u011fmemi\u015f yerlerini ke\u015ffetmek \u00fczere hidrojen dolu bir balonla yola \u00e7\u0131kar. Zanzibar\u2019da ba\u015flayan yolculuk, Sahra \u00c7\u00f6l\u00fc\u2019nden \u00c7ad\u2019a, Timbuktu\u2019dan St. Louis\u2019e ve as\u0131l hedef olan Nil Nehri\u2019ne kadar uzan\u0131r. Bu gizemli co\u011frafyan\u0131n sundu\u011fu t\u00fcm do\u011fal g\u00fczellikler gezginleri hem b\u00fcy\u00fcler hem de onlar\u0131 birtak\u0131m zorluklarla kar\u015f\u0131 kar\u015f\u0131ya b\u0131rak\u0131r: kabileler, f\u0131rt\u0131nalar, vah\u015fi do\u011fa, susuzluk&#8230; Ancak k\u00e2\u015fifler \u015fansl\u0131 olacaklar ki r\u00fczg\u00e2r hep zaman\u0131nda yeti\u015fir!   Jules Verne kendine has mizah\u0131 ve macerac\u0131 ruhuyla,yay\u0131mlanan ilk roman\u0131 Balonla Be\u015f Hafta\u2019da okuru unutamayaca\u011f\u0131 bir ser\u00fcvenle ba\u015f ba\u015fa b\u0131rak\u0131yor. <\/p>\n","protected":false},"excerpt":{"rendered":"<p>Hem bilgin hem k\u00e2\u015fif Dr. Samuel Fergusson, yard\u0131mc\u0131s\u0131 Joe ve yak\u0131n arkada\u015f\u0131 avc\u0131 Kennedy\u2019yle beraber Afrika\u2019n\u0131n el de\u011fmemi\u015f yerlerini ke\u015ffetmek \u00fczere hidrojen dolu bir balonla yola<span class=\"excerpt-hellip\"> [\u2026]<\/span><\/p>\n","protected":false},"featured_media":0,"template":"","meta":{"_monsterinsights_skip_tracking":false,"_monsterinsights_sitenote_active":false,"_monsterinsights_sitenote_note":"","_monsterinsights_sitenote_category":0},"product_brand":[],"product_cat":[12291,12711],"product_tag":[],"class_list":{"0":"post-743156","1":"product","2":"type-product","3":"status-publish","5":"product_cat-edebiyat","6":"product_cat-roman-oyku","7":"pa_cilt-ciltsiz","8":"pa_tur-kitap","9":"pa_yayinevi-mundi","10":"pa_yazar-jules-verne","12":"first","13":"instock","14":"sale","15":"shipping-taxable","16":"purchasable","17":"product-type-simple"},"_links":{"self":[{"href":"https:\/\/roveyayinevi.com.tr\/index.php\/wp-json\/wp\/v2\/product\/743156","targetHints":{"allow":["GET"]}}],"collection":[{"href":"https:\/\/roveyayinevi.com.tr\/index.php\/wp-json\/wp\/v2\/product"}],"about":[{"href":"https:\/\/roveyayinevi.com.tr\/index.php\/wp-json\/wp\/v2\/types\/product"}],"wp:attachment":[{"href":"https:\/\/roveyayinevi.com.tr\/index.php\/wp-json\/wp\/v2\/media?parent=743156"}],"wp:term":[{"taxonomy":"product_brand","embeddable":true,"href":"https:\/\/roveyayinevi.com.tr\/index.php\/wp-json\/wp\/v2\/product_brand?post=743156"},{"taxonomy":"product_cat","embeddable":true,"href":"https:\/\/roveyayinevi.com.tr\/index.php\/wp-json\/wp\/v2\/product_cat?post=743156"},{"taxonomy":"product_tag","embeddable":true,"href":"https:\/\/roveyayinevi.com.tr\/index.php\/wp-json\/wp\/v2\/product_tag?post=743156"}],"curies":[{"name":"wp","href":"https:\/\/api.w.org\/{rel}","templated":true}]}}