{"id":743154,"date":"2025-08-28T01:28:45","date_gmt":"2025-08-27T22:28:45","guid":{"rendered":"https:\/\/roveyayinevi.com.tr\/index.php\/urun\/radyo-hld-sonsuzluk-bagi-antoloji-siirler-2\/"},"modified":"2026-04-16T02:54:35","modified_gmt":"2026-04-15T23:54:35","slug":"radyo-hld-sonsuzluk-bagi-antoloji-siirler-2","status":"publish","type":"product","link":"https:\/\/roveyayinevi.com.tr\/index.php\/urun\/radyo-hld-sonsuzluk-bagi-antoloji-siirler-2\/","title":{"rendered":"Radyo HLD Sonsuzluk Ba\u011f\u0131 Antoloji \u015eiirler-2"},"content":{"rendered":"<p>Sonsuzluk Ba\u011f\u0131 Antoloji \u015eiirler-2 kitab\u0131m\u0131zda \u015fiire g\u00f6n\u00fcl vermi\u015f her biri ayr\u0131 de\u011ferli yirmi \u00fc\u00e7 farkl\u0131 \u015fairimizin y\u00fcrekten d\u00f6k\u00fclenlerinle bulu\u015fturmak b\u00fcy\u00fck ayr\u0131cal\u0131k. Sevgiyle at\u0131lan her ad\u0131m sonsuzlukta yerini al\u0131r dedik ve kenetlendik \u015fiir y\u00fcre\u011fimizle. \u00d6zenle haz\u0131rland\u0131\u011f\u0131m\u0131z edebiyat yolculu\u011funda rengarenk bir yelpazeyle \u015fiir y\u00fcreklerde soluk alman\u0131n k\u0131vanc\u0131yla doluyuz.   Biz biliyoruz ki eserler sahiplerinden uzun ya\u015far. Bu nedenle, yar\u0131nlara bug\u00fcnlerden \u00f6l\u00fcms\u00fcz bir nefes b\u0131rakman\u0131n gururunday\u0131z. \u015eahidi olaca\u011f\u0131n\u0131z bu yolculukta, heybenize sonsuz mutluluk dolmas\u0131 dile\u011fimizle!..   SONSUZLUK BA\u011eI ANTOLOJ\u0130 \u015e\u0130\u0130RLER-1 ve \u015e\u0130\u0130RLER-2 dostluk ba\u011f\u0131n\u0131n kurulmas\u0131nda eme\u011fini hi\u00e7 esirgemeyen RADYO HLD kurucusu Hakan \u00c7akmak\u00e7\u0131lar\u2019a, sevgili e\u015fi Semra Ayd\u0131n \u00c7akmak\u00e7\u0131lar\u2019a \u00e7ok te\u015fekk\u00fcr ediyoruz. \u00d6m\u00fcr boyu dostlu\u011fa diyoruz.   Hep \u015fiirle&#8230; <\/p>\n","protected":false},"excerpt":{"rendered":"<p>Sonsuzluk Ba\u011f\u0131 Antoloji \u015eiirler-2 kitab\u0131m\u0131zda \u015fiire g\u00f6n\u00fcl vermi\u015f her biri ayr\u0131 de\u011ferli yirmi \u00fc\u00e7 farkl\u0131 \u015fairimizin y\u00fcrekten d\u00f6k\u00fclenlerinle bulu\u015fturmak b\u00fcy\u00fck ayr\u0131cal\u0131k. Sevgiyle at\u0131lan her ad\u0131m sonsuzlukta<span class=\"excerpt-hellip\"> [\u2026]<\/span><\/p>\n","protected":false},"featured_media":0,"template":"","meta":{"_monsterinsights_skip_tracking":false,"_monsterinsights_sitenote_active":false,"_monsterinsights_sitenote_note":"","_monsterinsights_sitenote_category":0},"product_brand":[],"product_cat":[12291,12509],"product_tag":[],"class_list":{"0":"post-743154","1":"product","2":"type-product","3":"status-publish","5":"product_cat-edebiyat","6":"product_cat-siir","7":"pa_cilt-ciltsiz","8":"pa_tur-kitap","9":"pa_yayinevi-gulnar-yayinlari","10":"pa_yazar-kolektif","12":"first","13":"instock","14":"sale","15":"shipping-taxable","16":"purchasable","17":"product-type-simple"},"_links":{"self":[{"href":"https:\/\/roveyayinevi.com.tr\/index.php\/wp-json\/wp\/v2\/product\/743154","targetHints":{"allow":["GET"]}}],"collection":[{"href":"https:\/\/roveyayinevi.com.tr\/index.php\/wp-json\/wp\/v2\/product"}],"about":[{"href":"https:\/\/roveyayinevi.com.tr\/index.php\/wp-json\/wp\/v2\/types\/product"}],"wp:attachment":[{"href":"https:\/\/roveyayinevi.com.tr\/index.php\/wp-json\/wp\/v2\/media?parent=743154"}],"wp:term":[{"taxonomy":"product_brand","embeddable":true,"href":"https:\/\/roveyayinevi.com.tr\/index.php\/wp-json\/wp\/v2\/product_brand?post=743154"},{"taxonomy":"product_cat","embeddable":true,"href":"https:\/\/roveyayinevi.com.tr\/index.php\/wp-json\/wp\/v2\/product_cat?post=743154"},{"taxonomy":"product_tag","embeddable":true,"href":"https:\/\/roveyayinevi.com.tr\/index.php\/wp-json\/wp\/v2\/product_tag?post=743154"}],"curies":[{"name":"wp","href":"https:\/\/api.w.org\/{rel}","templated":true}]}}