{"id":743153,"date":"2025-08-28T01:28:45","date_gmt":"2025-08-27T22:28:45","guid":{"rendered":"https:\/\/roveyayinevi.com.tr\/index.php\/urun\/olimpos-dagindan-hollywooda\/"},"modified":"2026-04-16T02:54:35","modified_gmt":"2026-04-15T23:54:35","slug":"olimpos-dagindan-hollywooda","status":"publish","type":"product","link":"https:\/\/roveyayinevi.com.tr\/index.php\/urun\/olimpos-dagindan-hollywooda\/","title":{"rendered":"Olimpos Da\u011f\u0131\u2019ndan Hollywood\u2019a"},"content":{"rendered":"<p>D\u00fcnyan\u0131n muazzam tasar\u0131m\u0131 kar\u015f\u0131s\u0131nda duydu\u011fumuz hayret, heyecan ve i\u00e7 g\u00f6r\u00fcyle mitolojiyi yaratt\u0131k. Sonra ate\u015fin etraf\u0131nda birbirimize anlatt\u0131\u011f\u0131m\u0131z \u00f6yk\u00fcler; Sophokles\u2019in Oedipus\u2019a sordu\u011fu bilmecede, Platon\u2019un ma\u011faras\u0131n\u0131n duvar\u0131na yans\u0131yan g\u00f6lgelerinde, Kral Arthur\u2019un Yuvarlak Masas\u0131\u2019n\u0131n etraf\u0131nda, Karag\u00f6z ile Hacivat\u2019\u0131n perdeye yans\u0131yan g\u00f6lgelerinde, Shakespeare\u2019in kir i\u00e7indeki sarho\u015f k\u00f6yl\u00fcleri bile b\u00fcy\u00fcledi\u011fi \u00e7amurlu sahnesinde yer ald\u0131ktan sonra Edward Muggeridge\u2019nin foto\u011fraf makinesi ve Lumiere Karde\u015fler\u2019in kameras\u0131yla ayr\u0131 bir bi\u00e7ime b\u00fcr\u00fcnd\u00fc. Sonra George Lucas\u2019lar, Steven Spielberg\u2019ler, Peter Jackson\u2019lar anlatma i\u015fini \u00fcstlendi.   Sizler de ileti\u015fimi, mitoloji ve sinemadan verilen \u00f6rnekler e\u015fli\u011finde okumak istiyorsan\u0131z \u00c7a\u011flayan Babacan\u2019\u0131n, Olimpos Da\u011f\u0131\u2019ndan Hollywood\u2019a adl\u0131 kitab\u0131 tam size g\u00f6re.   Keyifli okumalar\u2026 <\/p>\n","protected":false},"excerpt":{"rendered":"<p>D\u00fcnyan\u0131n muazzam tasar\u0131m\u0131 kar\u015f\u0131s\u0131nda duydu\u011fumuz hayret, heyecan ve i\u00e7 g\u00f6r\u00fcyle mitolojiyi yaratt\u0131k. Sonra ate\u015fin etraf\u0131nda birbirimize anlatt\u0131\u011f\u0131m\u0131z \u00f6yk\u00fcler; Sophokles\u2019in Oedipus\u2019a sordu\u011fu bilmecede, Platon\u2019un ma\u011faras\u0131n\u0131n duvar\u0131na yans\u0131yan<span class=\"excerpt-hellip\"> [\u2026]<\/span><\/p>\n","protected":false},"featured_media":0,"template":"","meta":{"_monsterinsights_skip_tracking":false,"_monsterinsights_sitenote_active":false,"_monsterinsights_sitenote_note":"","_monsterinsights_sitenote_category":0},"product_brand":[],"product_cat":[20039,13488],"product_tag":[],"class_list":{"0":"post-743153","1":"product","2":"type-product","3":"status-publish","5":"product_cat-kultur-tarihi","6":"product_cat-toplum-ve-insan","7":"pa_cilt-ciltsiz","8":"pa_tur-kitap","9":"pa_yayinevi-elma-yayinevi","10":"pa_yazar-caglayan-babacan","12":"first","13":"instock","14":"sale","15":"shipping-taxable","16":"purchasable","17":"product-type-simple"},"_links":{"self":[{"href":"https:\/\/roveyayinevi.com.tr\/index.php\/wp-json\/wp\/v2\/product\/743153","targetHints":{"allow":["GET"]}}],"collection":[{"href":"https:\/\/roveyayinevi.com.tr\/index.php\/wp-json\/wp\/v2\/product"}],"about":[{"href":"https:\/\/roveyayinevi.com.tr\/index.php\/wp-json\/wp\/v2\/types\/product"}],"wp:attachment":[{"href":"https:\/\/roveyayinevi.com.tr\/index.php\/wp-json\/wp\/v2\/media?parent=743153"}],"wp:term":[{"taxonomy":"product_brand","embeddable":true,"href":"https:\/\/roveyayinevi.com.tr\/index.php\/wp-json\/wp\/v2\/product_brand?post=743153"},{"taxonomy":"product_cat","embeddable":true,"href":"https:\/\/roveyayinevi.com.tr\/index.php\/wp-json\/wp\/v2\/product_cat?post=743153"},{"taxonomy":"product_tag","embeddable":true,"href":"https:\/\/roveyayinevi.com.tr\/index.php\/wp-json\/wp\/v2\/product_tag?post=743153"}],"curies":[{"name":"wp","href":"https:\/\/api.w.org\/{rel}","templated":true}]}}