{"id":743152,"date":"2025-08-28T01:28:44","date_gmt":"2025-08-27T22:28:44","guid":{"rendered":"https:\/\/roveyayinevi.com.tr\/index.php\/urun\/iktisat-ve-toplum-dergisi-142-sayi-sermaye-nedir\/"},"modified":"2026-04-16T02:54:35","modified_gmt":"2026-04-15T23:54:35","slug":"iktisat-ve-toplum-dergisi-142-sayi-sermaye-nedir","status":"publish","type":"product","link":"https:\/\/roveyayinevi.com.tr\/index.php\/urun\/iktisat-ve-toplum-dergisi-142-sayi-sermaye-nedir\/","title":{"rendered":"\u0130ktisat ve Toplum Dergisi 142. Say\u0131: Sermaye Nedir?"},"content":{"rendered":"<p>Bu say\u0131da:   T\u00fcrkiye\u2019de Sermaye Stoku Alper Duman   E\u011fitim, Siyasetin Ezberlenmi\u015f Denklemlerini Bozabilir Sel\u00e7uk Pehlivano\u011flu               Metin Sarfati An\u0131s\u0131na          Sanat\u0131n Politik Ekonomisi-II: T\u00fcrkiye\u2019de Oyunculu\u011fun Politik Ekonomisi Sacit Hadi Akdede   Adam Smith\u2019ten G\u00fcn\u00fcm\u00fcze Ekonomik \u0130nsan Devrim Dumluda\u011f                  Kalk\u0131nmada Yeti\u015fmek: \u201cMerdiveni \u0130tmek\u201d versus Ba\u011f\u0131ms\u0131z Kalk\u0131nma Bayram Ali E\u015fiyok       Prof. Chris Freeman\u2019\u0131n Hayat\u0131 (1921 \u2013 2010) ve Katk\u0131lar\u0131 Hakk\u0131nda Ergun T\u00fcrkcan                        \u00d6l\u00fcm\u00fcn\u00fcn On \u0130kinci Y\u0131l\u0131nda Bilim Politikas\u0131 ve Yenilik \u0130ktisad\u0131n\u0131 Kuran B\u00fcy\u00fck Sosyal Yenilik\u00e7i: Chris Freeman Alan Freeman   Christopher Freeman\u2019\u0131n Ruhu ODT\u00dc\u2019de Erkan Erdil   G\u0131da Enflasyonu ve Maliye Politikas\u0131 K\u00fcr\u015fat Pehlivan<\/p>\n","protected":false},"excerpt":{"rendered":"<p>Bu say\u0131da: T\u00fcrkiye\u2019de Sermaye Stoku Alper Duman E\u011fitim, Siyasetin Ezberlenmi\u015f Denklemlerini Bozabilir Sel\u00e7uk Pehlivano\u011flu Metin Sarfati An\u0131s\u0131na Sanat\u0131n Politik Ekonomisi-II: T\u00fcrkiye\u2019de Oyunculu\u011fun Politik Ekonomisi Sacit Hadi<span class=\"excerpt-hellip\"> [\u2026]<\/span><\/p>\n","protected":false},"featured_media":0,"template":"","meta":{"_monsterinsights_skip_tracking":false,"_monsterinsights_sitenote_active":false,"_monsterinsights_sitenote_note":"","_monsterinsights_sitenote_category":0},"product_brand":[],"product_cat":[17574,13527],"product_tag":[],"class_list":{"0":"post-743152","1":"product","2":"type-product","3":"status-publish","5":"product_cat-politika","6":"product_cat-sureli-yayinlar","7":"pa_cilt-ciltsiz","8":"pa_tur-dergi","9":"pa_yayinevi-efil-yayinevi-dergi","10":"pa_yazar-kolektif","12":"first","13":"instock","14":"sale","15":"shipping-taxable","16":"purchasable","17":"product-type-simple"},"_links":{"self":[{"href":"https:\/\/roveyayinevi.com.tr\/index.php\/wp-json\/wp\/v2\/product\/743152","targetHints":{"allow":["GET"]}}],"collection":[{"href":"https:\/\/roveyayinevi.com.tr\/index.php\/wp-json\/wp\/v2\/product"}],"about":[{"href":"https:\/\/roveyayinevi.com.tr\/index.php\/wp-json\/wp\/v2\/types\/product"}],"wp:attachment":[{"href":"https:\/\/roveyayinevi.com.tr\/index.php\/wp-json\/wp\/v2\/media?parent=743152"}],"wp:term":[{"taxonomy":"product_brand","embeddable":true,"href":"https:\/\/roveyayinevi.com.tr\/index.php\/wp-json\/wp\/v2\/product_brand?post=743152"},{"taxonomy":"product_cat","embeddable":true,"href":"https:\/\/roveyayinevi.com.tr\/index.php\/wp-json\/wp\/v2\/product_cat?post=743152"},{"taxonomy":"product_tag","embeddable":true,"href":"https:\/\/roveyayinevi.com.tr\/index.php\/wp-json\/wp\/v2\/product_tag?post=743152"}],"curies":[{"name":"wp","href":"https:\/\/api.w.org\/{rel}","templated":true}]}}