{"id":743151,"date":"2025-08-28T01:28:43","date_gmt":"2025-08-27T22:28:43","guid":{"rendered":"https:\/\/roveyayinevi.com.tr\/index.php\/urun\/pozitif-psikolojiyle-basariyi-kesfet\/"},"modified":"2026-04-16T02:54:35","modified_gmt":"2026-04-15T23:54:35","slug":"pozitif-psikolojiyle-basariyi-kesfet","status":"publish","type":"product","link":"https:\/\/roveyayinevi.com.tr\/index.php\/urun\/pozitif-psikolojiyle-basariyi-kesfet\/","title":{"rendered":"Pozitif Psikolojiyle Bas\u0327ar\u0131y\u0131 Kes\u0327fet"},"content":{"rendered":"<p>Hayatta herkes ba\u015far\u0131l\u0131 olmay\u0131 bu kadar \u00e7ok isterken, neden yaln\u0131zca baz\u0131 insanlar\u0131n hedefledikleri ba\u015far\u0131ya ula\u015fabildi\u011fini ara\u015ft\u0131ran bu kitap, size ba\u015far\u0131n\u0131n \u00f6n\u00fcndeki engellerin neler oldu\u011funu ve bu engellerin nas\u0131l ortadan kald\u0131r\u0131labilece\u011fini g\u00f6sterecek. Kitap, yap\u0131lan bilimsel ara\u015ft\u0131rmalar ve \u00f6rneklerden yard\u0131m alarak hem bak\u0131\u015f a\u00e7\u0131n\u0131z\u0131 de\u011fi\u015ftirecek hem de kendinizi ke\u015ffetmenizi sa\u011flayacak. Asl\u0131nda fark\u0131nda oldu\u011funuz, fakat sebebini bir t\u00fcrl\u00fc \u00e7\u00f6zemedi\u011finiz sorunlar\u0131n neden kaynakland\u0131\u011f\u0131n\u0131 \u00f6\u011frendikten sonra biraz \u015fa\u015f\u0131racak, ard\u0131ndan daha iyi, daha ba\u015far\u0131l\u0131, daha sa\u011fl\u0131kl\u0131 ve mutlu bir hayata yelken a\u00e7acaks\u0131n\u0131z.<\/p>\n","protected":false},"excerpt":{"rendered":"<p>Hayatta herkes ba\u015far\u0131l\u0131 olmay\u0131 bu kadar \u00e7ok isterken, neden yaln\u0131zca baz\u0131 insanlar\u0131n hedefledikleri ba\u015far\u0131ya ula\u015fabildi\u011fini ara\u015ft\u0131ran bu kitap, size ba\u015far\u0131n\u0131n \u00f6n\u00fcndeki engellerin neler oldu\u011funu ve bu<span class=\"excerpt-hellip\"> [\u2026]<\/span><\/p>\n","protected":false},"featured_media":0,"template":"","meta":{"_monsterinsights_skip_tracking":false,"_monsterinsights_sitenote_active":false,"_monsterinsights_sitenote_note":"","_monsterinsights_sitenote_category":0},"product_brand":[],"product_cat":[12364,12376],"product_tag":[],"class_list":{"0":"post-743151","1":"product","2":"type-product","3":"status-publish","5":"product_cat-genel-konular","6":"product_cat-kisisel-gelisim","7":"pa_cilt-ciltsiz","8":"pa_tur-kitap","9":"pa_yayinevi-efil-yayinevi","10":"pa_yazar-enes-ural","12":"first","13":"instock","14":"sale","15":"shipping-taxable","16":"purchasable","17":"product-type-simple"},"_links":{"self":[{"href":"https:\/\/roveyayinevi.com.tr\/index.php\/wp-json\/wp\/v2\/product\/743151","targetHints":{"allow":["GET"]}}],"collection":[{"href":"https:\/\/roveyayinevi.com.tr\/index.php\/wp-json\/wp\/v2\/product"}],"about":[{"href":"https:\/\/roveyayinevi.com.tr\/index.php\/wp-json\/wp\/v2\/types\/product"}],"wp:attachment":[{"href":"https:\/\/roveyayinevi.com.tr\/index.php\/wp-json\/wp\/v2\/media?parent=743151"}],"wp:term":[{"taxonomy":"product_brand","embeddable":true,"href":"https:\/\/roveyayinevi.com.tr\/index.php\/wp-json\/wp\/v2\/product_brand?post=743151"},{"taxonomy":"product_cat","embeddable":true,"href":"https:\/\/roveyayinevi.com.tr\/index.php\/wp-json\/wp\/v2\/product_cat?post=743151"},{"taxonomy":"product_tag","embeddable":true,"href":"https:\/\/roveyayinevi.com.tr\/index.php\/wp-json\/wp\/v2\/product_tag?post=743151"}],"curies":[{"name":"wp","href":"https:\/\/api.w.org\/{rel}","templated":true}]}}