{"id":743150,"date":"2025-08-28T01:28:42","date_gmt":"2025-08-27T22:28:42","guid":{"rendered":"https:\/\/roveyayinevi.com.tr\/index.php\/urun\/ciftlik-hayvanlari-national-geographic-kids\/"},"modified":"2026-04-16T02:54:35","modified_gmt":"2026-04-15T23:54:35","slug":"ciftlik-hayvanlari-national-geographic-kids","status":"publish","type":"product","link":"https:\/\/roveyayinevi.com.tr\/index.php\/urun\/ciftlik-hayvanlari-national-geographic-kids\/","title":{"rendered":"\u00c7iftlik Hayvanlar\u0131 &#8211; National Geographic Kids"},"content":{"rendered":"<p>K\u00fc\u00e7\u00fck bir \u00e7iftlikte e\u011flenceli bir maceraya \u00e7\u0131kmaya haz\u0131r olun! National Geographic Okuma serisinden bu Seviye 1 kitab\u0131, \u00e7ocuklar\u0131 sevimli \u00e7iftlik hayvanlar\u0131n\u0131n d\u00fcnyas\u0131na davet ediyor. Renkli foto\u011fraflar ve basit, anla\u015f\u0131l\u0131r metinlerle dolu bu kitapta ineklerden tavuklara ve ke\u00e7ilere kadar \u00e7iftlikte ya\u015fayan hayvanlar\u0131 ke\u015ffedeceksiniz. Her hayvan\u0131n \u00f6zellikleri ve \u00e7iftlikteki rol\u00fc hakk\u0131nda harika bilgiler edinecek, ayr\u0131ca aktivitelerle yeni kelimeler \u00f6\u011freneceksiniz. Kitap, \u00e7ocuklar\u0131n bir yeti\u015fkin ile birlikte okumalar\u0131 i\u00e7in \u00f6zellikle tasarland\u0131. Bu kitap, \u00f6\u011frenmeyi e\u011flenceyle birle\u015ftirerek gen\u00e7 okuyucular\u0131n hayvan sevgisini ve d\u00fcnya hakk\u0131nda merak\u0131n\u0131 art\u0131rmak i\u00e7in m\u00fckemmel bir ba\u015flang\u0131\u00e7 noktas\u0131d\u0131r! <\/p>\n","protected":false},"excerpt":{"rendered":"<p>K\u00fc\u00e7\u00fck bir \u00e7iftlikte e\u011flenceli bir maceraya \u00e7\u0131kmaya haz\u0131r olun! National Geographic Okuma serisinden bu Seviye 1 kitab\u0131, \u00e7ocuklar\u0131 sevimli \u00e7iftlik hayvanlar\u0131n\u0131n d\u00fcnyas\u0131na davet ediyor. Renkli foto\u011fraflar<span class=\"excerpt-hellip\"> [\u2026]<\/span><\/p>\n","protected":false},"featured_media":0,"template":"","meta":{"_monsterinsights_skip_tracking":false,"_monsterinsights_sitenote_active":false,"_monsterinsights_sitenote_note":"","_monsterinsights_sitenote_category":0},"product_brand":[],"product_cat":[12274,12518],"product_tag":[],"class_list":{"0":"post-743150","1":"product","2":"type-product","3":"status-publish","5":"product_cat-cocuk-ve-genclik-kitaplari","6":"product_cat-okul-oncesi-kitaplar","7":"pa_cilt-ciltsiz","8":"pa_tur-kitap","9":"pa_yayinevi-beta-kids","10":"pa_yazar-joanne-mattern","12":"first","13":"instock","14":"sale","15":"shipping-taxable","16":"purchasable","17":"product-type-simple"},"_links":{"self":[{"href":"https:\/\/roveyayinevi.com.tr\/index.php\/wp-json\/wp\/v2\/product\/743150","targetHints":{"allow":["GET"]}}],"collection":[{"href":"https:\/\/roveyayinevi.com.tr\/index.php\/wp-json\/wp\/v2\/product"}],"about":[{"href":"https:\/\/roveyayinevi.com.tr\/index.php\/wp-json\/wp\/v2\/types\/product"}],"wp:attachment":[{"href":"https:\/\/roveyayinevi.com.tr\/index.php\/wp-json\/wp\/v2\/media?parent=743150"}],"wp:term":[{"taxonomy":"product_brand","embeddable":true,"href":"https:\/\/roveyayinevi.com.tr\/index.php\/wp-json\/wp\/v2\/product_brand?post=743150"},{"taxonomy":"product_cat","embeddable":true,"href":"https:\/\/roveyayinevi.com.tr\/index.php\/wp-json\/wp\/v2\/product_cat?post=743150"},{"taxonomy":"product_tag","embeddable":true,"href":"https:\/\/roveyayinevi.com.tr\/index.php\/wp-json\/wp\/v2\/product_tag?post=743150"}],"curies":[{"name":"wp","href":"https:\/\/api.w.org\/{rel}","templated":true}]}}