{"id":743147,"date":"2025-08-28T01:28:38","date_gmt":"2025-08-27T22:28:38","guid":{"rendered":"https:\/\/roveyayinevi.com.tr\/index.php\/urun\/babaannem-kurbagalar-ve-hayat\/"},"modified":"2026-04-16T02:54:35","modified_gmt":"2026-04-15T23:54:35","slug":"babaannem-kurbagalar-ve-hayat","status":"publish","type":"product","link":"https:\/\/roveyayinevi.com.tr\/index.php\/urun\/babaannem-kurbagalar-ve-hayat\/","title":{"rendered":"Babaannem, Kurba\u011falar Ve Hayat"},"content":{"rendered":"<p>Hayat denen \u015fey bir arma\u011fanm\u0131\u015f&#8230; \u00d6d\u00fcll\u00fc \u00f6yk\u00fcc\u00fc Ahmet B\u00fcke okurlar\u0131n\u0131, bir \u00e7ocu\u011fun babaannesiyle mutlu an\u0131lar\u0131n\u0131 yazd\u0131\u011f\u0131 defterine konuk ediyor. Her an\u0131, d\u00fcnyan\u0131n en ilgin\u00e7 kasabas\u0131nda, d\u00fcnyan\u0131n en s\u0131rad\u0131\u015f\u0131 babaannesiyle ya\u015fanan s\u00fcrprizli bir \u00e7ocukluktan, komik, umut dolu ve anlaml\u0131 \u00f6yk\u00fcler f\u0131s\u0131ld\u0131yor. Kimi yelkenlinin r\u00fczg\u00e2r\u0131nda, kimi balkondaki kahvalt\u0131 sofras\u0131nda, kimi e\u015fekle buzul t\u0131rman\u0131\u015f\u0131nda&#8230; \u00c7ocuklu\u011fun ac\u0131 tatl\u0131 g\u00fcnleri, hayat\u0131n ger\u00e7ek bir arma\u011fan oldu\u011funu duyumsat\u0131yor. Her ya\u015ftan okura, ya\u015fam\u0131n tuhaf ama mutlu zamanlar\u0131n\u0131 an\u0131msat\u0131yor.  Dokuz ya\u015f\u0131ndan beri babaannesiyle birlikte ya\u015f\u0131yordu. Ama ne babaanne! Bazen b\u00f6rek tepsisi elinde, bazen de yelkenlisinin d\u00fcmeninde\u2026 Bir g\u00fcn torununa, yaln\u0131zl\u0131k hissini dindirece\u011fini s\u00f6yleyerek bir defter hediye etti. Uzun s\u00fcre bo\u015f kalan defter zamanla, c\u0131v\u0131l c\u0131v\u0131l kasaban\u0131n, renkli konu kom\u015funun tuhaf ama mutlu an\u0131lar\u0131yla dolmaya ba\u015flad\u0131: Uzaya gitmek isteyenler, u\u00e7urtma merakl\u0131lar\u0131, deniz sevdal\u0131lar\u0131, da\u011fdan kar toplayanlar, pilot teyzeler, oymakba\u015f\u0131na hayran izciler, topra\u011f\u0131n\u0131 d\u00fcnyalara de\u011fi\u015fmeyenler\u2026 Yoksa hayat ger\u00e7ekten g\u00fczel miydi!..<\/p>\n","protected":false},"excerpt":{"rendered":"<p>Hayat denen \u015fey bir arma\u011fanm\u0131\u015f&#8230; \u00d6d\u00fcll\u00fc \u00f6yk\u00fcc\u00fc Ahmet B\u00fcke okurlar\u0131n\u0131, bir \u00e7ocu\u011fun babaannesiyle mutlu an\u0131lar\u0131n\u0131 yazd\u0131\u011f\u0131 defterine konuk ediyor. Her an\u0131, d\u00fcnyan\u0131n en ilgin\u00e7 kasabas\u0131nda, d\u00fcnyan\u0131n<span class=\"excerpt-hellip\"> [\u2026]<\/span><\/p>\n","protected":false},"featured_media":0,"template":"","meta":{"_monsterinsights_skip_tracking":false,"_monsterinsights_sitenote_active":false,"_monsterinsights_sitenote_note":"","_monsterinsights_sitenote_category":0},"product_brand":[],"product_cat":[12274,12284],"product_tag":[],"class_list":{"0":"post-743147","1":"product","2":"type-product","3":"status-publish","5":"product_cat-cocuk-ve-genclik-kitaplari","6":"product_cat-hikayeler","7":"pa_cilt-ciltsiz","8":"pa_tur-kitap","9":"pa_yayinevi-gunisigi-kitapligi","10":"pa_yazar-ahmet-buke","12":"first","13":"instock","14":"sale","15":"shipping-taxable","16":"purchasable","17":"product-type-simple"},"_links":{"self":[{"href":"https:\/\/roveyayinevi.com.tr\/index.php\/wp-json\/wp\/v2\/product\/743147","targetHints":{"allow":["GET"]}}],"collection":[{"href":"https:\/\/roveyayinevi.com.tr\/index.php\/wp-json\/wp\/v2\/product"}],"about":[{"href":"https:\/\/roveyayinevi.com.tr\/index.php\/wp-json\/wp\/v2\/types\/product"}],"wp:attachment":[{"href":"https:\/\/roveyayinevi.com.tr\/index.php\/wp-json\/wp\/v2\/media?parent=743147"}],"wp:term":[{"taxonomy":"product_brand","embeddable":true,"href":"https:\/\/roveyayinevi.com.tr\/index.php\/wp-json\/wp\/v2\/product_brand?post=743147"},{"taxonomy":"product_cat","embeddable":true,"href":"https:\/\/roveyayinevi.com.tr\/index.php\/wp-json\/wp\/v2\/product_cat?post=743147"},{"taxonomy":"product_tag","embeddable":true,"href":"https:\/\/roveyayinevi.com.tr\/index.php\/wp-json\/wp\/v2\/product_tag?post=743147"}],"curies":[{"name":"wp","href":"https:\/\/api.w.org\/{rel}","templated":true}]}}