{"id":743145,"date":"2025-08-28T01:28:36","date_gmt":"2025-08-27T22:28:36","guid":{"rendered":"https:\/\/roveyayinevi.com.tr\/index.php\/urun\/hobi-saati\/"},"modified":"2026-04-16T02:54:34","modified_gmt":"2026-04-15T23:54:34","slug":"hobi-saati","status":"publish","type":"product","link":"https:\/\/roveyayinevi.com.tr\/index.php\/urun\/hobi-saati\/","title":{"rendered":"Hobi Saati"},"content":{"rendered":"<p>Kuma\u015f Boyama ve S\u00fcsleme Ah\u015fap Boyama ve S\u00fcsleme Ta\u015f Boyama ve S\u00fcsleme Tak\u0131 Tasar\u0131m Punch Nak\u0131\u015f\u0131 Al\u00fcminyum Kabartma Mum Yap\u0131m\u0131 Sabun Yap\u0131m\u0131 Hava ile Kuruyan Kil Hamuru Geri D\u00f6n\u00fc\u015f\u00fcm Projeleri \u00c7ocuklarla Yap\u0131lacak Etkinlikler <\/p>\n","protected":false},"excerpt":{"rendered":"<p>Kuma\u015f Boyama ve S\u00fcsleme Ah\u015fap Boyama ve S\u00fcsleme Ta\u015f Boyama ve S\u00fcsleme Tak\u0131 Tasar\u0131m Punch Nak\u0131\u015f\u0131 Al\u00fcminyum Kabartma Mum Yap\u0131m\u0131 Sabun Yap\u0131m\u0131 Hava ile Kuruyan Kil<span class=\"excerpt-hellip\"> [\u2026]<\/span><\/p>\n","protected":false},"featured_media":0,"template":"","meta":{"_monsterinsights_skip_tracking":false,"_monsterinsights_sitenote_active":false,"_monsterinsights_sitenote_note":"","_monsterinsights_sitenote_category":0},"product_brand":[],"product_cat":[32165,15563],"product_tag":[],"class_list":{"0":"post-743145","1":"product","2":"type-product","3":"status-publish","5":"product_cat-el-sanatlari","6":"product_cat-hobi","7":"pa_cilt-ciltsiz","8":"pa_tur-kitap","9":"pa_yayinevi-luna-yayinlari","10":"pa_yazar-sevgi-tekcakar","12":"first","13":"instock","14":"sale","15":"shipping-taxable","16":"purchasable","17":"product-type-simple"},"_links":{"self":[{"href":"https:\/\/roveyayinevi.com.tr\/index.php\/wp-json\/wp\/v2\/product\/743145","targetHints":{"allow":["GET"]}}],"collection":[{"href":"https:\/\/roveyayinevi.com.tr\/index.php\/wp-json\/wp\/v2\/product"}],"about":[{"href":"https:\/\/roveyayinevi.com.tr\/index.php\/wp-json\/wp\/v2\/types\/product"}],"wp:attachment":[{"href":"https:\/\/roveyayinevi.com.tr\/index.php\/wp-json\/wp\/v2\/media?parent=743145"}],"wp:term":[{"taxonomy":"product_brand","embeddable":true,"href":"https:\/\/roveyayinevi.com.tr\/index.php\/wp-json\/wp\/v2\/product_brand?post=743145"},{"taxonomy":"product_cat","embeddable":true,"href":"https:\/\/roveyayinevi.com.tr\/index.php\/wp-json\/wp\/v2\/product_cat?post=743145"},{"taxonomy":"product_tag","embeddable":true,"href":"https:\/\/roveyayinevi.com.tr\/index.php\/wp-json\/wp\/v2\/product_tag?post=743145"}],"curies":[{"name":"wp","href":"https:\/\/api.w.org\/{rel}","templated":true}]}}