{"id":743140,"date":"2025-08-28T01:28:30","date_gmt":"2025-08-27T22:28:30","guid":{"rendered":"https:\/\/roveyayinevi.com.tr\/index.php\/urun\/fizigin-bir-bilim-olarak-dogusu\/"},"modified":"2026-04-16T02:54:03","modified_gmt":"2026-04-15T23:54:03","slug":"fizigin-bir-bilim-olarak-dogusu","status":"publish","type":"product","link":"https:\/\/roveyayinevi.com.tr\/index.php\/urun\/fizigin-bir-bilim-olarak-dogusu\/","title":{"rendered":"Fizi\u011fin Bir Bilim Olarak Do\u011fu\u015fu"},"content":{"rendered":"<p>1.      G\u0130R\u0130\u015e: BURAYA NEREDEN VE NASIL GELD\u0130K?   2.      MERAK, BURADA NE YAPIYORUZ?   3.      DO\u011eAYI B\u0130LMEN\u0130N B\u0130L\u0130M\u0130, F\u0130Z\u0130K<\/p>\n","protected":false},"excerpt":{"rendered":"<p>1. G\u0130R\u0130\u015e: BURAYA NEREDEN VE NASIL GELD\u0130K? 2. MERAK, BURADA NE YAPIYORUZ? 3. DO\u011eAYI B\u0130LMEN\u0130N B\u0130L\u0130M\u0130, F\u0130Z\u0130K<\/p>\n","protected":false},"featured_media":0,"template":"","meta":{"_monsterinsights_skip_tracking":false,"_monsterinsights_sitenote_active":false,"_monsterinsights_sitenote_note":"","_monsterinsights_sitenote_category":0},"product_brand":[],"product_cat":[13005,37328],"product_tag":[],"class_list":{"0":"post-743140","1":"product","2":"type-product","3":"status-publish","5":"product_cat-bilim-muhendislik","6":"product_cat-diger-bilim-muhendislik","7":"pa_cilt-ciltsiz","8":"pa_tur-kitap","9":"pa_yayinevi-gazi-kitabevi","10":"pa_yazar-kolektif","12":"first","13":"instock","14":"sale","15":"shipping-taxable","16":"purchasable","17":"product-type-simple"},"_links":{"self":[{"href":"https:\/\/roveyayinevi.com.tr\/index.php\/wp-json\/wp\/v2\/product\/743140","targetHints":{"allow":["GET"]}}],"collection":[{"href":"https:\/\/roveyayinevi.com.tr\/index.php\/wp-json\/wp\/v2\/product"}],"about":[{"href":"https:\/\/roveyayinevi.com.tr\/index.php\/wp-json\/wp\/v2\/types\/product"}],"wp:attachment":[{"href":"https:\/\/roveyayinevi.com.tr\/index.php\/wp-json\/wp\/v2\/media?parent=743140"}],"wp:term":[{"taxonomy":"product_brand","embeddable":true,"href":"https:\/\/roveyayinevi.com.tr\/index.php\/wp-json\/wp\/v2\/product_brand?post=743140"},{"taxonomy":"product_cat","embeddable":true,"href":"https:\/\/roveyayinevi.com.tr\/index.php\/wp-json\/wp\/v2\/product_cat?post=743140"},{"taxonomy":"product_tag","embeddable":true,"href":"https:\/\/roveyayinevi.com.tr\/index.php\/wp-json\/wp\/v2\/product_tag?post=743140"}],"curies":[{"name":"wp","href":"https:\/\/api.w.org\/{rel}","templated":true}]}}