{"id":743137,"date":"2025-08-28T01:28:27","date_gmt":"2025-08-27T22:28:27","guid":{"rendered":"https:\/\/roveyayinevi.com.tr\/index.php\/urun\/evlat-savasi\/"},"modified":"2026-04-16T02:54:03","modified_gmt":"2026-04-15T23:54:03","slug":"evlat-savasi","status":"publish","type":"product","link":"https:\/\/roveyayinevi.com.tr\/index.php\/urun\/evlat-savasi\/","title":{"rendered":"Evlat Sava\u015f\u0131"},"content":{"rendered":"<p>Evlat Sava\u015f\u0131\u0130SMA\u0130L SA\u011eIR (SA\u011eIROZAN) K\u0130MD\u0130R 1968 y\u0131l\u0131nda Kahramanmara\u015f&#8217;\u0131n And\u0131r\u0131n il\u00e7esinin Kabaklar K\u00f6y\u00fc\u2019nde do\u011fdu. Uzun y\u0131llar uzman \u00f6\u011fretmen olarak g\u00f6rev yapt\u0131. G\u00f6rev d\u0131\u015f\u0131ndaki zaman\u0131n\u0131 sanata adayan \u0130smail Sa\u011f\u0131r; ressam, \u015fair, yazar ve ozan olarak g\u00fczel sanatlar\u0131n her dal\u0131nda eserler verdi. Ressam olarak resim sergileri a\u00e7arken, Halk Ozan\u0131 olarak \u201cSA\u011eIROZAN\u201d mahlas\u0131yla saz\u0131 ve s\u00f6z\u00fc ile sahnelere \u00e7\u0131kmaktad\u0131r.  \u00c7ok say\u0131da t\u00fcrk\u00fc \u00e7al\u0131\u015fmas\u0131 vard\u0131r. Edebi alanda da bir\u00e7ok esere imzas\u0131n\u0131 atm\u0131\u015ft\u0131r. \u015eiirleri, antoloji kitaplar\u0131nda, dergilerde, gazetelerde yay\u0131nland\u0131. \u00c7e\u015fitli \u015fiir sitelerinde j\u00fcri \u00fcyeli\u011fi yapt\u0131. E\u011fitimle ilgili sitelere \u00f6devler haz\u0131rlad\u0131. Baz\u0131 kitaplara edit\u00f6rl\u00fck yapt\u0131. \u015eu ana kadar \u015fiir, roman ve \u00f6\u011frencilere y\u00f6nelik kitaplar olmak \u00fczere on \u00fc\u00e7 ayr\u0131 kitab\u0131 yay\u0131nland\u0131.   ESERLER\u0130 2007 Belirli G\u00fcn Ve Haftalar Kitab\u0131 2008 \u0130\u011fne  (\u015fiir kitab\u0131) 2013 S\u0131d\u0131ka  (Roman) 2014 Kutlu Davet  (\u015eiir Kitab\u0131) 2016 D\u00fc\u015f+\u00dcn=D\u00dc\u015e\u00dcN  (\u015eiir Kitab\u0131) 2017 G\u00fcld\u00fcr\u00fc Okulu  (bilmece, tekerleme, \u015fiir, f\u0131kra, \u00f6yk\u00fc, masal) 2019 \u015eiboki  (\u015eiirli Boyama Kitab\u0131) 2020 \u00c7i\u00e7ekler \u015eiir A\u00e7t\u0131  (\u00d6\u011frenci \u015fiirleri, \u00d6yk\u00fc) 2021 Proje (S\u00f6yle\u015fi, r\u00f6portaj, \u00f6\u011frenci \u015fiirleri kitab\u0131) 2021 \u00d6\u011fretmenim MASAL Anlatt\u0131  (Masal Kitab\u0131) 2022 Masal \u00c7i\u00e7ekleri (\u00d6\u011frenci masallar\u0131 ve \u015fiirleri) 2022 Cennet\u2019e G\u00f6t\u00fcren Masallar (Masal kitab\u0131) 2022 Evlat Sava\u015f\u0131 (Roman)   <\/p>\n","protected":false},"excerpt":{"rendered":"<p>Evlat Sava\u015f\u0131\u0130SMA\u0130L SA\u011eIR (SA\u011eIROZAN) K\u0130MD\u0130R 1968 y\u0131l\u0131nda Kahramanmara\u015f&#8217;\u0131n And\u0131r\u0131n il\u00e7esinin Kabaklar K\u00f6y\u00fc\u2019nde do\u011fdu. Uzun y\u0131llar uzman \u00f6\u011fretmen olarak g\u00f6rev yapt\u0131. G\u00f6rev d\u0131\u015f\u0131ndaki zaman\u0131n\u0131 sanata adayan \u0130smail<span class=\"excerpt-hellip\"> [\u2026]<\/span><\/p>\n","protected":false},"featured_media":0,"template":"","meta":{"_monsterinsights_skip_tracking":false,"_monsterinsights_sitenote_active":false,"_monsterinsights_sitenote_note":"","_monsterinsights_sitenote_category":0},"product_brand":[],"product_cat":[12291,12711],"product_tag":[],"class_list":{"0":"post-743137","1":"product","2":"type-product","3":"status-publish","5":"product_cat-edebiyat","6":"product_cat-roman-oyku","7":"pa_cilt-ciltsiz","8":"pa_tur-kitap","9":"pa_yayinevi-gulnar-yayinlari","10":"pa_yazar-ismail-sagir","12":"first","13":"instock","14":"sale","15":"shipping-taxable","16":"purchasable","17":"product-type-simple"},"_links":{"self":[{"href":"https:\/\/roveyayinevi.com.tr\/index.php\/wp-json\/wp\/v2\/product\/743137","targetHints":{"allow":["GET"]}}],"collection":[{"href":"https:\/\/roveyayinevi.com.tr\/index.php\/wp-json\/wp\/v2\/product"}],"about":[{"href":"https:\/\/roveyayinevi.com.tr\/index.php\/wp-json\/wp\/v2\/types\/product"}],"wp:attachment":[{"href":"https:\/\/roveyayinevi.com.tr\/index.php\/wp-json\/wp\/v2\/media?parent=743137"}],"wp:term":[{"taxonomy":"product_brand","embeddable":true,"href":"https:\/\/roveyayinevi.com.tr\/index.php\/wp-json\/wp\/v2\/product_brand?post=743137"},{"taxonomy":"product_cat","embeddable":true,"href":"https:\/\/roveyayinevi.com.tr\/index.php\/wp-json\/wp\/v2\/product_cat?post=743137"},{"taxonomy":"product_tag","embeddable":true,"href":"https:\/\/roveyayinevi.com.tr\/index.php\/wp-json\/wp\/v2\/product_tag?post=743137"}],"curies":[{"name":"wp","href":"https:\/\/api.w.org\/{rel}","templated":true}]}}