{"id":743134,"date":"2025-08-28T01:28:24","date_gmt":"2025-08-27T22:28:24","guid":{"rendered":"https:\/\/roveyayinevi.com.tr\/index.php\/urun\/heritage-world-heritage-and-the-future-miras-dunya-mirasi-ve-gelecek\/"},"modified":"2026-04-16T02:54:03","modified_gmt":"2026-04-15T23:54:03","slug":"heritage-world-heritage-and-the-future-miras-dunya-mirasi-ve-gelecek","status":"publish","type":"product","link":"https:\/\/roveyayinevi.com.tr\/index.php\/urun\/heritage-world-heritage-and-the-future-miras-dunya-mirasi-ve-gelecek\/","title":{"rendered":"Heritage, World Heritage, And The Future  (Miras, D\u00fcnya Miras\u0131 ve Gelecek)"},"content":{"rendered":"<p>5-6 Aral\u0131k 2019 tarihlerinde ger\u00e7ekle\u015fen 14. Uluslararas\u0131 ANAMED Y\u0131ll\u0131k Sempozyumu, &#8220;Miras, D\u00fcnya Miras\u0131 ve Gelecek: \u00d6l\u00e7ek, Koruma ve Diyalog \u00dczerine G\u00f6r\u00fc\u015fler&#8221;in \u0130ngilizce bildiri kitab\u0131 \u201cHeritage, World Heritage, and the Future: Perspectives on Scale, Conservation, and Dialogue\u201d yay\u0131mland\u0131.   Bu yay\u0131n\u0131 olu\u015fturan makaleler \u2013D\u00fcnya Miras\u0131 S\u00f6zle\u015fmesi ve T\u00fcrkiye&#8217;deki uygulamalar da dahil olmak \u00fczere\u2013 arkeolojik ve do\u011fal miras\u0131n korunmas\u0131, alan korumas\u0131 ve koruma \u00e7al\u0131\u015fmalar\u0131n\u0131n finansman\u0131, arkeolojik ara\u015ft\u0131rmalara yerel halk\u0131n kat\u0131l\u0131m\u0131 ve arkeolojinin kamu g\u00f6z\u00fcndeki alg\u0131s\u0131 gibi konular\u0131 ara\u015ft\u0131r\u0131yor. Kendi \u00e7al\u0131\u015fmalar\u0131 \u00fczerine derinlemesine d\u00fc\u015f\u00fcnmeyi ve ele\u015ftirel de\u011ferlendirmeyi sa\u011flayarak belirli ko\u015fullarda neyin i\u015fe yaray\u0131p neyin yaramad\u0131\u011f\u0131na dair \u00e7al\u0131\u015fmalar\u0131n\u0131 da sunan yazarlar, ayn\u0131 zamanda ba\u015far\u0131l\u0131 olmu\u015f \u00f6rnekleri ve sorunlar\u0131 da tart\u0131\u015fmaktad\u0131rlar. <\/p>\n","protected":false},"excerpt":{"rendered":"<p>5-6 Aral\u0131k 2019 tarihlerinde ger\u00e7ekle\u015fen 14. Uluslararas\u0131 ANAMED Y\u0131ll\u0131k Sempozyumu, &#8220;Miras, D\u00fcnya Miras\u0131 ve Gelecek: \u00d6l\u00e7ek, Koruma ve Diyalog \u00dczerine G\u00f6r\u00fc\u015fler&#8221;in \u0130ngilizce bildiri kitab\u0131 \u201cHeritage, World<span class=\"excerpt-hellip\"> [\u2026]<\/span><\/p>\n","protected":false},"featured_media":0,"template":"","meta":{"_monsterinsights_skip_tracking":false,"_monsterinsights_sitenote_active":false,"_monsterinsights_sitenote_note":"","_monsterinsights_sitenote_category":0},"product_brand":[],"product_cat":[52477,52478],"product_tag":[],"class_list":{"0":"post-743134","1":"product","2":"type-product","3":"status-publish","5":"product_cat-arastirma","6":"product_cat-arkeoloji","7":"pa_cilt-ciltsiz","8":"pa_tur-kitap","9":"pa_yayinevi-anamed-koc-universitesi-anadolu-medeniyetleri-arastirma-merkezi","10":"pa_yazar-b-nilgun-oz-christina-luke","12":"first","13":"instock","14":"sale","15":"shipping-taxable","16":"purchasable","17":"product-type-simple"},"_links":{"self":[{"href":"https:\/\/roveyayinevi.com.tr\/index.php\/wp-json\/wp\/v2\/product\/743134","targetHints":{"allow":["GET"]}}],"collection":[{"href":"https:\/\/roveyayinevi.com.tr\/index.php\/wp-json\/wp\/v2\/product"}],"about":[{"href":"https:\/\/roveyayinevi.com.tr\/index.php\/wp-json\/wp\/v2\/types\/product"}],"wp:attachment":[{"href":"https:\/\/roveyayinevi.com.tr\/index.php\/wp-json\/wp\/v2\/media?parent=743134"}],"wp:term":[{"taxonomy":"product_brand","embeddable":true,"href":"https:\/\/roveyayinevi.com.tr\/index.php\/wp-json\/wp\/v2\/product_brand?post=743134"},{"taxonomy":"product_cat","embeddable":true,"href":"https:\/\/roveyayinevi.com.tr\/index.php\/wp-json\/wp\/v2\/product_cat?post=743134"},{"taxonomy":"product_tag","embeddable":true,"href":"https:\/\/roveyayinevi.com.tr\/index.php\/wp-json\/wp\/v2\/product_tag?post=743134"}],"curies":[{"name":"wp","href":"https:\/\/api.w.org\/{rel}","templated":true}]}}