{"id":743131,"date":"2025-08-28T01:28:21","date_gmt":"2025-08-27T22:28:21","guid":{"rendered":"https:\/\/roveyayinevi.com.tr\/index.php\/urun\/aysenin-kitabi\/"},"modified":"2026-04-16T02:54:03","modified_gmt":"2026-04-15T23:54:03","slug":"aysenin-kitabi","status":"publish","type":"product","link":"https:\/\/roveyayinevi.com.tr\/index.php\/urun\/aysenin-kitabi\/","title":{"rendered":"Ay\u015fe\u2019nin Kitab\u0131"},"content":{"rendered":"<p>Ay\u015fe resimli kitaplar\u0131 \u00e7ok severdi. Bir g\u00fcn kendi kitab\u0131n\u0131 yapmaya karar verdi. Kitab\u0131na \u00e7imenler, \u00e7i\u00e7ekler, otlar, koyunlar ve daha neler neler \u00e7izdi. Bir a\u011fa\u00e7, bir g\u00f6l, bir yenge\u00e7, bir k\u00f6pek derken karde\u015fini bile ekledi. Kitap gitgide kalabal\u0131kla\u015fm\u0131\u015ft\u0131, neredeyse Ay\u015fe\u2019nin hik\u00e2yesine yer kalmayacakt\u0131. Ay\u015fe\u2019nin hik\u00e2yesi nas\u0131l devam edecek dersiniz?   Cem K\u0131z\u0131ltu\u011f\u2019un yazd\u0131\u011f\u0131 ve resimledi\u011fi Ay\u015fe\u2019nin Kitab\u0131 \u00e7ocuklar\u0131n hayal g\u00fc\u00e7lerini zenginle\u015ftirecek ne\u015feli bir hik\u00e2ye. <\/p>\n","protected":false},"excerpt":{"rendered":"<p>Ay\u015fe resimli kitaplar\u0131 \u00e7ok severdi. Bir g\u00fcn kendi kitab\u0131n\u0131 yapmaya karar verdi. Kitab\u0131na \u00e7imenler, \u00e7i\u00e7ekler, otlar, koyunlar ve daha neler neler \u00e7izdi. Bir a\u011fa\u00e7, bir g\u00f6l,<span class=\"excerpt-hellip\"> [\u2026]<\/span><\/p>\n","protected":false},"featured_media":0,"template":"","meta":{"_monsterinsights_skip_tracking":false,"_monsterinsights_sitenote_active":false,"_monsterinsights_sitenote_note":"","_monsterinsights_sitenote_category":0},"product_brand":[],"product_cat":[12913,12274],"product_tag":[],"class_list":{"0":"post-743131","1":"product","2":"type-product","3":"status-publish","5":"product_cat-3-6-yas-kitaplari","6":"product_cat-cocuk-ve-genclik-kitaplari","7":"pa_cilt-ciltsiz","8":"pa_tur-kitap","9":"pa_yayinevi-yapi-kredi-yayinlari","10":"pa_yazar-cem-kiziltug","12":"first","13":"instock","14":"sale","15":"shipping-taxable","16":"purchasable","17":"product-type-simple"},"_links":{"self":[{"href":"https:\/\/roveyayinevi.com.tr\/index.php\/wp-json\/wp\/v2\/product\/743131","targetHints":{"allow":["GET"]}}],"collection":[{"href":"https:\/\/roveyayinevi.com.tr\/index.php\/wp-json\/wp\/v2\/product"}],"about":[{"href":"https:\/\/roveyayinevi.com.tr\/index.php\/wp-json\/wp\/v2\/types\/product"}],"wp:attachment":[{"href":"https:\/\/roveyayinevi.com.tr\/index.php\/wp-json\/wp\/v2\/media?parent=743131"}],"wp:term":[{"taxonomy":"product_brand","embeddable":true,"href":"https:\/\/roveyayinevi.com.tr\/index.php\/wp-json\/wp\/v2\/product_brand?post=743131"},{"taxonomy":"product_cat","embeddable":true,"href":"https:\/\/roveyayinevi.com.tr\/index.php\/wp-json\/wp\/v2\/product_cat?post=743131"},{"taxonomy":"product_tag","embeddable":true,"href":"https:\/\/roveyayinevi.com.tr\/index.php\/wp-json\/wp\/v2\/product_tag?post=743131"}],"curies":[{"name":"wp","href":"https:\/\/api.w.org\/{rel}","templated":true}]}}