{"id":743130,"date":"2025-08-28T01:28:20","date_gmt":"2025-08-27T22:28:20","guid":{"rendered":"https:\/\/roveyayinevi.com.tr\/index.php\/urun\/benim-babam-dalgic\/"},"modified":"2026-04-16T02:54:03","modified_gmt":"2026-04-15T23:54:03","slug":"benim-babam-dalgic","status":"publish","type":"product","link":"https:\/\/roveyayinevi.com.tr\/index.php\/urun\/benim-babam-dalgic\/","title":{"rendered":"Benim Babam Dalg\u0131\u00e7"},"content":{"rendered":"<p>Ettore do\u011fum g\u00fcn\u00fcnde ilk dal\u0131\u015f\u0131n\u0131 yapaca\u011f\u0131 i\u00e7in \u00e7ok heyecanl\u0131 \u00e7\u00fcnk\u00fc denizin dibi s\u00fcrprizlerle dolu. Denizle ilgili her \u015feyi \u00e7ok seven merakl\u0131 \u00e7ocuk, denize uzun y\u0131llar emek vermi\u015f k\u00f6kl\u00fc bir aileden geliyor. O da b\u00fcy\u00fcy\u00fcnce babas\u0131 gibi dalg\u0131\u00e7 olmak istiyor. Benim Babam Dalg\u0131\u00e7 Elisa Sabatinelli\u2019nin i\u00e7inizi \u0131s\u0131tacak hik\u00e2yesi, Iacopo Bruno\u2019nun etkileyici resimleriyle deniz sevgisi ve arkada\u015fl\u0131\u011fa dair \u00e7ok \u00f6zel bir kitap. <\/p>\n","protected":false},"excerpt":{"rendered":"<p>Ettore do\u011fum g\u00fcn\u00fcnde ilk dal\u0131\u015f\u0131n\u0131 yapaca\u011f\u0131 i\u00e7in \u00e7ok heyecanl\u0131 \u00e7\u00fcnk\u00fc denizin dibi s\u00fcrprizlerle dolu. Denizle ilgili her \u015feyi \u00e7ok seven merakl\u0131 \u00e7ocuk, denize uzun y\u0131llar emek<span class=\"excerpt-hellip\"> [\u2026]<\/span><\/p>\n","protected":false},"featured_media":0,"template":"","meta":{"_monsterinsights_skip_tracking":false,"_monsterinsights_sitenote_active":false,"_monsterinsights_sitenote_note":"","_monsterinsights_sitenote_category":0},"product_brand":[],"product_cat":[12275,12274],"product_tag":[],"class_list":{"0":"post-743130","1":"product","2":"type-product","3":"status-publish","5":"product_cat-6-12-yas-kitaplari","6":"product_cat-cocuk-ve-genclik-kitaplari","7":"pa_cilt-ciltsiz","8":"pa_tur-kitap","9":"pa_yayinevi-yapi-kredi-yayinlari","10":"pa_yazar-elisa-sabatinelli","12":"first","13":"instock","14":"sale","15":"shipping-taxable","16":"purchasable","17":"product-type-simple"},"_links":{"self":[{"href":"https:\/\/roveyayinevi.com.tr\/index.php\/wp-json\/wp\/v2\/product\/743130","targetHints":{"allow":["GET"]}}],"collection":[{"href":"https:\/\/roveyayinevi.com.tr\/index.php\/wp-json\/wp\/v2\/product"}],"about":[{"href":"https:\/\/roveyayinevi.com.tr\/index.php\/wp-json\/wp\/v2\/types\/product"}],"wp:attachment":[{"href":"https:\/\/roveyayinevi.com.tr\/index.php\/wp-json\/wp\/v2\/media?parent=743130"}],"wp:term":[{"taxonomy":"product_brand","embeddable":true,"href":"https:\/\/roveyayinevi.com.tr\/index.php\/wp-json\/wp\/v2\/product_brand?post=743130"},{"taxonomy":"product_cat","embeddable":true,"href":"https:\/\/roveyayinevi.com.tr\/index.php\/wp-json\/wp\/v2\/product_cat?post=743130"},{"taxonomy":"product_tag","embeddable":true,"href":"https:\/\/roveyayinevi.com.tr\/index.php\/wp-json\/wp\/v2\/product_tag?post=743130"}],"curies":[{"name":"wp","href":"https:\/\/api.w.org\/{rel}","templated":true}]}}