{"id":743127,"date":"2025-08-28T01:28:17","date_gmt":"2025-08-27T22:28:17","guid":{"rendered":"https:\/\/roveyayinevi.com.tr\/index.php\/urun\/masam-sandalyem-gardirobum-marangoz-peygamberi-taniyorum-hz-nuh\/"},"modified":"2026-03-05T03:19:19","modified_gmt":"2026-03-05T00:19:19","slug":"masam-sandalyem-gardirobum-marangoz-peygamberi-taniyorum-hz-nuh","status":"publish","type":"product","link":"https:\/\/roveyayinevi.com.tr\/index.php\/urun\/masam-sandalyem-gardirobum-marangoz-peygamberi-taniyorum-hz-nuh\/","title":{"rendered":"Masam, Sandalyem, Gard\u0131robum Marangoz Peygamberi Tan\u0131yorum \u2013  Hz. Nuh"},"content":{"rendered":"<p>Masam, Sandalyem, Gard\u0131robum Marangoz Peygamberi Tan\u0131yorum   Hz.Nuh\u0130nsanlar a\u011fa\u00e7lardan e\u015fya yapmay\u0131 bilmezken, Masa, sandalye, sehpa hi\u00e7 yap\u0131lmam\u0131\u015fken Dev gibi a\u011fa\u00e7lardan kereste yapan, Onlar\u0131 kocaman bir gemiye d\u00f6n\u00fc\u015ft\u00fcren, Bizlere marangozluk mesle\u011fini \u00f6\u011freten \u2018Marangoz Peygamber\u2019 ile tan\u0131\u015fmak ister misin?   Peygamberler insand\u0131lar. \u00c7al\u0131\u015ft\u0131lar, \u00fcrettiler, meslek sahibi oldular. Bizlere birbirinden g\u00fczel icatlar ve meslekler miras b\u0131rakt\u0131lar.   Peygamber Meslekleri Hatice K\u00fcbra Tongar\u2019\u0131n kaleminden&#8230; <\/p>\n","protected":false},"excerpt":{"rendered":"<p>Masam, Sandalyem, Gard\u0131robum Marangoz Peygamberi Tan\u0131yorum Hz.Nuh\u0130nsanlar a\u011fa\u00e7lardan e\u015fya yapmay\u0131 bilmezken, Masa, sandalye, sehpa hi\u00e7 yap\u0131lmam\u0131\u015fken Dev gibi a\u011fa\u00e7lardan kereste yapan, Onlar\u0131 kocaman bir gemiye d\u00f6n\u00fc\u015ft\u00fcren,<span class=\"excerpt-hellip\"> [\u2026]<\/span><\/p>\n","protected":false},"featured_media":0,"template":"","meta":{"_monsterinsights_skip_tracking":false,"_monsterinsights_sitenote_active":false,"_monsterinsights_sitenote_note":"","_monsterinsights_sitenote_category":0},"product_brand":[],"product_cat":[12274,18802],"product_tag":[],"class_list":{"0":"post-743127","1":"product","2":"type-product","3":"status-publish","5":"product_cat-cocuk-ve-genclik-kitaplari","6":"product_cat-din-egitimi","7":"pa_cilt-ciltsiz","8":"pa_tur-kitap","9":"pa_yayinevi-hayykitap","10":"pa_yazar-hatice-kubra-tongar","12":"first","13":"instock","14":"sale","15":"shipping-taxable","16":"purchasable","17":"product-type-simple"},"_links":{"self":[{"href":"https:\/\/roveyayinevi.com.tr\/index.php\/wp-json\/wp\/v2\/product\/743127","targetHints":{"allow":["GET"]}}],"collection":[{"href":"https:\/\/roveyayinevi.com.tr\/index.php\/wp-json\/wp\/v2\/product"}],"about":[{"href":"https:\/\/roveyayinevi.com.tr\/index.php\/wp-json\/wp\/v2\/types\/product"}],"wp:attachment":[{"href":"https:\/\/roveyayinevi.com.tr\/index.php\/wp-json\/wp\/v2\/media?parent=743127"}],"wp:term":[{"taxonomy":"product_brand","embeddable":true,"href":"https:\/\/roveyayinevi.com.tr\/index.php\/wp-json\/wp\/v2\/product_brand?post=743127"},{"taxonomy":"product_cat","embeddable":true,"href":"https:\/\/roveyayinevi.com.tr\/index.php\/wp-json\/wp\/v2\/product_cat?post=743127"},{"taxonomy":"product_tag","embeddable":true,"href":"https:\/\/roveyayinevi.com.tr\/index.php\/wp-json\/wp\/v2\/product_tag?post=743127"}],"curies":[{"name":"wp","href":"https:\/\/api.w.org\/{rel}","templated":true}]}}