{"id":743126,"date":"2025-08-28T01:28:15","date_gmt":"2025-08-27T22:28:15","guid":{"rendered":"https:\/\/roveyayinevi.com.tr\/index.php\/urun\/ariyorum-soruyorum-buluyorum-mucit-peygamberi-taniyorum-hz-yusuf\/"},"modified":"2026-04-16T02:54:03","modified_gmt":"2026-04-15T23:54:03","slug":"ariyorum-soruyorum-buluyorum-mucit-peygamberi-taniyorum-hz-yusuf","status":"publish","type":"product","link":"https:\/\/roveyayinevi.com.tr\/index.php\/urun\/ariyorum-soruyorum-buluyorum-mucit-peygamberi-taniyorum-hz-yusuf\/","title":{"rendered":"Ar\u0131yorum, Soruyorum, Buluyorum Mucit Peygamberi Tan\u0131yorum \u2013 Hz. Yusuf"},"content":{"rendered":"<p>Ar\u0131yorum,Soruyorum,Buluyorum,Mucit Peygamberi Tan\u0131yorumHz. Yusuf\u0130nsanlar saati G\u00fcne\u015f\u2019e bakarak bulurken, G\u00fcne\u015f g\u00f6r\u00fcnmedi\u011finde saati bilemiyorken Su kullanarak zaman\u0131 saatlere b\u00f6len, Saat modelini ilk icat eden, Bizlere \u00e7al\u0131\u015farak \u00fcretmeyi \u00f6\u011freten \u2018Mucit Peygamber\u2019 ile tan\u0131\u015fmak ister misin?   Peygamberler insand\u0131lar. \u00c7al\u0131\u015ft\u0131lar, \u00fcrettiler, meslek sahibi oldular. Bizlere birbirinden g\u00fczel icatlar ve meslekler miras b\u0131rakt\u0131lar.   Peygamber Meslekleri Hatice K\u00fcbra Tongar\u2019\u0131n kaleminden&#8230; <\/p>\n","protected":false},"excerpt":{"rendered":"<p>Ar\u0131yorum,Soruyorum,Buluyorum,Mucit Peygamberi Tan\u0131yorumHz. Yusuf\u0130nsanlar saati G\u00fcne\u015f\u2019e bakarak bulurken, G\u00fcne\u015f g\u00f6r\u00fcnmedi\u011finde saati bilemiyorken Su kullanarak zaman\u0131 saatlere b\u00f6len, Saat modelini ilk icat eden, Bizlere \u00e7al\u0131\u015farak \u00fcretmeyi \u00f6\u011freten<span class=\"excerpt-hellip\"> [\u2026]<\/span><\/p>\n","protected":false},"featured_media":0,"template":"","meta":{"_monsterinsights_skip_tracking":false,"_monsterinsights_sitenote_active":false,"_monsterinsights_sitenote_note":"","_monsterinsights_sitenote_category":0},"product_brand":[],"product_cat":[12274,18802],"product_tag":[],"class_list":{"0":"post-743126","1":"product","2":"type-product","3":"status-publish","5":"product_cat-cocuk-ve-genclik-kitaplari","6":"product_cat-din-egitimi","7":"pa_cilt-ciltsiz","8":"pa_tur-kitap","9":"pa_yayinevi-hayykitap","10":"pa_yazar-hatice-kubra-tongar","12":"first","13":"instock","14":"sale","15":"shipping-taxable","16":"purchasable","17":"product-type-simple"},"_links":{"self":[{"href":"https:\/\/roveyayinevi.com.tr\/index.php\/wp-json\/wp\/v2\/product\/743126","targetHints":{"allow":["GET"]}}],"collection":[{"href":"https:\/\/roveyayinevi.com.tr\/index.php\/wp-json\/wp\/v2\/product"}],"about":[{"href":"https:\/\/roveyayinevi.com.tr\/index.php\/wp-json\/wp\/v2\/types\/product"}],"wp:attachment":[{"href":"https:\/\/roveyayinevi.com.tr\/index.php\/wp-json\/wp\/v2\/media?parent=743126"}],"wp:term":[{"taxonomy":"product_brand","embeddable":true,"href":"https:\/\/roveyayinevi.com.tr\/index.php\/wp-json\/wp\/v2\/product_brand?post=743126"},{"taxonomy":"product_cat","embeddable":true,"href":"https:\/\/roveyayinevi.com.tr\/index.php\/wp-json\/wp\/v2\/product_cat?post=743126"},{"taxonomy":"product_tag","embeddable":true,"href":"https:\/\/roveyayinevi.com.tr\/index.php\/wp-json\/wp\/v2\/product_tag?post=743126"}],"curies":[{"name":"wp","href":"https:\/\/api.w.org\/{rel}","templated":true}]}}