{"id":743125,"date":"2025-08-28T01:28:14","date_gmt":"2025-08-27T22:28:14","guid":{"rendered":"https:\/\/roveyayinevi.com.tr\/index.php\/urun\/peygamber-meslekleri-4lu-set\/"},"modified":"2026-04-16T02:54:03","modified_gmt":"2026-04-15T23:54:03","slug":"peygamber-meslekleri-4lu-set","status":"publish","type":"product","link":"https:\/\/roveyayinevi.com.tr\/index.php\/urun\/peygamber-meslekleri-4lu-set\/","title":{"rendered":"Peygamber Meslekleri  4\u2019l\u00fc set"},"content":{"rendered":"<p>Hatice K\u00fcbra Tongar\u2019\u0131n kaleminden  \u00e7ocuklar\u0131m\u0131za Peygamberlerimizin mesleklerini tan\u0131tan, anlatan tamam\u0131 renkli d\u00f6rt kitapl\u0131k yeni bir set.   Peygamberler insand\u0131lar. \u00c7al\u0131\u015ft\u0131lar, \u00fcrettiler, meslek sahibi oldular. Bizlere birbirinden g\u00fczel icatlar ve meslekler miras b\u0131rakt\u0131lar.   \u00c7ocuklar\u0131m\u0131z Peygamberlerini meslekleriyle de tan\u0131s\u0131nlar Bu mesleklerle kar\u015f\u0131la\u015ft\u0131klar\u0131nda Peygamberlerini duayla ans\u0131nlar diye Hatice K\u00fcbra Tongar\u2019\u0131n kaleminden\u2026   Peygamber Meslekleri 4\u2019l\u00fc Set\u2019te Yer Alan Kitaplar: 1.     Ekiyorum, Dikiyorum, Suluyorum \u00c7ift\u00e7i Peygamberi Tan\u0131yorum &#8211; Hz. Adem, 40 sayfa, Renkli, Amerikan Cilt   2.     Kesiyorum, Bi\u00e7iyorum, Dikiyorum Terzi Peygamberi Tan\u0131yorum &#8211;  Hz. \u0130dris, 40 sayfa, Renkli, Amerikan Cilt   3.     Masam, Sandalyem, Gard\u0131robum Marangoz Peygamberi Tan\u0131yorum &#8211; Hz. Nuh, 40 sayfa, Renkli, Amerikan Cilt   4.     Ar\u0131yorum, Soruyorum, Buluyorum Mucit Peygamberi Tan\u0131yorum &#8211;  Hz. Yusuf, 40 sayfa, Renkli, Amerikan Cilt <\/p>\n","protected":false},"excerpt":{"rendered":"<p>Hatice K\u00fcbra Tongar\u2019\u0131n kaleminden \u00e7ocuklar\u0131m\u0131za Peygamberlerimizin mesleklerini tan\u0131tan, anlatan tamam\u0131 renkli d\u00f6rt kitapl\u0131k yeni bir set. Peygamberler insand\u0131lar. \u00c7al\u0131\u015ft\u0131lar, \u00fcrettiler, meslek sahibi oldular. Bizlere birbirinden g\u00fczel<span class=\"excerpt-hellip\"> [\u2026]<\/span><\/p>\n","protected":false},"featured_media":0,"template":"","meta":{"_monsterinsights_skip_tracking":false,"_monsterinsights_sitenote_active":false,"_monsterinsights_sitenote_note":"","_monsterinsights_sitenote_category":0},"product_brand":[],"product_cat":[12274,18802],"product_tag":[],"class_list":{"0":"post-743125","1":"product","2":"type-product","3":"status-publish","5":"product_cat-cocuk-ve-genclik-kitaplari","6":"product_cat-din-egitimi","7":"pa_cilt-ciltsiz","8":"pa_tur-kitap","9":"pa_yayinevi-hayykitap","10":"pa_yazar-hatice-kubra-tongar","12":"first","13":"instock","14":"sale","15":"shipping-taxable","16":"purchasable","17":"product-type-simple"},"_links":{"self":[{"href":"https:\/\/roveyayinevi.com.tr\/index.php\/wp-json\/wp\/v2\/product\/743125","targetHints":{"allow":["GET"]}}],"collection":[{"href":"https:\/\/roveyayinevi.com.tr\/index.php\/wp-json\/wp\/v2\/product"}],"about":[{"href":"https:\/\/roveyayinevi.com.tr\/index.php\/wp-json\/wp\/v2\/types\/product"}],"wp:attachment":[{"href":"https:\/\/roveyayinevi.com.tr\/index.php\/wp-json\/wp\/v2\/media?parent=743125"}],"wp:term":[{"taxonomy":"product_brand","embeddable":true,"href":"https:\/\/roveyayinevi.com.tr\/index.php\/wp-json\/wp\/v2\/product_brand?post=743125"},{"taxonomy":"product_cat","embeddable":true,"href":"https:\/\/roveyayinevi.com.tr\/index.php\/wp-json\/wp\/v2\/product_cat?post=743125"},{"taxonomy":"product_tag","embeddable":true,"href":"https:\/\/roveyayinevi.com.tr\/index.php\/wp-json\/wp\/v2\/product_tag?post=743125"}],"curies":[{"name":"wp","href":"https:\/\/api.w.org\/{rel}","templated":true}]}}