{"id":743124,"date":"2025-08-28T01:28:13","date_gmt":"2025-08-27T22:28:13","guid":{"rendered":"https:\/\/roveyayinevi.com.tr\/index.php\/urun\/bezelye-corbasi-dedektiflik-takimi-linanin-sirrini-nasil-cozduk\/"},"modified":"2026-04-16T02:54:03","modified_gmt":"2026-04-15T23:54:03","slug":"bezelye-corbasi-dedektiflik-takimi-linanin-sirrini-nasil-cozduk","status":"publish","type":"product","link":"https:\/\/roveyayinevi.com.tr\/index.php\/urun\/bezelye-corbasi-dedektiflik-takimi-linanin-sirrini-nasil-cozduk\/","title":{"rendered":"Bezelye \u00c7orbas\u0131 Dedektiflik Tak\u0131m\u0131 \u2013 Lina\u2019n\u0131n S\u0131rr\u0131n\u0131 Nas\u0131l \u00c7\u00f6zd\u00fck?"},"content":{"rendered":"<p>Nils ve Evi \u00e7ok emindir: Tuhaf giden bir \u015feyler vard\u0131r! Dakikli\u011fiyle bilinen Lina, okula ge\u00e7 kalmaya ba\u015flam\u0131\u015f, dedektiflik tak\u0131m\u0131 bulu\u015fmalar\u0131na bile kat\u0131lamamakt\u0131r.Az\u0131l\u0131 rakipleri 2 Soru \u0130\u015fareti Tak\u0131m\u0131 Lina\u2019y\u0131 takibe al\u0131nca Evi\u2019yle Nils de harekete ge\u00e7er. Yeni g\u00f6rev bellidir: Lina\u2019y\u0131 ara\u015ft\u0131racaklard\u0131r! Y\u0131\u011f\u0131nla resmi evrak ne i\u00e7indir? K\u00e2\u011f\u0131tlar\u0131n \u00fczerindekik\u0131rm\u0131z\u0131 art\u0131 i\u015fareti ne anlama gelmektedir ve en \u00f6nemlisi,Lina\u2019n\u0131n defterinin aras\u0131ndan d\u00fc\u015fen foto\u011fraftaki o\u011flan\u0131nt\u00fcm bunlarla ne ilgisi vard\u0131r?   Bezelye \u00c7orbas\u0131 Dedektiflik Tak\u0131m\u0131,arkada\u015fl\u0131\u011f\u0131n zorlu s\u0131navlar\u0131ndan ge\u00e7ipyeniden bir araya gelebilecek midir? <\/p>\n","protected":false},"excerpt":{"rendered":"<p>Nils ve Evi \u00e7ok emindir: Tuhaf giden bir \u015feyler vard\u0131r! Dakikli\u011fiyle bilinen Lina, okula ge\u00e7 kalmaya ba\u015flam\u0131\u015f, dedektiflik tak\u0131m\u0131 bulu\u015fmalar\u0131na bile kat\u0131lamamakt\u0131r.Az\u0131l\u0131 rakipleri 2 Soru \u0130\u015fareti<span class=\"excerpt-hellip\"> [\u2026]<\/span><\/p>\n","protected":false},"featured_media":0,"template":"","meta":{"_monsterinsights_skip_tracking":false,"_monsterinsights_sitenote_active":false,"_monsterinsights_sitenote_note":"","_monsterinsights_sitenote_category":0},"product_brand":[],"product_cat":[12274,12284],"product_tag":[],"class_list":{"0":"post-743124","1":"product","2":"type-product","3":"status-publish","5":"product_cat-cocuk-ve-genclik-kitaplari","6":"product_cat-hikayeler","7":"pa_cilt-ciltsiz","8":"pa_tur-kitap","9":"pa_yayinevi-kirmizi-kedi-yayinevi","10":"pa_yazar-rieke-patwardhan","12":"first","13":"instock","14":"sale","15":"shipping-taxable","16":"purchasable","17":"product-type-simple"},"_links":{"self":[{"href":"https:\/\/roveyayinevi.com.tr\/index.php\/wp-json\/wp\/v2\/product\/743124","targetHints":{"allow":["GET"]}}],"collection":[{"href":"https:\/\/roveyayinevi.com.tr\/index.php\/wp-json\/wp\/v2\/product"}],"about":[{"href":"https:\/\/roveyayinevi.com.tr\/index.php\/wp-json\/wp\/v2\/types\/product"}],"wp:attachment":[{"href":"https:\/\/roveyayinevi.com.tr\/index.php\/wp-json\/wp\/v2\/media?parent=743124"}],"wp:term":[{"taxonomy":"product_brand","embeddable":true,"href":"https:\/\/roveyayinevi.com.tr\/index.php\/wp-json\/wp\/v2\/product_brand?post=743124"},{"taxonomy":"product_cat","embeddable":true,"href":"https:\/\/roveyayinevi.com.tr\/index.php\/wp-json\/wp\/v2\/product_cat?post=743124"},{"taxonomy":"product_tag","embeddable":true,"href":"https:\/\/roveyayinevi.com.tr\/index.php\/wp-json\/wp\/v2\/product_tag?post=743124"}],"curies":[{"name":"wp","href":"https:\/\/api.w.org\/{rel}","templated":true}]}}