{"id":743122,"date":"2025-08-28T01:28:10","date_gmt":"2025-08-27T22:28:10","guid":{"rendered":"https:\/\/roveyayinevi.com.tr\/index.php\/urun\/ekiyorum-dikiyorum-suluyorum-ciftci-peygamberi-taniyorum-hz-adem\/"},"modified":"2026-04-16T02:54:03","modified_gmt":"2026-04-15T23:54:03","slug":"ekiyorum-dikiyorum-suluyorum-ciftci-peygamberi-taniyorum-hz-adem","status":"publish","type":"product","link":"https:\/\/roveyayinevi.com.tr\/index.php\/urun\/ekiyorum-dikiyorum-suluyorum-ciftci-peygamberi-taniyorum-hz-adem\/","title":{"rendered":"Ekiyorum, Dikiyorum, Suluyorum \u00c7ift\u00e7i Peygamberi Tan\u0131yorum &#8211; Hz. \u00c2dem"},"content":{"rendered":"<p>\u0130nsanlar bitki yeti\u015ftirmeyi bilmezken Topra\u011f\u0131 i\u015fleyen, leziz sebzeleri, Sulu sulu meyveleri yeti\u015ftiren, Bizlere \u00e7ift\u00e7ilik mesle\u011fini \u00f6\u011freten \u2018\u00c7ift\u00e7i Peygamber\u2019 ile tan\u0131\u015fmak ister misin? Ekiyorum, Dikiyorum, Suluyorum \u00c7ift\u00e7i Peygamberi Tan\u0131yorum &#8211; Hz. \u00c2dem  Peygamberler insand\u0131lar. \u00c7al\u0131\u015ft\u0131lar, \u00fcrettiler, meslek sahibi oldular. Bizlere birbirinden g\u00fczel icatlar ve meslekler miras b\u0131rakt\u0131lar.   Peygamber Meslekleri Hatice K\u00fcbra Tongar\u2019\u0131n kaleminden&#8230; <\/p>\n","protected":false},"excerpt":{"rendered":"<p>\u0130nsanlar bitki yeti\u015ftirmeyi bilmezken Topra\u011f\u0131 i\u015fleyen, leziz sebzeleri, Sulu sulu meyveleri yeti\u015ftiren, Bizlere \u00e7ift\u00e7ilik mesle\u011fini \u00f6\u011freten \u2018\u00c7ift\u00e7i Peygamber\u2019 ile tan\u0131\u015fmak ister misin? Ekiyorum, Dikiyorum, Suluyorum \u00c7ift\u00e7i<span class=\"excerpt-hellip\"> [\u2026]<\/span><\/p>\n","protected":false},"featured_media":0,"template":"","meta":{"_monsterinsights_skip_tracking":false,"_monsterinsights_sitenote_active":false,"_monsterinsights_sitenote_note":"","_monsterinsights_sitenote_category":0},"product_brand":[],"product_cat":[12274,18802],"product_tag":[],"class_list":{"0":"post-743122","1":"product","2":"type-product","3":"status-publish","5":"product_cat-cocuk-ve-genclik-kitaplari","6":"product_cat-din-egitimi","7":"pa_cilt-ciltsiz","8":"pa_tur-kitap","9":"pa_yayinevi-hayykitap","10":"pa_yazar-hatice-kubra-tongar","12":"first","13":"instock","14":"sale","15":"shipping-taxable","16":"purchasable","17":"product-type-simple"},"_links":{"self":[{"href":"https:\/\/roveyayinevi.com.tr\/index.php\/wp-json\/wp\/v2\/product\/743122","targetHints":{"allow":["GET"]}}],"collection":[{"href":"https:\/\/roveyayinevi.com.tr\/index.php\/wp-json\/wp\/v2\/product"}],"about":[{"href":"https:\/\/roveyayinevi.com.tr\/index.php\/wp-json\/wp\/v2\/types\/product"}],"wp:attachment":[{"href":"https:\/\/roveyayinevi.com.tr\/index.php\/wp-json\/wp\/v2\/media?parent=743122"}],"wp:term":[{"taxonomy":"product_brand","embeddable":true,"href":"https:\/\/roveyayinevi.com.tr\/index.php\/wp-json\/wp\/v2\/product_brand?post=743122"},{"taxonomy":"product_cat","embeddable":true,"href":"https:\/\/roveyayinevi.com.tr\/index.php\/wp-json\/wp\/v2\/product_cat?post=743122"},{"taxonomy":"product_tag","embeddable":true,"href":"https:\/\/roveyayinevi.com.tr\/index.php\/wp-json\/wp\/v2\/product_tag?post=743122"}],"curies":[{"name":"wp","href":"https:\/\/api.w.org\/{rel}","templated":true}]}}