{"id":743121,"date":"2025-08-28T01:28:09","date_gmt":"2025-08-27T22:28:09","guid":{"rendered":"https:\/\/roveyayinevi.com.tr\/index.php\/urun\/adan-zye-aromaterapi-karisimlari-2\/"},"modified":"2026-04-16T02:54:03","modified_gmt":"2026-04-15T23:54:03","slug":"adan-zye-aromaterapi-karisimlari-2","status":"publish","type":"product","link":"https:\/\/roveyayinevi.com.tr\/index.php\/urun\/adan-zye-aromaterapi-karisimlari-2\/","title":{"rendered":"A\u2019dan Z\u2019ye Aromaterapi Kar\u0131\u015f\u0131mlar\u0131 \u2013 2"},"content":{"rendered":"<p>Tamamlay\u0131c\u0131 T\u0131pta \u00d6zg\u00fcn ve G\u00fcvenli Kullan\u0131mlar\u0131yla   A\u2019dan Z\u2019ye Aromaterapi Kar\u0131\u015f\u0131mlar\u0131 &#8211; 2 Cilt Hasarlar\u0131 ve Hastal\u0131klar\u0131   D\u00f6rt profes\u00f6rden cilt hasarlar\u0131 ve hastal\u0131klar\u0131 i\u00e7in kullan\u0131labilecek 326 \u00f6zg\u00fcn kar\u0131\u015f\u0131m\u0131   Bitkilerin tedavi amac\u0131yla kullan\u0131m\u0131n\u0131n ilk insanlar taraf\u0131ndan g\u00f6zlemler ve deneyimler sonucu ke\u015ffedildi\u011fi, bu bilgilerin nesilden nesile aktar\u0131larak g\u00fcn\u00fcm\u00fcze kadar ula\u015ft\u0131\u011f\u0131 bilinmektedir.   Bitkiler ham drog veya ekstreleri halinde kullan\u0131labildi\u011fi gibi bitkilerden elde edilen u\u00e7ucu ve sabit ya\u011flar, hidrosoller, re\u00e7ineler, balsamlar ile bu kaynaklardan haz\u0131rlanan absol\u00fcler, anflorajlar ve ya\u011fl\u0131 maseratlar da g\u00fcn\u00fcm\u00fczde aromaterap\u00f6tik \u00fcr\u00fcnler olarak kullan\u0131lmaktad\u0131r.   U\u00e7ucu ya\u011flar\u0131n aromaterapi uygulamalar\u0131ndaki rol\u00fc t\u00fcm d\u00fcnyada h\u0131zla artmaktad\u0131r. Aromaterapi uygulamalar\u0131n\u0131n hem fiziksel hem de zihinsel ve ruhsal sa\u011fl\u0131\u011f\u0131 iyile\u015ftirdi\u011fi ve enerji d\u00fczeyini g\u00fc\u00e7lendirdi\u011fi kabul edilmektedir.   Bu kitap, aralar\u0131nda Avrupa Farmokopesi (European Directorate for the Ouality of Medicine-EDQM) 13\/B (Herbal Drugs and Herbal Drug Preparations) uzmanlar grubu \u00fcyesi bir profes\u00f6r ile Avrupa Bilimsel Fitoterapi Birli\u011fi (European Scientific Cooperative on Phytotherapy-ESCOP) bilimsel komitesi dan\u0131\u015fman edit\u00f6rler kurulu \u00fcyesi bir profes\u00f6r\u00fcn de bulundu\u011fu, yurti\u00e7inde ve yurt d\u0131\u015f\u0131nda bir\u00e7ok bilimsel dergide makaleleri yay\u0131nlanan, 4 profes\u00f6rden olu\u015fan bir grup taraf\u0131ndan haz\u0131rlanm\u0131\u015ft\u0131r. \u00c7e\u015fitli bilimsel kaynaklar ve konuya ili\u015fkin web siteleri \u00fczerinde yap\u0131lan inceleme ve de\u011ferlendirmeler sonucunda derlenen bilgilerin, yazarlar\u0131n uzun y\u0131llara dayanan bilgi birikimleri ve deneyimlerinin s\u00fczgecinden ge\u00e7irilmesi ile kaleme al\u0131narak okuyucuya sunulmu\u015ftur.   Ayn\u0131 zamanda T\u00fcrkiye\u2019de \u00e7ok satan, Tamamlay\u0131c\u0131 T\u0131p Onay\u0131 ve G\u00fcvenli Kullan\u0131m \u00d6nerileriyle bir ilk olan \u2018A\u2019dan Z\u2019ye T\u0131bbi Bitkiler\u2019 ve \u2018A\u2019dan Z\u2019ye T\u0131bbi Ya\u011flar ve Aromatik Sular\u2019 kitaplar\u0131n\u0131n yazarlar\u0131ndan da olan d\u00f6rt profes\u00f6r, 6 ciltten olu\u015fan \u2018A\u2019dan Z\u2019ye Aromaterapi Kar\u0131\u015f\u0131mlar\u0131\u2019 serisinin bu ikinci kitab\u0131nda; t\u0131bbi etkinlikleri bilimsel olarak kan\u0131tlanm\u0131\u015f u\u00e7ucu ya\u011flardan ve di\u011fer do\u011fal \u00fcr\u00fcnlerden hareketle haz\u0131rlanan; akne, \u00e7\u0131ban, \u00e7atlak, leke, k\u0131zar\u0131kl\u0131k, morluk, egzama, g\u00fcl hastal\u0131\u011f\u0131, isilik, ka\u015f\u0131nt\u0131, mantar, nas\u0131r, sedef, si\u011fil, sinek ve b\u00f6cek kovucu, sinek ve b\u00f6cek \u0131s\u0131r\u0131klar\u0131, u\u00e7uk, uyuz, vitiligo, yan\u0131k, yara, yatak yaras\u0131 ve zona gibi \u2018cilt hasarlar\u0131 ve hastal\u0131klar\u0131\u2019 i\u00e7in kullan\u0131labilecek 326 \u00f6zg\u00fcn kar\u0131\u015f\u0131m\u0131 okurlara sunmaktad\u0131r.   Kokular\u0131n gizemli d\u00fcnyas\u0131n\u0131n ruhsal ve bedensel sa\u011fl\u0131\u011f\u0131n\u0131za yararl\u0131 olmas\u0131n\u0131 dileriz. <\/p>\n","protected":false},"excerpt":{"rendered":"<p>Tamamlay\u0131c\u0131 T\u0131pta \u00d6zg\u00fcn ve G\u00fcvenli Kullan\u0131mlar\u0131yla A\u2019dan Z\u2019ye Aromaterapi Kar\u0131\u015f\u0131mlar\u0131 &#8211; 2 Cilt Hasarlar\u0131 ve Hastal\u0131klar\u0131 D\u00f6rt profes\u00f6rden cilt hasarlar\u0131 ve hastal\u0131klar\u0131 i\u00e7in kullan\u0131labilecek 326 \u00f6zg\u00fcn<span class=\"excerpt-hellip\"> [\u2026]<\/span><\/p>\n","protected":false},"featured_media":0,"template":"","meta":{"_monsterinsights_skip_tracking":false,"_monsterinsights_sitenote_active":false,"_monsterinsights_sitenote_note":"","_monsterinsights_sitenote_category":0},"product_brand":[],"product_cat":[13397,13365],"product_tag":[],"class_list":{"0":"post-743121","1":"product","2":"type-product","3":"status-publish","5":"product_cat-alternatif-tip-sifali-bitkiler","6":"product_cat-saglik","7":"pa_cilt-ciltsiz","8":"pa_tur-kitap","9":"pa_yayinevi-hayykitap","10":"pa_yazar-kolektif","12":"first","13":"instock","14":"sale","15":"shipping-taxable","16":"purchasable","17":"product-type-simple"},"_links":{"self":[{"href":"https:\/\/roveyayinevi.com.tr\/index.php\/wp-json\/wp\/v2\/product\/743121","targetHints":{"allow":["GET"]}}],"collection":[{"href":"https:\/\/roveyayinevi.com.tr\/index.php\/wp-json\/wp\/v2\/product"}],"about":[{"href":"https:\/\/roveyayinevi.com.tr\/index.php\/wp-json\/wp\/v2\/types\/product"}],"wp:attachment":[{"href":"https:\/\/roveyayinevi.com.tr\/index.php\/wp-json\/wp\/v2\/media?parent=743121"}],"wp:term":[{"taxonomy":"product_brand","embeddable":true,"href":"https:\/\/roveyayinevi.com.tr\/index.php\/wp-json\/wp\/v2\/product_brand?post=743121"},{"taxonomy":"product_cat","embeddable":true,"href":"https:\/\/roveyayinevi.com.tr\/index.php\/wp-json\/wp\/v2\/product_cat?post=743121"},{"taxonomy":"product_tag","embeddable":true,"href":"https:\/\/roveyayinevi.com.tr\/index.php\/wp-json\/wp\/v2\/product_tag?post=743121"}],"curies":[{"name":"wp","href":"https:\/\/api.w.org\/{rel}","templated":true}]}}