{"id":743120,"date":"2025-08-28T01:28:08","date_gmt":"2025-08-27T22:28:08","guid":{"rendered":"https:\/\/roveyayinevi.com.tr\/index.php\/urun\/metaforlar-hayat-anlam-ve-dil\/"},"modified":"2025-09-15T14:34:28","modified_gmt":"2025-09-15T11:34:28","slug":"metaforlar-hayat-anlam-ve-dil","status":"publish","type":"product","link":"https:\/\/roveyayinevi.com.tr\/index.php\/urun\/metaforlar-hayat-anlam-ve-dil\/","title":{"rendered":"Metaforlar Hayat, Anlam ve Dil"},"content":{"rendered":"<p>\u015eimdiden bir klasik olan Metaforlar: Hayat, Anlam ve Dil, dil ve anlam \u00fczerine d\u00fc\u015f\u00fcnmeyi sevenleri kendine \u00e7a\u011f\u0131r\u0131yor.\u0130nsanlar her konu\u015ftuklar\u0131nda metaforlar kullan\u0131rlar. Bu metaforlar\u0131n baz\u0131lar\u0131 edebi nitelik ta\u015f\u0131r, yani d\u00fc\u015f\u00fcncelerimizi daha canl\u0131 ya da e\u011flenceli k\u0131lan ara\u00e7lar olarak i\u015flev g\u00f6r\u00fcr. Ama \u00e7o\u011fu metafor \u00e7ok daha basittir, ya\u015fam\u0131m\u0131zla \u00f6yle b\u00fct\u00fcnle\u015fmi\u015flerdir ki onlar\u0131 fark\u0131nda olmadan kullan\u0131r\u0131z. Elinizdeki kitapta George Lakoff ve Mark Johnson, i\u015fte bu basit metaforlar\u0131n yaln\u0131zca fikir al\u0131\u015fveri\u015flerimizi etkilemekle kalmad\u0131\u011f\u0131n\u0131, en ba\u015f\u0131ndan beri t\u00fcm alg\u0131 ve anlay\u0131\u015f\u0131m\u0131z\u0131 yap\u0131land\u0131rd\u0131\u011f\u0131n\u0131 ileri s\u00fcr\u00fcyor. Dilbilim ve felsefenin farkl\u0131 bak\u0131\u015f a\u00e7\u0131lar\u0131n\u0131 bir araya getiren Lakoff ve Johnson, en yayg\u0131n metaforlara ve bunlar\u0131n insan zihni hakk\u0131nda neler s\u00f6yl\u00fcyor olabilece\u011fine dair ilgin\u00e7 ve \u015fa\u015f\u0131rt\u0131c\u0131 bir k\u0131lavuz sunuyor bizlere. Ayr\u0131ca 2003 y\u0131l\u0131nda ekledikleri yeni sons\u00f6zle de hem arg\u00fcmanlar\u0131n\u0131 geli\u015ftiriyor hem de metafor konusuna son y\u0131llarda ne gibi yeni d\u00fc\u015f\u00fcncelerin e\u015flik etti\u011fine dair etkileyici bir panorama sunuyorlar\u2026\u201c\u00c7ok tart\u0131\u015f\u0131lan metafor konusunda bug\u00fcne kadar kar\u015f\u0131la\u015ft\u0131\u011f\u0131m en orijinal ve de\u011ferli kitap.\u201d James D. McCawley \u201c\u00d6rneklerinin zenginli\u011fi ve analizlerinin a\u00e7\u0131kl\u0131\u011f\u0131yla, Lakoff ve Johnson dikkatimizi metafor-kategori sorununa \u00e7ekmeye zorluyor. Metaforlar, g\u00fcn\u00fcm\u00fczde birbirlerinden b\u00fcy\u00fck \u00f6l\u00e7\u00fcde izole olmu\u015f disiplinler aras\u0131nda ger\u00e7ekle\u015ftirilmi\u015f ba\u015far\u0131l\u0131 bir i\u015fbirli\u011fi \u00f6rne\u011fi.\u201d Robert Greene<\/p>\n","protected":false},"excerpt":{"rendered":"<p>\u015eimdiden bir klasik olan Metaforlar: Hayat, Anlam ve Dil, dil ve anlam \u00fczerine d\u00fc\u015f\u00fcnmeyi sevenleri kendine \u00e7a\u011f\u0131r\u0131yor.\u0130nsanlar her konu\u015ftuklar\u0131nda metaforlar kullan\u0131rlar. Bu metaforlar\u0131n baz\u0131lar\u0131 edebi nitelik<span class=\"excerpt-hellip\"> [\u2026]<\/span><\/p>\n","protected":false},"featured_media":0,"template":"","meta":{"_monsterinsights_skip_tracking":false,"_monsterinsights_sitenote_active":false,"_monsterinsights_sitenote_note":"","_monsterinsights_sitenote_category":0},"product_brand":[],"product_cat":[20225,12291],"product_tag":[],"class_list":{"0":"post-743120","1":"product","2":"type-product","3":"status-publish","5":"product_cat-dil-bilim","6":"product_cat-edebiyat","7":"pa_cilt-ciltsiz","8":"pa_tur-kitap","9":"pa_yayinevi-minotor-kitap","10":"pa_yazar-george-lakoff-mark-johnson","12":"first","13":"instock","14":"sale","15":"shipping-taxable","16":"purchasable","17":"product-type-simple"},"_links":{"self":[{"href":"https:\/\/roveyayinevi.com.tr\/index.php\/wp-json\/wp\/v2\/product\/743120","targetHints":{"allow":["GET"]}}],"collection":[{"href":"https:\/\/roveyayinevi.com.tr\/index.php\/wp-json\/wp\/v2\/product"}],"about":[{"href":"https:\/\/roveyayinevi.com.tr\/index.php\/wp-json\/wp\/v2\/types\/product"}],"wp:attachment":[{"href":"https:\/\/roveyayinevi.com.tr\/index.php\/wp-json\/wp\/v2\/media?parent=743120"}],"wp:term":[{"taxonomy":"product_brand","embeddable":true,"href":"https:\/\/roveyayinevi.com.tr\/index.php\/wp-json\/wp\/v2\/product_brand?post=743120"},{"taxonomy":"product_cat","embeddable":true,"href":"https:\/\/roveyayinevi.com.tr\/index.php\/wp-json\/wp\/v2\/product_cat?post=743120"},{"taxonomy":"product_tag","embeddable":true,"href":"https:\/\/roveyayinevi.com.tr\/index.php\/wp-json\/wp\/v2\/product_tag?post=743120"}],"curies":[{"name":"wp","href":"https:\/\/api.w.org\/{rel}","templated":true}]}}