{"id":743119,"date":"2025-08-28T01:28:07","date_gmt":"2025-08-27T22:28:07","guid":{"rendered":"https:\/\/roveyayinevi.com.tr\/index.php\/urun\/futbol-kuluplerinin-yonetimsel-olarak-karsilastirilmasi\/"},"modified":"2026-04-16T02:54:03","modified_gmt":"2026-04-15T23:54:03","slug":"futbol-kuluplerinin-yonetimsel-olarak-karsilastirilmasi","status":"publish","type":"product","link":"https:\/\/roveyayinevi.com.tr\/index.php\/urun\/futbol-kuluplerinin-yonetimsel-olarak-karsilastirilmasi\/","title":{"rendered":"Futbol Kul\u00fcplerinin Y\u00f6netimsel Olarak Kar\u015f\u0131la\u015ft\u0131r\u0131lmas\u0131"},"content":{"rendered":"<p>B\u00d6L\u00dcM 1 Sporun Tan\u0131m\u0131 ve \u00d6nemi \u00b7         Anayasada Spor \u00b7         Y\u00f6netim Nedir? \u00b7         Spor Y\u00f6netiminin Tan\u0131m\u0131 ve \u00d6nemi \u00b7         Spor Y\u00f6neticisi \u00b7         Spor Y\u00f6neticisinin \u00d6zellikleri \u00b7         Spor Federasyonlar\u0131 \u00b7         T\u00fcrkiye\u2019de Spor Kul\u00fcplerinin Yap\u0131s\u0131 \u00b7         Spor Kul\u00fcplerinin Dernek Olarak Kurulmas\u0131 \u00b7         Spor Kul\u00fcplerinin Anonim \u015eirket Olarak Kurulmas\u0131 \u00b7         D\u00fcnyada Futbol Y\u00f6netimi \u00b7         UEFA\u2019n\u0131n Tarih\u00e7esi \u00b7         UEFA Finansal Fair Play \u00b7         T\u00fcrkiye \u201ede Futbol Kul\u00fcplerinin Yap\u0131s\u0131 <\/p>\n","protected":false},"excerpt":{"rendered":"<p>B\u00d6L\u00dcM 1 Sporun Tan\u0131m\u0131 ve \u00d6nemi \u00b7 Anayasada Spor \u00b7 Y\u00f6netim Nedir? \u00b7 Spor Y\u00f6netiminin Tan\u0131m\u0131 ve \u00d6nemi \u00b7 Spor Y\u00f6neticisi \u00b7 Spor Y\u00f6neticisinin \u00d6zellikleri \u00b7<span class=\"excerpt-hellip\"> [\u2026]<\/span><\/p>\n","protected":false},"featured_media":0,"template":"","meta":{"_monsterinsights_skip_tracking":false,"_monsterinsights_sitenote_active":false,"_monsterinsights_sitenote_note":"","_monsterinsights_sitenote_category":0},"product_brand":[],"product_cat":[12573,12566],"product_tag":[],"class_list":{"0":"post-743119","1":"product","2":"type-product","3":"status-publish","5":"product_cat-akademik-kitaplar","6":"product_cat-egitim","7":"pa_cilt-ciltsiz","8":"pa_tur-kitap","9":"pa_yayinevi-gazi-kitabevi","10":"pa_yazar-cagri-izci","12":"first","13":"instock","14":"sale","15":"shipping-taxable","16":"purchasable","17":"product-type-simple"},"_links":{"self":[{"href":"https:\/\/roveyayinevi.com.tr\/index.php\/wp-json\/wp\/v2\/product\/743119","targetHints":{"allow":["GET"]}}],"collection":[{"href":"https:\/\/roveyayinevi.com.tr\/index.php\/wp-json\/wp\/v2\/product"}],"about":[{"href":"https:\/\/roveyayinevi.com.tr\/index.php\/wp-json\/wp\/v2\/types\/product"}],"wp:attachment":[{"href":"https:\/\/roveyayinevi.com.tr\/index.php\/wp-json\/wp\/v2\/media?parent=743119"}],"wp:term":[{"taxonomy":"product_brand","embeddable":true,"href":"https:\/\/roveyayinevi.com.tr\/index.php\/wp-json\/wp\/v2\/product_brand?post=743119"},{"taxonomy":"product_cat","embeddable":true,"href":"https:\/\/roveyayinevi.com.tr\/index.php\/wp-json\/wp\/v2\/product_cat?post=743119"},{"taxonomy":"product_tag","embeddable":true,"href":"https:\/\/roveyayinevi.com.tr\/index.php\/wp-json\/wp\/v2\/product_tag?post=743119"}],"curies":[{"name":"wp","href":"https:\/\/api.w.org\/{rel}","templated":true}]}}