{"id":743117,"date":"2025-08-28T01:28:05","date_gmt":"2025-08-27T22:28:05","guid":{"rendered":"https:\/\/roveyayinevi.com.tr\/index.php\/urun\/mali-anayasa\/"},"modified":"2026-04-16T02:54:03","modified_gmt":"2026-04-15T23:54:03","slug":"mali-anayasa","status":"publish","type":"product","link":"https:\/\/roveyayinevi.com.tr\/index.php\/urun\/mali-anayasa\/","title":{"rendered":"Mali Anayasa"},"content":{"rendered":"<p>\u0130\u00e7indekiler:   B\u0130R\u0130NC\u0130 B\u00d6L\u00dcM MAL\u0130 ANAYASA: KAVRAMSAL VE KURAMSAL \u00c7ER\u00c7EVE   \u0130K\u0130NC\u0130 B\u00d6L\u00dcM MAL\u0130 ANAYASANIN UNSURLARI: B\u00dcT\u00c7E, VERG\u0130 \u2013 HARCAMA VE BOR\u00c7LANMA \u00dcZER\u0130NE SINIRLAMALAR   \u00dc\u00c7\u00dcNC\u00dc B\u00d6L\u00dcM MAL\u0130 ANAYASA VE MAL\u0130 KURAL: D\u00dcNYA UYGULAMALARI VE T\u00dcRK\u0130YE\u2019DE UYGULANAB\u0130L\u0130RL\u0130\u011e\u0130N\u0130N DE\u011eERLEND\u0130R\u0130LMES\u0130   <\/p>\n","protected":false},"excerpt":{"rendered":"<p>\u0130\u00e7indekiler: B\u0130R\u0130NC\u0130 B\u00d6L\u00dcM MAL\u0130 ANAYASA: KAVRAMSAL VE KURAMSAL \u00c7ER\u00c7EVE \u0130K\u0130NC\u0130 B\u00d6L\u00dcM MAL\u0130 ANAYASANIN UNSURLARI: B\u00dcT\u00c7E, VERG\u0130 \u2013 HARCAMA VE BOR\u00c7LANMA \u00dcZER\u0130NE SINIRLAMALAR \u00dc\u00c7\u00dcNC\u00dc B\u00d6L\u00dcM MAL\u0130 ANAYASA<span class=\"excerpt-hellip\"> [\u2026]<\/span><\/p>\n","protected":false},"featured_media":0,"template":"","meta":{"_monsterinsights_skip_tracking":false,"_monsterinsights_sitenote_active":false,"_monsterinsights_sitenote_note":"","_monsterinsights_sitenote_category":0},"product_brand":[],"product_cat":[13043,14381],"product_tag":[],"class_list":{"0":"post-743117","1":"product","2":"type-product","3":"status-publish","5":"product_cat-ekonomi","6":"product_cat-isletme-muhasebe-maliye","7":"pa_cilt-ciltsiz","8":"pa_tur-kitap","9":"pa_yayinevi-gazi-kitabevi","10":"pa_yazar-bilgehan-sezgin","12":"first","13":"instock","14":"sale","15":"shipping-taxable","16":"purchasable","17":"product-type-simple"},"_links":{"self":[{"href":"https:\/\/roveyayinevi.com.tr\/index.php\/wp-json\/wp\/v2\/product\/743117","targetHints":{"allow":["GET"]}}],"collection":[{"href":"https:\/\/roveyayinevi.com.tr\/index.php\/wp-json\/wp\/v2\/product"}],"about":[{"href":"https:\/\/roveyayinevi.com.tr\/index.php\/wp-json\/wp\/v2\/types\/product"}],"wp:attachment":[{"href":"https:\/\/roveyayinevi.com.tr\/index.php\/wp-json\/wp\/v2\/media?parent=743117"}],"wp:term":[{"taxonomy":"product_brand","embeddable":true,"href":"https:\/\/roveyayinevi.com.tr\/index.php\/wp-json\/wp\/v2\/product_brand?post=743117"},{"taxonomy":"product_cat","embeddable":true,"href":"https:\/\/roveyayinevi.com.tr\/index.php\/wp-json\/wp\/v2\/product_cat?post=743117"},{"taxonomy":"product_tag","embeddable":true,"href":"https:\/\/roveyayinevi.com.tr\/index.php\/wp-json\/wp\/v2\/product_tag?post=743117"}],"curies":[{"name":"wp","href":"https:\/\/api.w.org\/{rel}","templated":true}]}}