{"id":743115,"date":"2025-08-28T01:28:02","date_gmt":"2025-08-27T22:28:02","guid":{"rendered":"https:\/\/roveyayinevi.com.tr\/index.php\/urun\/kalender-isyan\/"},"modified":"2026-04-16T02:54:02","modified_gmt":"2026-04-15T23:54:02","slug":"kalender-isyan","status":"publish","type":"product","link":"https:\/\/roveyayinevi.com.tr\/index.php\/urun\/kalender-isyan\/","title":{"rendered":"Kalender \u0130syan"},"content":{"rendered":"<p>bir y\u00fcr\u00fcy\u00fc\u015f ki bu Malya\u2019da kavu\u015fur kollar\u0131 tozu d\u00fc\u015fmemi\u015ftir daha ovan\u0131n \u00e7i\u00e7eklerine rengi senelerdir gelinciklerde biriken Babailerin   bir y\u00fcr\u00fcy\u00fc\u015f ki bu Karaburun\u2019dan dolar gelir f\u0131rt\u0131nalar a\u011fr\u0131na gider B\u00f6rkl\u00fcce\u2019nin e\u011fer duymadan ge\u00e7ersek kayalar\u0131n f\u0131s\u0131lt\u0131lar\u0131n\u0131 ama f\u0131s\u0131lt\u0131lar g\u00f6k g\u00fcr\u00fclt\u00fcs\u00fc gibi yank\u0131lan\u0131yor yasak kitaplar\u0131n m\u00fch\u00fcrleri eridik\u00e7e   bir y\u00fcr\u00fcy\u00fc\u015f ki bu \u201c Y\u0131ld\u0131z Da\u011f\u0131 yine duman i\u00e7indedir\u201d dara\u011fa\u00e7lar\u0131nda \u00e7o\u011fal\u0131r isyanlar be\u015f y\u00fcz y\u0131l ge\u00e7mi\u015f daha buraday\u0131z bak yine y\u00fcr\u00fcyoruz Banaz\u2019dan   bir y\u00fcr\u00fcy\u00fc\u015f ki bu Hac\u0131bekta\u015f ba\u015fka bir tela\u015fa d\u00fc\u015fm\u00fc\u015f kalabal\u0131klar s\u0131\u011fmazken yery\u00fcz\u00fcne b\u00fct\u00fcn k\u0131rlang\u0131\u00e7lar \u00e7\u0131\u011fl\u0131k \u00e7\u0131\u011fl\u0131\u011fa divan kurmaya haz\u0131rlanmaktad\u0131r ela g\u00f6zl\u00fc pirim en \u00f6n saf\u0131ndad\u0131r bu Kalender Destan\u0131n <\/p>\n","protected":false},"excerpt":{"rendered":"<p>bir y\u00fcr\u00fcy\u00fc\u015f ki bu Malya\u2019da kavu\u015fur kollar\u0131 tozu d\u00fc\u015fmemi\u015ftir daha ovan\u0131n \u00e7i\u00e7eklerine rengi senelerdir gelinciklerde biriken Babailerin bir y\u00fcr\u00fcy\u00fc\u015f ki bu Karaburun\u2019dan dolar gelir f\u0131rt\u0131nalar a\u011fr\u0131na<span class=\"excerpt-hellip\"> [\u2026]<\/span><\/p>\n","protected":false},"featured_media":0,"template":"","meta":{"_monsterinsights_skip_tracking":false,"_monsterinsights_sitenote_active":false,"_monsterinsights_sitenote_note":"","_monsterinsights_sitenote_category":0},"product_brand":[],"product_cat":[12291,12509],"product_tag":[],"class_list":{"0":"post-743115","1":"product","2":"type-product","3":"status-publish","5":"product_cat-edebiyat","6":"product_cat-siir","7":"pa_cilt-ciltsiz","8":"pa_tur-kitap","9":"pa_yayinevi-favori-yayinlari","10":"pa_yazar-birturk-ozkavak","12":"first","13":"instock","14":"sale","15":"shipping-taxable","16":"purchasable","17":"product-type-simple"},"_links":{"self":[{"href":"https:\/\/roveyayinevi.com.tr\/index.php\/wp-json\/wp\/v2\/product\/743115","targetHints":{"allow":["GET"]}}],"collection":[{"href":"https:\/\/roveyayinevi.com.tr\/index.php\/wp-json\/wp\/v2\/product"}],"about":[{"href":"https:\/\/roveyayinevi.com.tr\/index.php\/wp-json\/wp\/v2\/types\/product"}],"wp:attachment":[{"href":"https:\/\/roveyayinevi.com.tr\/index.php\/wp-json\/wp\/v2\/media?parent=743115"}],"wp:term":[{"taxonomy":"product_brand","embeddable":true,"href":"https:\/\/roveyayinevi.com.tr\/index.php\/wp-json\/wp\/v2\/product_brand?post=743115"},{"taxonomy":"product_cat","embeddable":true,"href":"https:\/\/roveyayinevi.com.tr\/index.php\/wp-json\/wp\/v2\/product_cat?post=743115"},{"taxonomy":"product_tag","embeddable":true,"href":"https:\/\/roveyayinevi.com.tr\/index.php\/wp-json\/wp\/v2\/product_tag?post=743115"}],"curies":[{"name":"wp","href":"https:\/\/api.w.org\/{rel}","templated":true}]}}