{"id":743114,"date":"2025-08-28T01:28:01","date_gmt":"2025-08-27T22:28:01","guid":{"rendered":"https:\/\/roveyayinevi.com.tr\/index.php\/urun\/gecekondu-3\/"},"modified":"2026-01-27T03:20:48","modified_gmt":"2026-01-27T00:20:48","slug":"gecekondu-3","status":"publish","type":"product","link":"https:\/\/roveyayinevi.com.tr\/index.php\/urun\/gecekondu-3\/","title":{"rendered":"Gecekondu"},"content":{"rendered":"<p>T\u00fcrkiye\u2019deki solun kendi aras\u0131ndaki b\u00f6l\u00fcnme ve rekabet gittik\u00e7e sertle\u015fmeye ba\u015flam\u0131\u015ft\u0131. Bu sertle\u015fme tabanda daha belirgin bir h\u00e2l alm\u0131\u015ft\u0131. \u00c7\u00fcnk\u00fc tabandakiler mahallelere h\u00e2kim olup \u00fcstlerine kendilerini ispatlamak istiyorlard\u0131. Okuma, \u00f6\u011frenme yerine, eylem \u00e7ok daha \u00f6nemliydi onlar i\u00e7in. \u0130\u015fte b\u00f6yle bir d\u00f6nemde polisin mahalleyi sarmas\u0131 pek hayra alamet de\u011fildi. Bunu hisseden Zafer, tedirgin bir ruh h\u00e2liyle koyuldu yola. O mahallede b\u00fcy\u00fcd\u00fc\u011f\u00fc i\u00e7in hangi sokaktan ve nas\u0131l gidilece\u011fini \u00e7ok iyi biliyordu. Dereden mahalleye girdi\u011finde, \u00fc\u00e7 be\u015f kad\u0131n\u0131n kendi aralar\u0131nda konu\u015ftuklar\u0131n\u0131 g\u00f6rd\u00fc. Biraz mola vererek onlar\u0131 dinlemeye koyuldu. Kad\u0131nlar, etraf\u0131 polislerin sard\u0131\u011f\u0131n\u0131 s\u00f6ylerken, bir taraftan da olay\u0131 anlat\u0131yorlard\u0131.   <\/p>\n","protected":false},"excerpt":{"rendered":"<p>T\u00fcrkiye\u2019deki solun kendi aras\u0131ndaki b\u00f6l\u00fcnme ve rekabet gittik\u00e7e sertle\u015fmeye ba\u015flam\u0131\u015ft\u0131. Bu sertle\u015fme tabanda daha belirgin bir h\u00e2l alm\u0131\u015ft\u0131. \u00c7\u00fcnk\u00fc tabandakiler mahallelere h\u00e2kim olup \u00fcstlerine kendilerini ispatlamak<span class=\"excerpt-hellip\"> [\u2026]<\/span><\/p>\n","protected":false},"featured_media":0,"template":"","meta":{"_monsterinsights_skip_tracking":false,"_monsterinsights_sitenote_active":false,"_monsterinsights_sitenote_note":"","_monsterinsights_sitenote_category":0},"product_brand":[],"product_cat":[12291,12711],"product_tag":[],"class_list":{"0":"post-743114","1":"product","2":"type-product","3":"status-publish","5":"product_cat-edebiyat","6":"product_cat-roman-oyku","7":"pa_cilt-ciltsiz","8":"pa_tur-kitap","9":"pa_yayinevi-favori-yayinlari","10":"pa_yazar-muzaffer-bal","12":"first","13":"instock","14":"sale","15":"shipping-taxable","16":"purchasable","17":"product-type-simple"},"_links":{"self":[{"href":"https:\/\/roveyayinevi.com.tr\/index.php\/wp-json\/wp\/v2\/product\/743114","targetHints":{"allow":["GET"]}}],"collection":[{"href":"https:\/\/roveyayinevi.com.tr\/index.php\/wp-json\/wp\/v2\/product"}],"about":[{"href":"https:\/\/roveyayinevi.com.tr\/index.php\/wp-json\/wp\/v2\/types\/product"}],"wp:attachment":[{"href":"https:\/\/roveyayinevi.com.tr\/index.php\/wp-json\/wp\/v2\/media?parent=743114"}],"wp:term":[{"taxonomy":"product_brand","embeddable":true,"href":"https:\/\/roveyayinevi.com.tr\/index.php\/wp-json\/wp\/v2\/product_brand?post=743114"},{"taxonomy":"product_cat","embeddable":true,"href":"https:\/\/roveyayinevi.com.tr\/index.php\/wp-json\/wp\/v2\/product_cat?post=743114"},{"taxonomy":"product_tag","embeddable":true,"href":"https:\/\/roveyayinevi.com.tr\/index.php\/wp-json\/wp\/v2\/product_tag?post=743114"}],"curies":[{"name":"wp","href":"https:\/\/api.w.org\/{rel}","templated":true}]}}