{"id":743112,"date":"2025-08-28T01:27:58","date_gmt":"2025-08-27T22:27:58","guid":{"rendered":"https:\/\/roveyayinevi.com.tr\/index.php\/urun\/arapca-dilbilgisi\/"},"modified":"2026-04-16T02:54:02","modified_gmt":"2026-04-15T23:54:02","slug":"arapca-dilbilgisi","status":"publish","type":"product","link":"https:\/\/roveyayinevi.com.tr\/index.php\/urun\/arapca-dilbilgisi\/","title":{"rendered":"Arap\u00e7a DilBilgisi"},"content":{"rendered":"<p>K\u00fcreselle\u015fen ve k\u00fc\u00e7\u00fclen g\u00fcn\u00fcm\u00fcz d\u00fcnyas\u0131n\u0131n en b\u00fcy\u00fck akt\u00f6r\u00fc olan ileti\u015fim \u00e7a\u011f\u0131, yeni teknoloji \u00fcr\u00fcnleriyle bulu\u015farak devasa ad\u0131mlarla ilerlerken Orta Do\u011fu \u00fclkeleriyle olan ticari, ekonomik, siyasi ve turizm alanlar\u0131ndaki ili\u015fkilerimizin, daha da geli\u015ferek arzu edilen seviyeye ula\u015fabilmesi i\u00e7in iyi bir ileti\u015fim arac\u0131 olan dile daha do\u011frusu Arap\u00e7a \u00f6\u011frenmeye b\u00fcy\u00fck \u00f6l\u00e7\u00fcde ihtiya\u00e7 has\u0131l olmu\u015ftur. Bilindi\u011fi \u00fczere Arap\u00e7a dil e\u011fitiminde iki temel kavram; Sarf ve Nahiv (morfoloji\/bi\u00e7im bilgisi\/kelime yap\u0131s\u0131 ve sentaks\/ s\u00f6z dizimi\/c\u00fcmle yap\u0131s\u0131) olarak bilinen alanlar b\u00fcy\u00fck \u00f6nem arz etmektedir. Elinizdeki Arap\u00e7a Dilbilgisi kitab\u0131, benzerlerinden farkl\u0131 olarak s\u00f6z konusu bu alanlar\u0131 i\u00e7eren Fiil, \u0130sim, Edat ve C\u00fcmle olmak \u00fczere d\u00f6rt ana ba\u015fl\u0131k alt\u0131nda sunulmaktad\u0131r. Arap\u00e7a \u00f6\u011frenenlerin kar\u015f\u0131la\u015ft\u0131klar\u0131; \u00f6zellikle karma\u015f\u0131k ve zor gibi g\u00f6z\u00fcken konular, en ince detaylar\u0131yla g\u00fcncel ve bol \u00f6rnek c\u00fcmleler \u0131\u015f\u0131\u011f\u0131nda anla\u015f\u0131labilir ve ak\u0131c\u0131 bir \u00fcslupla, s\u00f6zl\u00fck kullanma becerisini de kazand\u0131racak \u015fekilde kaleme al\u0131narak siz sayg\u0131 de\u011fer okurlar\u0131yla bulu\u015fturmaktad\u0131r. Samimi ve i\u00e7ten bir \u00e7al\u0131\u015fma sonucu v\u00fccut bulmu\u015f bu eserin, t\u00fcm Arap\u00e7a \u00f6\u011freneceklere faydal\u0131 ve hay\u0131rlara vesile olmas\u0131n\u0131 Y\u00fcce Allah\u2019tan niyaz ederiz. <\/p>\n","protected":false},"excerpt":{"rendered":"<p>K\u00fcreselle\u015fen ve k\u00fc\u00e7\u00fclen g\u00fcn\u00fcm\u00fcz d\u00fcnyas\u0131n\u0131n en b\u00fcy\u00fck akt\u00f6r\u00fc olan ileti\u015fim \u00e7a\u011f\u0131, yeni teknoloji \u00fcr\u00fcnleriyle bulu\u015farak devasa ad\u0131mlarla ilerlerken Orta Do\u011fu \u00fclkeleriyle olan ticari, ekonomik, siyasi ve<span class=\"excerpt-hellip\"> [\u2026]<\/span><\/p>\n","protected":false},"featured_media":0,"template":"","meta":{"_monsterinsights_skip_tracking":false,"_monsterinsights_sitenote_active":false,"_monsterinsights_sitenote_note":"","_monsterinsights_sitenote_category":0},"product_brand":[],"product_cat":[14597,12566],"product_tag":[],"class_list":{"0":"post-743112","1":"product","2":"type-product","3":"status-publish","5":"product_cat-dil-ogrenimi","6":"product_cat-egitim","7":"pa_cilt-ciltsiz","8":"pa_tur-kitap","9":"pa_yayinevi-platanus-publishing","10":"pa_yazar-ahmet-ugurlu","12":"first","13":"instock","14":"sale","15":"shipping-taxable","16":"purchasable","17":"product-type-simple"},"_links":{"self":[{"href":"https:\/\/roveyayinevi.com.tr\/index.php\/wp-json\/wp\/v2\/product\/743112","targetHints":{"allow":["GET"]}}],"collection":[{"href":"https:\/\/roveyayinevi.com.tr\/index.php\/wp-json\/wp\/v2\/product"}],"about":[{"href":"https:\/\/roveyayinevi.com.tr\/index.php\/wp-json\/wp\/v2\/types\/product"}],"wp:attachment":[{"href":"https:\/\/roveyayinevi.com.tr\/index.php\/wp-json\/wp\/v2\/media?parent=743112"}],"wp:term":[{"taxonomy":"product_brand","embeddable":true,"href":"https:\/\/roveyayinevi.com.tr\/index.php\/wp-json\/wp\/v2\/product_brand?post=743112"},{"taxonomy":"product_cat","embeddable":true,"href":"https:\/\/roveyayinevi.com.tr\/index.php\/wp-json\/wp\/v2\/product_cat?post=743112"},{"taxonomy":"product_tag","embeddable":true,"href":"https:\/\/roveyayinevi.com.tr\/index.php\/wp-json\/wp\/v2\/product_tag?post=743112"}],"curies":[{"name":"wp","href":"https:\/\/api.w.org\/{rel}","templated":true}]}}