{"id":743111,"date":"2025-08-28T01:27:57","date_gmt":"2025-08-27T22:27:57","guid":{"rendered":"https:\/\/roveyayinevi.com.tr\/index.php\/urun\/gunes-orada-daha-kirmizi\/"},"modified":"2026-04-16T02:54:02","modified_gmt":"2026-04-15T23:54:02","slug":"gunes-orada-daha-kirmizi","status":"publish","type":"product","link":"https:\/\/roveyayinevi.com.tr\/index.php\/urun\/gunes-orada-daha-kirmizi\/","title":{"rendered":"G\u00fcne\u015f Orada Daha K\u0131rm\u0131z\u0131"},"content":{"rendered":"<p>Kehribar kolyesi bir kor halini alm\u0131\u015ft\u0131. Onu avucunun i\u00e7inde s\u0131kt\u0131&#8230; S\u0131kt\u0131&#8230; Sonra onu gen\u00e7 adama do\u011fru atmaya \u00e7al\u0131\u015ft\u0131 ama atamad\u0131. Elleri yanm\u0131\u015ft\u0131. Kolyeyi b\u0131rakt\u0131. Kolye bir anda bedeninde patlad\u0131. G\u00fcne\u015fin k\u0131z\u0131l huzmeleri bir o kadar \u00e7o\u011fal\u0131rken, gen\u00e7 kad\u0131n\u0131nda par\u00e7alanan bedeni de bu yak\u0131c\u0131 alevler i\u00e7inde yan\u0131p kayboldu. Deniz bu olu\u015fumlar\u0131 art\u0131k s\u00f6nmekte olan g\u00f6zlerinin feri ile izliyordu. Deniz b\u00fct\u00fcn g\u00fcc\u00fcn\u00fc toplayarak son bir kez denizk\u0131z\u0131na elini uzatt\u0131. Kalbinin bu kadar heyecan, ac\u0131 ve \u00fcz\u00fcnt\u00fcy\u00fc ta\u015f\u0131yamayaca\u011f\u0131n\u0131 biliyordu. G\u00f6zlerindeki \u0131\u015f\u0131k bir mum gibi eriyerek kaybolmaya ba\u015flam\u0131\u015ft\u0131. Denizk\u0131z\u0131 ge\u00e7 de olsa bunu fark edebilmi\u015fti. Sevgilisi an be an \u00f6l\u00fcm ile bulu\u015fma\u011fa gidiyordu. Denizk\u0131z\u0131, a\u015f\u0131\u011f\u0131n\u0131n ona anlatmak istedi\u011fi bir \u015feylerin oldu\u011funu g\u00f6r\u00fcyordu ama duyam\u0131yordu. Semadan y\u00fckselen \u0130ffet\u2019in bill\u00fbr sesi \u201c SEN\u0130 \u00d6ZLEYECE\u011e\u0130M.\u201d Gen\u00e7 adam\u0131n konu\u015fmalar\u0131n\u0131 perdeliyordu. Denizk\u0131z\u0131, son bir gayretle, sevgilisinin dudaklar\u0131ndan d\u00f6k\u00fclen kelimeleri anlayabilmek i\u00e7in e\u011fildi. Kula\u011f\u0131n\u0131 a\u015f\u0131\u011f\u0131n\u0131n dudaklar\u0131na g\u00f6t\u00fcrd\u00fc\u011f\u00fcnde en son duyabildi\u011fi s\u00f6zc\u00fck buydu, i\u015faret parma\u011f\u0131 g\u00fcne\u015fi g\u00f6sterirken; ***DEN\u0130ZKIZI SEMAYA BAK. G\u00dcNE\u015e ORADA DAHA KIRMIZI*** <\/p>\n","protected":false},"excerpt":{"rendered":"<p>Kehribar kolyesi bir kor halini alm\u0131\u015ft\u0131. Onu avucunun i\u00e7inde s\u0131kt\u0131&#8230; S\u0131kt\u0131&#8230; Sonra onu gen\u00e7 adama do\u011fru atmaya \u00e7al\u0131\u015ft\u0131 ama atamad\u0131. Elleri yanm\u0131\u015ft\u0131. Kolyeyi b\u0131rakt\u0131. Kolye bir<span class=\"excerpt-hellip\"> [\u2026]<\/span><\/p>\n","protected":false},"featured_media":0,"template":"","meta":{"_monsterinsights_skip_tracking":false,"_monsterinsights_sitenote_active":false,"_monsterinsights_sitenote_note":"","_monsterinsights_sitenote_category":0},"product_brand":[],"product_cat":[12291,12711],"product_tag":[],"class_list":{"0":"post-743111","1":"product","2":"type-product","3":"status-publish","5":"product_cat-edebiyat","6":"product_cat-roman-oyku","7":"pa_cilt-ciltsiz","8":"pa_tur-kitap","9":"pa_yayinevi-platanus-publishing","10":"pa_yazar-semsettin-topcu","12":"first","13":"instock","14":"sale","15":"shipping-taxable","16":"purchasable","17":"product-type-simple"},"_links":{"self":[{"href":"https:\/\/roveyayinevi.com.tr\/index.php\/wp-json\/wp\/v2\/product\/743111","targetHints":{"allow":["GET"]}}],"collection":[{"href":"https:\/\/roveyayinevi.com.tr\/index.php\/wp-json\/wp\/v2\/product"}],"about":[{"href":"https:\/\/roveyayinevi.com.tr\/index.php\/wp-json\/wp\/v2\/types\/product"}],"wp:attachment":[{"href":"https:\/\/roveyayinevi.com.tr\/index.php\/wp-json\/wp\/v2\/media?parent=743111"}],"wp:term":[{"taxonomy":"product_brand","embeddable":true,"href":"https:\/\/roveyayinevi.com.tr\/index.php\/wp-json\/wp\/v2\/product_brand?post=743111"},{"taxonomy":"product_cat","embeddable":true,"href":"https:\/\/roveyayinevi.com.tr\/index.php\/wp-json\/wp\/v2\/product_cat?post=743111"},{"taxonomy":"product_tag","embeddable":true,"href":"https:\/\/roveyayinevi.com.tr\/index.php\/wp-json\/wp\/v2\/product_tag?post=743111"}],"curies":[{"name":"wp","href":"https:\/\/api.w.org\/{rel}","templated":true}]}}