{"id":743110,"date":"2025-08-28T01:27:56","date_gmt":"2025-08-27T22:27:56","guid":{"rendered":"https:\/\/roveyayinevi.com.tr\/index.php\/urun\/kucuk-mecmua-3-cilt-takim\/"},"modified":"2026-04-16T02:54:02","modified_gmt":"2026-04-15T23:54:02","slug":"kucuk-mecmua-3-cilt-takim","status":"publish","type":"product","link":"https:\/\/roveyayinevi.com.tr\/index.php\/urun\/kucuk-mecmua-3-cilt-takim\/","title":{"rendered":"K\u00fc\u00e7\u00fck Mecmua (3 Cilt Tak\u0131m)"},"content":{"rendered":"<p>Atat\u00fcrk\u2019\u00fcn, \u201cFikirlerimin babas\u0131\u201d diye nitelendirip \u00f6vd\u00fc\u011f\u00fc b\u00fcy\u00fck T\u00fcrk filozofu Ziya G\u00f6kalp, \u00fclkemizin ulus\u00e7a siyas\u00ee, iktisad\u00ee, k\u00fclt\u00fcrel ve din\u00ee buhranlar\u0131 en \u015fiddetli bi\u00e7imde ya\u015fad\u0131\u011f\u0131 son y\u0131llarda yeniden ke\u015ffedilmeye ve anla\u015f\u0131lmaya ba\u015flanm\u0131\u015ft\u0131r.   Ziya G\u00f6kalp felsefeden sosyolojiye, siyasetten ekonomiye pek \u00e7ok konuda yeri h\u00e2l\u00e2 doldurulamayacak yap\u0131tlar kaleme alm\u0131\u015ft\u0131r. Bunlardan bir\u00e7o\u011fu bug\u00fcnk\u00fc T\u00fcrk\u00e7eye aktar\u0131lm\u0131\u015f bulunmaktad\u0131r. Ancak onun 1922\u2019de Diyarbak\u0131r\u2019da \u00e7\u0131karm\u0131\u015f oldu\u011fu \u201cK\u00fc\u00e7\u00fck Mecmua\u201d adl\u0131 dergi hen\u00fcz Osmanl\u0131cadan g\u00fcn\u00fcm\u00fcz T\u00fcrk\u00e7esine kazand\u0131r\u0131lmam\u0131\u015ft\u0131. Bu \u00e7al\u0131\u015fma, tam 87 y\u0131ld\u0131r g\u00fcn \u0131\u015f\u0131\u011f\u0131na \u00e7\u0131kmay\u0131 bekleyen i\u015fte bu mecmuan\u0131n \u00e7evirisidir.   K\u00fc\u00e7\u00fck Mecmua edebiyattan sanata, T\u00fcrk halk k\u00fclt\u00fcr\u00fcnden siyasete ve tarih biliminden antropolojiye kadar \u00f6zg\u00fcn yaz\u0131lar\u0131yla tam bir ansiklopedik i\u00e7erik ta\u015f\u0131maktad\u0131r. T\u00fcm\u00fc,  ilk defa bu \u00e7al\u0131\u015fmada toplu olarak \u00e7evrilerek T\u00fcrk okuru ve ara\u015ft\u0131rmac\u0131s\u0131na sunulmu\u015f bulunmaktad\u0131r. <\/p>\n","protected":false},"excerpt":{"rendered":"<p>Atat\u00fcrk\u2019\u00fcn, \u201cFikirlerimin babas\u0131\u201d diye nitelendirip \u00f6vd\u00fc\u011f\u00fc b\u00fcy\u00fck T\u00fcrk filozofu Ziya G\u00f6kalp, \u00fclkemizin ulus\u00e7a siyas\u00ee, iktisad\u00ee, k\u00fclt\u00fcrel ve din\u00ee buhranlar\u0131 en \u015fiddetli bi\u00e7imde ya\u015fad\u0131\u011f\u0131 son y\u0131llarda yeniden<span class=\"excerpt-hellip\"> [\u2026]<\/span><\/p>\n","protected":false},"featured_media":0,"template":"","meta":{"_monsterinsights_skip_tracking":false,"_monsterinsights_sitenote_active":false,"_monsterinsights_sitenote_note":"","_monsterinsights_sitenote_category":0},"product_brand":[],"product_cat":[13059,12337],"product_tag":[],"class_list":{"0":"post-743110","1":"product","2":"type-product","3":"status-publish","5":"product_cat-diger-politika-siyaset","6":"product_cat-politika-siyaset","7":"pa_cilt-ciltsiz","8":"pa_tur-kitap","9":"pa_yayinevi-pankus-yayinlari","10":"pa_yazar-ziya-gokalp","12":"first","13":"instock","14":"sale","15":"shipping-taxable","16":"purchasable","17":"product-type-simple"},"_links":{"self":[{"href":"https:\/\/roveyayinevi.com.tr\/index.php\/wp-json\/wp\/v2\/product\/743110","targetHints":{"allow":["GET"]}}],"collection":[{"href":"https:\/\/roveyayinevi.com.tr\/index.php\/wp-json\/wp\/v2\/product"}],"about":[{"href":"https:\/\/roveyayinevi.com.tr\/index.php\/wp-json\/wp\/v2\/types\/product"}],"wp:attachment":[{"href":"https:\/\/roveyayinevi.com.tr\/index.php\/wp-json\/wp\/v2\/media?parent=743110"}],"wp:term":[{"taxonomy":"product_brand","embeddable":true,"href":"https:\/\/roveyayinevi.com.tr\/index.php\/wp-json\/wp\/v2\/product_brand?post=743110"},{"taxonomy":"product_cat","embeddable":true,"href":"https:\/\/roveyayinevi.com.tr\/index.php\/wp-json\/wp\/v2\/product_cat?post=743110"},{"taxonomy":"product_tag","embeddable":true,"href":"https:\/\/roveyayinevi.com.tr\/index.php\/wp-json\/wp\/v2\/product_tag?post=743110"}],"curies":[{"name":"wp","href":"https:\/\/api.w.org\/{rel}","templated":true}]}}