{"id":743108,"date":"2025-08-28T01:27:54","date_gmt":"2025-08-27T22:27:54","guid":{"rendered":"https:\/\/roveyayinevi.com.tr\/index.php\/urun\/dinozorlar-ve-diger-tarih-oncesi-canavarlar-hakkinda-muhtesem-otesi-bilgiler\/"},"modified":"2026-04-16T02:54:02","modified_gmt":"2026-04-15T23:54:02","slug":"dinozorlar-ve-diger-tarih-oncesi-canavarlar-hakkinda-muhtesem-otesi-bilgiler","status":"publish","type":"product","link":"https:\/\/roveyayinevi.com.tr\/index.php\/urun\/dinozorlar-ve-diger-tarih-oncesi-canavarlar-hakkinda-muhtesem-otesi-bilgiler\/","title":{"rendered":"Dinozorlar ve Di\u011fer Tarih \u00d6ncesi Canavarlar Hakk\u0131nda Muhte\u015fem \u00d6tesi Bilgiler!"},"content":{"rendered":"<p>D\u0130NOZORLAR VE D\u0130\u011eER TAR\u0130H \u00d6NCES\u0130 CANAVARLAR HAKKINDA HER \u015eEY\u0130 \u00d6\u011eRENMEYE HAZIR MISIN?Bu kitapta neler mi var?- Devasa bir dinozor zaman \u00e7izelgesi- Dinozorlar hakk\u0131nda \u00e7\u0131lg\u0131nca \u2013ama ger\u00e7ek\u2013 bilgiler- \u015eahane jura \u015fakalar\u0131- Tarih \u00f6ncesi bilimine h\u0131zl\u0131 bir giri\u015f- Dinozor \u00e7izme etkinlikleri- Kapsaml\u0131 bir dinozor rehberi ve \u00e7ok daha fazlas\u0131!B\u00fct\u00fcn bunlar ilgini \u00e7ektiyse, \u015fimdi dinozorlar\u0131n vah\u015fi ya\u015fant\u0131s\u0131na dair muhte\u015fem \u015feyler \u00f6\u011frenmenin tam zaman\u0131!<\/p>\n","protected":false},"excerpt":{"rendered":"<p>D\u0130NOZORLAR VE D\u0130\u011eER TAR\u0130H \u00d6NCES\u0130 CANAVARLAR HAKKINDA HER \u015eEY\u0130 \u00d6\u011eRENMEYE HAZIR MISIN?Bu kitapta neler mi var?- Devasa bir dinozor zaman \u00e7izelgesi- Dinozorlar hakk\u0131nda \u00e7\u0131lg\u0131nca \u2013ama ger\u00e7ek\u2013<span class=\"excerpt-hellip\"> [\u2026]<\/span><\/p>\n","protected":false},"featured_media":0,"template":"","meta":{"_monsterinsights_skip_tracking":false,"_monsterinsights_sitenote_active":false,"_monsterinsights_sitenote_note":"","_monsterinsights_sitenote_category":0},"product_brand":[],"product_cat":[12274,15842],"product_tag":[],"class_list":{"0":"post-743108","1":"product","2":"type-product","3":"status-publish","5":"product_cat-cocuk-ve-genclik-kitaplari","6":"product_cat-egitici-kitaplar","7":"pa_cilt-ciltsiz","8":"pa_tur-kitap","9":"pa_yayinevi-ithaki-yayinlari","10":"pa_yazar-mike-lowery","12":"first","13":"instock","14":"sale","15":"shipping-taxable","16":"purchasable","17":"product-type-simple"},"_links":{"self":[{"href":"https:\/\/roveyayinevi.com.tr\/index.php\/wp-json\/wp\/v2\/product\/743108","targetHints":{"allow":["GET"]}}],"collection":[{"href":"https:\/\/roveyayinevi.com.tr\/index.php\/wp-json\/wp\/v2\/product"}],"about":[{"href":"https:\/\/roveyayinevi.com.tr\/index.php\/wp-json\/wp\/v2\/types\/product"}],"wp:attachment":[{"href":"https:\/\/roveyayinevi.com.tr\/index.php\/wp-json\/wp\/v2\/media?parent=743108"}],"wp:term":[{"taxonomy":"product_brand","embeddable":true,"href":"https:\/\/roveyayinevi.com.tr\/index.php\/wp-json\/wp\/v2\/product_brand?post=743108"},{"taxonomy":"product_cat","embeddable":true,"href":"https:\/\/roveyayinevi.com.tr\/index.php\/wp-json\/wp\/v2\/product_cat?post=743108"},{"taxonomy":"product_tag","embeddable":true,"href":"https:\/\/roveyayinevi.com.tr\/index.php\/wp-json\/wp\/v2\/product_tag?post=743108"}],"curies":[{"name":"wp","href":"https:\/\/api.w.org\/{rel}","templated":true}]}}