{"id":743107,"date":"2025-08-28T01:27:52","date_gmt":"2025-08-27T22:27:52","guid":{"rendered":"https:\/\/roveyayinevi.com.tr\/index.php\/urun\/eski-sevgili-mevzulari\/"},"modified":"2026-04-16T02:54:02","modified_gmt":"2026-04-15T23:54:02","slug":"eski-sevgili-mevzulari","status":"publish","type":"product","link":"https:\/\/roveyayinevi.com.tr\/index.php\/urun\/eski-sevgili-mevzulari\/","title":{"rendered":"Eski Sevgili Mevzular\u0131"},"content":{"rendered":"<p>BU YAYINDA A\u015eK VARShay Goldstein, mezun olur olmaz girdi\u011fi yerel radyoda yakla\u015f\u0131k on y\u0131ld\u0131r yap\u0131mc\u0131yd\u0131. Kendini ba\u015fka bir yerde hayal edemese de ukala ve kibirli yeni \u00e7al\u0131\u015fma arkada\u015f\u0131 Dominic Yun i\u015fleri onun i\u00e7in epey zorla\u015ft\u0131r\u0131yordu.\u0130stasyonlar\u0131 maddi sorunlar ya\u015famaya ba\u015flay\u0131nca Shay yeni bir program fikriyle \u00e7\u0131kageldi. \u0130ki eski sevgili canl\u0131 yay\u0131nda ili\u015fkiler hakk\u0131nda tavsiye verecek ve dinleyicilerin hik\u00e2yelerini payla\u015facakt\u0131. Ancak Shay\u2019in fikrin onaylanmas\u0131ndan daha \u00e7ok \u015fa\u015f\u0131rd\u0131\u011f\u0131 bir \u015fey varsa, o da program\u0131n sunucusu se\u00e7ilmekti \u2013 hem de Dominic\u2019le beraber.Her ne kadar ikisi de yalan s\u00f6ylemekten ho\u015flanmasa da kariyerlerinde bir s\u0131\u00e7rama i\u00e7in bu teklifi kabul etmekten ba\u015fka \u015fanslar\u0131 yoktu. Ancak Eski Sevgili Mevzular\u0131 gitgide pop\u00fcler olur ve ikilinin aras\u0131nda a\u015fk k\u0131v\u0131lc\u0131mlan\u0131rken, bu aldatmacan\u0131n bir bedeli olacakt\u0131.\u2022 NPR \u2022 Buzzfeed \u2022 Cosmopolitan \u2022 CNN \u2022 PopSugar2021\u2019in En \u0130yi Kitab\u0131\u201cG\u00f6zal\u0131c\u0131, zekice yaz\u0131lm\u0131\u015f ve kesinlikle feminist bir romantik komedi.\u201d \u2014Christina Lauren\u201cRomantizm ve komedinin m\u00fckemmel dengesi.\u201d \u2014New York Times\u201cYaratt\u0131\u011f\u0131 heyecan\u0131n hakk\u0131n\u0131 fazlas\u0131yla veriyor.\u201d \u2014PopSugar\u201cSahte fl\u00f6rtleri unutun\u2026 B\u00fct\u00fcn olay sahte eski sevgililerde! Eski Sevgili Mevzular\u0131 hayat\u0131n\u0131zda eksik oldu\u011funu \u015fimdiye kadar bilmedi\u011finiz bir \u015feyi size sunuyor.\u201d \u2014Jen DeLuca\u201cShay ve Dominic\u2019in \u00e2\u015f\u0131k olmalar\u0131na \u00e2\u015f\u0131k oldum.\u201d \u2014Sarah Hogle\u201c\u0130nan\u0131lmaz komik, her sayfas\u0131 at\u0131\u015fmalar ve cinsel gerilimle dolu ola\u011fan\u00fcst\u00fc bir romantik komedi!\u201d \u2014Kerry Winfrey\u201cZekice yaz\u0131lm\u0131\u015f, duygusal ve yava\u015f geli\u015fen bir romans. Karakterler o kadar ger\u00e7ek ki podcastlerini dinleyebilmek isterdim.\u201d \u2014Andie J. Christopher\u201cEski Sevgili Mevzular\u0131\u2019nda bir romantik komediden isteyebilece\u011finiz her \u015fey var \u2013 haz\u0131rcevap laf dala\u015flar\u0131, yava\u015f yava\u015f b\u00fcy\u00fcyen bir a\u015fk ve duygusal derinlik.\u201d \u2014Trish Doller\u201cNefretten a\u015fka d\u00f6nen bu hik\u00e2ye k\u0131vrak zek\u00e2 ve mizahla \u00f6r\u00fclm\u00fc\u015f ki bu da sahte ili\u015fki t\u00fcr\u00fcne hi\u00e7 beklenmedik bir \u015fa\u015f\u0131rtmaca kat\u0131yor.\u201d \u2014Publishers Weekly (starred review)\u201cEski Sevgili Mevzular\u0131 ayn\u0131 anda pek \u00e7ok \u015fey: laf dala\u015flar\u0131yla dolu, sizi kahkahalara bo\u011facak bir romantik komedi; kederin ya\u015famlar\u0131m\u0131z\u0131 ve sevgimizi nas\u0131l \u015fekillendirdi\u011fi \u00fczerine derin bir inceleme; radyonun ve yay\u0131nc\u0131l\u0131\u011f\u0131n verdi\u011fi keyfe bir \u00f6vg\u00fc\u2026 Her y\u00f6n\u00fcyle harika bir romans.\u201d \u2014Entertainment Weekly<\/p>\n","protected":false},"excerpt":{"rendered":"<p>BU YAYINDA A\u015eK VARShay Goldstein, mezun olur olmaz girdi\u011fi yerel radyoda yakla\u015f\u0131k on y\u0131ld\u0131r yap\u0131mc\u0131yd\u0131. Kendini ba\u015fka bir yerde hayal edemese de ukala ve kibirli yeni<span class=\"excerpt-hellip\"> [\u2026]<\/span><\/p>\n","protected":false},"featured_media":0,"template":"","meta":{"_monsterinsights_skip_tracking":false,"_monsterinsights_sitenote_active":false,"_monsterinsights_sitenote_note":"","_monsterinsights_sitenote_category":0},"product_brand":[],"product_cat":[12291,12711],"product_tag":[],"class_list":{"0":"post-743107","1":"product","2":"type-product","3":"status-publish","5":"product_cat-edebiyat","6":"product_cat-roman-oyku","7":"pa_cilt-ciltsiz","8":"pa_tur-kitap","9":"pa_yayinevi-yabanci-yayinevi","10":"pa_yazar-rachel-lynn-solomon","12":"first","13":"instock","14":"sale","15":"shipping-taxable","16":"purchasable","17":"product-type-simple"},"_links":{"self":[{"href":"https:\/\/roveyayinevi.com.tr\/index.php\/wp-json\/wp\/v2\/product\/743107","targetHints":{"allow":["GET"]}}],"collection":[{"href":"https:\/\/roveyayinevi.com.tr\/index.php\/wp-json\/wp\/v2\/product"}],"about":[{"href":"https:\/\/roveyayinevi.com.tr\/index.php\/wp-json\/wp\/v2\/types\/product"}],"wp:attachment":[{"href":"https:\/\/roveyayinevi.com.tr\/index.php\/wp-json\/wp\/v2\/media?parent=743107"}],"wp:term":[{"taxonomy":"product_brand","embeddable":true,"href":"https:\/\/roveyayinevi.com.tr\/index.php\/wp-json\/wp\/v2\/product_brand?post=743107"},{"taxonomy":"product_cat","embeddable":true,"href":"https:\/\/roveyayinevi.com.tr\/index.php\/wp-json\/wp\/v2\/product_cat?post=743107"},{"taxonomy":"product_tag","embeddable":true,"href":"https:\/\/roveyayinevi.com.tr\/index.php\/wp-json\/wp\/v2\/product_tag?post=743107"}],"curies":[{"name":"wp","href":"https:\/\/api.w.org\/{rel}","templated":true}]}}