{"id":743106,"date":"2025-08-28T01:27:51","date_gmt":"2025-08-27T22:27:51","guid":{"rendered":"https:\/\/roveyayinevi.com.tr\/index.php\/urun\/prensin-kilici\/"},"modified":"2026-04-16T02:54:02","modified_gmt":"2026-04-15T23:54:02","slug":"prensin-kilici","status":"publish","type":"product","link":"https:\/\/roveyayinevi.com.tr\/index.php\/urun\/prensin-kilici\/","title":{"rendered":"Prensin K\u0131l\u0131c\u0131"},"content":{"rendered":"<p>KILICIN \u015eARKISINI DUYAN B\u0130R KADINSAVA\u015eA HAZIRLANAN B\u0130R PRENSKEHANETLER\u0130N AYDINLANDI\u011eI B\u0130R YOLCULUKPrens Baldair, Solaris \u0130mparatorlu\u011fu\u2019nun kaderini belirleyecek sava\u015fa kat\u0131lmak \u00fczere yola \u00e7\u0131km\u0131\u015ft\u0131. Birli\u011fine \u00f6nderlik etmesi bekleniyordu ama ilk cinayetlerinin an\u0131s\u0131 ruhuna h\u00e2l\u00e2 eziyet ederken bunu nas\u0131l yapaca\u011f\u0131na dair bir fikri yoktu. Ona musallat olan hayaletlerden ka\u00e7maya \u00e7al\u0131\u015ft\u0131\u011f\u0131 bir gece, kader kar\u015f\u0131s\u0131na gizemli bir kad\u0131n \u00e7\u0131kard\u0131: \u015eimdiye dek g\u00f6rd\u00fc\u011f\u00fc en inan\u0131lmaz k\u0131l\u0131\u00e7 ustas\u0131n\u0131.Raylynn, bir grup paral\u0131 askerle ve ona k\u0131l\u0131ca dair bildi\u011fi her \u015feyi \u00f6\u011freten annesiyle b\u00fcy\u00fcm\u00fc\u015ft\u00fc. D\u00fcellolara kat\u0131l\u0131p hem hayat\u0131n\u0131 kazan\u0131yor hem de onu tahta ba\u011flayan kehanetin izlerini s\u00fcr\u00fcyordu. Kibirli prenslere ay\u0131racak zaman\u0131 yoktu. Hele annesinin katili h\u00e2l\u00e2 elini kolunu sallayarak gezerken.Raylynn\u2019i, Alt\u0131n Muhaf\u0131zlar\u2019\u0131na katmak isteyen Baldair\u2019in \u00f6n\u00fcnde zorlu bir yol vard\u0131 \u2013 kad\u0131n\u0131n akl\u0131n\u0131 me\u015fgul eden \u015feyi \u00e7\u00f6zmeli ve kay\u0131p k\u0131l\u0131c\u0131 bulmal\u0131yd\u0131. Neyse ki sa\u011flam meydan okumalara ve k\u0131l\u0131\u00e7 d\u00f6v\u00fc\u015f\u00fcnde onu alt edebilecek kad\u0131nlara bay\u0131l\u0131rd\u0131.\u201cAlt\u0131n Muhaf\u0131zlar serisinin yeni kitab\u0131, \u00e7\u0131tay\u0131 daha da y\u00fckseltiyor.\u201d \u2014L. R. W. Lee\u201cDaha ilk c\u00fcmleden sizi i\u00e7ine \u00e7ekiyor.\u201d \u2014The Bookish Crypt\u201cElise Kova\u2019n\u0131n yazd\u0131\u011f\u0131 ve benim elimden b\u0131rakamad\u0131\u011f\u0131m bir kitap daha.\u201d \u2014Leia W.\u201cBu yazar beni hi\u00e7 hayal k\u0131r\u0131kl\u0131\u011f\u0131na u\u011fratm\u0131yor. Serinin s\u0131radaki kitab\u0131n\u0131 okumak i\u00e7in sab\u0131rs\u0131zlan\u0131yorum.\u201d \u2014J. A. Cintron<\/p>\n","protected":false},"excerpt":{"rendered":"<p>KILICIN \u015eARKISINI DUYAN B\u0130R KADINSAVA\u015eA HAZIRLANAN B\u0130R PRENSKEHANETLER\u0130N AYDINLANDI\u011eI B\u0130R YOLCULUKPrens Baldair, Solaris \u0130mparatorlu\u011fu\u2019nun kaderini belirleyecek sava\u015fa kat\u0131lmak \u00fczere yola \u00e7\u0131km\u0131\u015ft\u0131. Birli\u011fine \u00f6nderlik etmesi bekleniyordu ama<span class=\"excerpt-hellip\"> [\u2026]<\/span><\/p>\n","protected":false},"featured_media":0,"template":"","meta":{"_monsterinsights_skip_tracking":false,"_monsterinsights_sitenote_active":false,"_monsterinsights_sitenote_note":"","_monsterinsights_sitenote_category":0},"product_brand":[],"product_cat":[12291,14777],"product_tag":[],"class_list":{"0":"post-743106","1":"product","2":"type-product","3":"status-publish","5":"product_cat-edebiyat","6":"product_cat-fantastik","7":"pa_cilt-ciltsiz","8":"pa_tur-kitap","9":"pa_yayinevi-yabanci-yayinevi","10":"pa_yazar-elise-kova","12":"first","13":"instock","14":"sale","15":"shipping-taxable","16":"purchasable","17":"product-type-simple"},"_links":{"self":[{"href":"https:\/\/roveyayinevi.com.tr\/index.php\/wp-json\/wp\/v2\/product\/743106","targetHints":{"allow":["GET"]}}],"collection":[{"href":"https:\/\/roveyayinevi.com.tr\/index.php\/wp-json\/wp\/v2\/product"}],"about":[{"href":"https:\/\/roveyayinevi.com.tr\/index.php\/wp-json\/wp\/v2\/types\/product"}],"wp:attachment":[{"href":"https:\/\/roveyayinevi.com.tr\/index.php\/wp-json\/wp\/v2\/media?parent=743106"}],"wp:term":[{"taxonomy":"product_brand","embeddable":true,"href":"https:\/\/roveyayinevi.com.tr\/index.php\/wp-json\/wp\/v2\/product_brand?post=743106"},{"taxonomy":"product_cat","embeddable":true,"href":"https:\/\/roveyayinevi.com.tr\/index.php\/wp-json\/wp\/v2\/product_cat?post=743106"},{"taxonomy":"product_tag","embeddable":true,"href":"https:\/\/roveyayinevi.com.tr\/index.php\/wp-json\/wp\/v2\/product_tag?post=743106"}],"curies":[{"name":"wp","href":"https:\/\/api.w.org\/{rel}","templated":true}]}}