{"id":743102,"date":"2025-08-28T01:27:46","date_gmt":"2025-08-27T22:27:46","guid":{"rendered":"https:\/\/roveyayinevi.com.tr\/index.php\/urun\/ogrenciler-ebeveynler-ve-egitimciler-icin-akademik-kocluk\/"},"modified":"2026-04-16T02:54:02","modified_gmt":"2026-04-15T23:54:02","slug":"ogrenciler-ebeveynler-ve-egitimciler-icin-akademik-kocluk","status":"publish","type":"product","link":"https:\/\/roveyayinevi.com.tr\/index.php\/urun\/ogrenciler-ebeveynler-ve-egitimciler-icin-akademik-kocluk\/","title":{"rendered":"\u00d6\u011frenciler, Ebeveynler ve E\u011fitimciler \u0130\u00e7in Akademik Ko\u00e7luk"},"content":{"rendered":"<p>Bu kitap, okul hayat\u0131nda ve hayat okulunda \u00f6\u011frencilerin sosyal, duygusal geli\u015fimlerine katk\u0131 sa\u011flamak ve akademik ba\u015far\u0131lar\u0131n\u0131 art\u0131rmak amac\u0131yla haz\u0131rlanm\u0131\u015ft\u0131r. Bu kitab\u0131n, hayat okulunda \u00e7ocuklar\u0131n\u0131n yan\u0131nda yer alan anne babalar\u0131n, e\u011fitimcilerin ve e\u011fitime y\u00f6n verenlerin i\u015fini kolayla\u015ft\u0131raca\u011f\u0131n\u0131 d\u00fc\u015f\u00fcn\u00fcyoruz. Faydal\u0131 olmas\u0131 umuduyla. <\/p>\n","protected":false},"excerpt":{"rendered":"<p>Bu kitap, okul hayat\u0131nda ve hayat okulunda \u00f6\u011frencilerin sosyal, duygusal geli\u015fimlerine katk\u0131 sa\u011flamak ve akademik ba\u015far\u0131lar\u0131n\u0131 art\u0131rmak amac\u0131yla haz\u0131rlanm\u0131\u015ft\u0131r. Bu kitab\u0131n, hayat okulunda \u00e7ocuklar\u0131n\u0131n yan\u0131nda yer<span class=\"excerpt-hellip\"> [\u2026]<\/span><\/p>\n","protected":false},"featured_media":0,"template":"","meta":{"_monsterinsights_skip_tracking":false,"_monsterinsights_sitenote_active":false,"_monsterinsights_sitenote_note":"","_monsterinsights_sitenote_category":0},"product_brand":[],"product_cat":[12755,12357],"product_tag":[],"class_list":{"0":"post-743102","1":"product","2":"type-product","3":"status-publish","5":"product_cat-gelisim-psikolojisi","6":"product_cat-psikoloji","7":"pa_cilt-ciltsiz","8":"pa_tur-kitap","9":"pa_yayinevi-kizilboga-yayinlari","10":"pa_yazar-mahmut-kizilboga","12":"first","13":"instock","14":"sale","15":"shipping-taxable","16":"purchasable","17":"product-type-simple"},"_links":{"self":[{"href":"https:\/\/roveyayinevi.com.tr\/index.php\/wp-json\/wp\/v2\/product\/743102","targetHints":{"allow":["GET"]}}],"collection":[{"href":"https:\/\/roveyayinevi.com.tr\/index.php\/wp-json\/wp\/v2\/product"}],"about":[{"href":"https:\/\/roveyayinevi.com.tr\/index.php\/wp-json\/wp\/v2\/types\/product"}],"wp:attachment":[{"href":"https:\/\/roveyayinevi.com.tr\/index.php\/wp-json\/wp\/v2\/media?parent=743102"}],"wp:term":[{"taxonomy":"product_brand","embeddable":true,"href":"https:\/\/roveyayinevi.com.tr\/index.php\/wp-json\/wp\/v2\/product_brand?post=743102"},{"taxonomy":"product_cat","embeddable":true,"href":"https:\/\/roveyayinevi.com.tr\/index.php\/wp-json\/wp\/v2\/product_cat?post=743102"},{"taxonomy":"product_tag","embeddable":true,"href":"https:\/\/roveyayinevi.com.tr\/index.php\/wp-json\/wp\/v2\/product_tag?post=743102"}],"curies":[{"name":"wp","href":"https:\/\/api.w.org\/{rel}","templated":true}]}}