{"id":743099,"date":"2025-08-28T01:27:42","date_gmt":"2025-08-27T22:27:42","guid":{"rendered":"https:\/\/roveyayinevi.com.tr\/index.php\/urun\/dus-berberi\/"},"modified":"2026-04-16T02:54:02","modified_gmt":"2026-04-15T23:54:02","slug":"dus-berberi","status":"publish","type":"product","link":"https:\/\/roveyayinevi.com.tr\/index.php\/urun\/dus-berberi\/","title":{"rendered":"D\u00fc\u015f Berberi"},"content":{"rendered":"<p>\u0130stanbul\u2019un en nezih semtlerinden \u015ei\u015fli\u2019ye u\u00e7an daireler sald\u0131r\u0131 d\u00fczenlemi\u015f diyorlar, aman evlerden \u0131rak! \u00dcstelik k\u00fc\u00e7\u00fck bir \u00e7ocu\u011fun dedesini k\u00f6stebe\u011fe, babaannesini de kaplumba\u011faya d\u00f6n\u00fc\u015ft\u00fcrm\u00fc\u015fler, eyvahlar olsun! Demedi demeyin, i\u015fgalci uzayl\u0131larla mini mini kurt adamlar ve vampirler de ortal\u0131kta fink at\u0131yormu\u015f, aman aman! Bu d\u00fcnyaya neler oluyor b\u00f6yle a dostlar?   Ama durun, tela\u015fa gerek yok. Karanl\u0131klardan s\u0131yr\u0131l\u0131p gelen \u015fu ufak tefek \u00e7ocuk b\u00fct\u00fcn insanl\u0131\u011f\u0131 kurtaracak bir kahraman olabilir. \u015eunun cakas\u0131na, efelenmelerine, cesur mu cesur tavr\u0131na bir bak\u0131n hele! Herkesin yana yak\u0131la bekledi\u011fi yi\u011fit olabilir bu. \u00dcstelik yan\u0131nda t\u0131pk\u0131 onun gibi s\u00fcper g\u00fc\u00e7lere sahip iki yard\u0131mc\u0131s\u0131 da var. Hehheeyt, savulun b\u00fct\u00fcn k\u00f6t\u00fcler! Ka\u00e7acak karadelik aray\u0131n b\u00fct\u00fcn u\u00e7an daireler! Hal\u0131n\u0131n sa\u00e7aklar\u0131 aras\u0131na gizlenin uzayl\u0131 i\u015fgalciler! \u00d6r\u00fcmcek-Erol geliyor!   Ehm\u2026 \u015eey\u2026 S\u00f6ylemeyi unuttum: Bizim Erol\u2019un d\u00fcnyay\u0131 kurtarabilmek i\u00e7in \u00f6ncelikle D\u00fc\u015f Berberi\u2019nin koltu\u011funa oturmaktan ka\u00e7\u0131nmas\u0131 gerekiyor ve aram\u0131zda kals\u0131n ama bu hi\u00e7 mi hi\u00e7 kolay de\u011fil.   Bakal\u0131m bizi bu kitapta ne acayip bir ser\u00fcven bekliyor? <\/p>\n","protected":false},"excerpt":{"rendered":"<p>\u0130stanbul\u2019un en nezih semtlerinden \u015ei\u015fli\u2019ye u\u00e7an daireler sald\u0131r\u0131 d\u00fczenlemi\u015f diyorlar, aman evlerden \u0131rak! \u00dcstelik k\u00fc\u00e7\u00fck bir \u00e7ocu\u011fun dedesini k\u00f6stebe\u011fe, babaannesini de kaplumba\u011faya d\u00f6n\u00fc\u015ft\u00fcrm\u00fc\u015fler, eyvahlar olsun! Demedi<span class=\"excerpt-hellip\"> [\u2026]<\/span><\/p>\n","protected":false},"featured_media":0,"template":"","meta":{"_monsterinsights_skip_tracking":false,"_monsterinsights_sitenote_active":false,"_monsterinsights_sitenote_note":"","_monsterinsights_sitenote_category":0},"product_brand":[],"product_cat":[12274,12284],"product_tag":[],"class_list":{"0":"post-743099","1":"product","2":"type-product","3":"status-publish","5":"product_cat-cocuk-ve-genclik-kitaplari","6":"product_cat-hikayeler","7":"pa_cilt-ciltsiz","8":"pa_tur-kitap","9":"pa_yayinevi-dark-istanbul-yayinlari","10":"pa_yazar-askin-gungor","12":"first","13":"instock","14":"sale","15":"shipping-taxable","16":"purchasable","17":"product-type-simple"},"_links":{"self":[{"href":"https:\/\/roveyayinevi.com.tr\/index.php\/wp-json\/wp\/v2\/product\/743099","targetHints":{"allow":["GET"]}}],"collection":[{"href":"https:\/\/roveyayinevi.com.tr\/index.php\/wp-json\/wp\/v2\/product"}],"about":[{"href":"https:\/\/roveyayinevi.com.tr\/index.php\/wp-json\/wp\/v2\/types\/product"}],"wp:attachment":[{"href":"https:\/\/roveyayinevi.com.tr\/index.php\/wp-json\/wp\/v2\/media?parent=743099"}],"wp:term":[{"taxonomy":"product_brand","embeddable":true,"href":"https:\/\/roveyayinevi.com.tr\/index.php\/wp-json\/wp\/v2\/product_brand?post=743099"},{"taxonomy":"product_cat","embeddable":true,"href":"https:\/\/roveyayinevi.com.tr\/index.php\/wp-json\/wp\/v2\/product_cat?post=743099"},{"taxonomy":"product_tag","embeddable":true,"href":"https:\/\/roveyayinevi.com.tr\/index.php\/wp-json\/wp\/v2\/product_tag?post=743099"}],"curies":[{"name":"wp","href":"https:\/\/api.w.org\/{rel}","templated":true}]}}