{"id":743098,"date":"2025-08-28T01:27:41","date_gmt":"2025-08-27T22:27:41","guid":{"rendered":"https:\/\/roveyayinevi.com.tr\/index.php\/urun\/cocuklara-anatomi\/"},"modified":"2026-04-16T02:54:02","modified_gmt":"2026-04-15T23:54:02","slug":"cocuklara-anatomi","status":"publish","type":"product","link":"https:\/\/roveyayinevi.com.tr\/index.php\/urun\/cocuklara-anatomi\/","title":{"rendered":"\u00c7ocuklara Anatomi"},"content":{"rendered":"<p>Bu kitap ile istedik ki, \u00e7ocuklar\u0131m\u0131zla tatl\u0131 tatl\u0131 sohbet edelim. Onlara bir meddah\u0131n masal anlatmas\u0131 gibi anatomi anlatal\u0131m. Sevimli resimlerle hayallerini s\u00fcsleyerek onlarla muhabbet edelim. Birlikte bilgi ve bilimin tad\u0131n\u0131 payla\u015f\u0131rken, insan v\u00fccudunun anatomik yap\u0131s\u0131 hakk\u0131nda birazc\u0131k merak uyand\u0131ral\u0131m. Umuyoruz ki, \u00e7ocuklar\u0131m\u0131z i\u00e7in \u201cbilgi\u201d s\u0131navlarda sorgulanan bir mecburiyet olmak yerine, zevkli ve e\u011flenceli bir u\u011fra\u015f\u0131 haline d\u00f6n\u00fc\u015f\u00fcr. \u00c7ocuklar\u0131m\u0131za, bilginin de\u011ferini daha iyi bilmek, kendilerini ke\u015ffedip, daha iyi olmak ad\u0131na k\u00fc\u00e7\u00fck bir katk\u0131m\u0131z olursa mutlu olaca\u011f\u0131z. Hep birlikte bilelim, bulal\u0131m ve olal\u0131m.   Prof. Dr. Ahmet S\u0131nav <\/p>\n","protected":false},"excerpt":{"rendered":"<p>Bu kitap ile istedik ki, \u00e7ocuklar\u0131m\u0131zla tatl\u0131 tatl\u0131 sohbet edelim. Onlara bir meddah\u0131n masal anlatmas\u0131 gibi anatomi anlatal\u0131m. Sevimli resimlerle hayallerini s\u00fcsleyerek onlarla muhabbet edelim. Birlikte<span class=\"excerpt-hellip\"> [\u2026]<\/span><\/p>\n","protected":false},"featured_media":0,"template":"","meta":{"_monsterinsights_skip_tracking":false,"_monsterinsights_sitenote_active":false,"_monsterinsights_sitenote_note":"","_monsterinsights_sitenote_category":0},"product_brand":[],"product_cat":[26509,13365],"product_tag":[],"class_list":{"0":"post-743098","1":"product","2":"type-product","3":"status-publish","5":"product_cat-cocuk-gelisimi","6":"product_cat-saglik","7":"pa_cilt-ciltsiz","8":"pa_tur-kitap","9":"pa_yayinevi-turkuvaz-kitap","10":"pa_yazar-ahmet-sinav","12":"first","13":"instock","14":"sale","15":"shipping-taxable","16":"purchasable","17":"product-type-simple"},"_links":{"self":[{"href":"https:\/\/roveyayinevi.com.tr\/index.php\/wp-json\/wp\/v2\/product\/743098","targetHints":{"allow":["GET"]}}],"collection":[{"href":"https:\/\/roveyayinevi.com.tr\/index.php\/wp-json\/wp\/v2\/product"}],"about":[{"href":"https:\/\/roveyayinevi.com.tr\/index.php\/wp-json\/wp\/v2\/types\/product"}],"wp:attachment":[{"href":"https:\/\/roveyayinevi.com.tr\/index.php\/wp-json\/wp\/v2\/media?parent=743098"}],"wp:term":[{"taxonomy":"product_brand","embeddable":true,"href":"https:\/\/roveyayinevi.com.tr\/index.php\/wp-json\/wp\/v2\/product_brand?post=743098"},{"taxonomy":"product_cat","embeddable":true,"href":"https:\/\/roveyayinevi.com.tr\/index.php\/wp-json\/wp\/v2\/product_cat?post=743098"},{"taxonomy":"product_tag","embeddable":true,"href":"https:\/\/roveyayinevi.com.tr\/index.php\/wp-json\/wp\/v2\/product_tag?post=743098"}],"curies":[{"name":"wp","href":"https:\/\/api.w.org\/{rel}","templated":true}]}}