{"id":743096,"date":"2025-08-28T01:27:38","date_gmt":"2025-08-27T22:27:38","guid":{"rendered":"https:\/\/roveyayinevi.com.tr\/index.php\/urun\/kopek-adam-6-patilerin-cagrisi\/"},"modified":"2026-04-16T02:54:02","modified_gmt":"2026-04-15T23:54:02","slug":"kopek-adam-6-patilerin-cagrisi","status":"publish","type":"product","link":"https:\/\/roveyayinevi.com.tr\/index.php\/urun\/kopek-adam-6-patilerin-cagrisi\/","title":{"rendered":"K\u00f6pek Adam &#8211; 6-  Patilerin \u00c7a\u011fr\u0131s\u0131"},"content":{"rendered":"<p>K\u00f6pek Adam i\u015flemedi\u011fi bir su\u00e7tan dolay\u0131 su\u00e7lu bulunur ve k\u00f6pek hapishanesine g\u00f6nderilir. Dostlar\u0131 masumiyetini kan\u0131tlamak i\u00e7in u\u011fra\u015f\u0131rken o kendini k\u00f6pekler ve insanlar aras\u0131nda s\u0131k\u0131\u015fm\u0131\u015f hisseder ve yerini bulmakta zorlan\u0131r. Her iki d\u00fcnyan\u0131n bir par\u00e7as\u0131 olan K\u00f6pek Adam acaba hangi d\u00fcnyaya ayak uydurabilecek? \u0130nsanlar\u0131n d\u00fcnyas\u0131na m\u0131, k\u00f6peklerin d\u00fcnyas\u0131na m\u0131?<\/p>\n","protected":false},"excerpt":{"rendered":"<p>K\u00f6pek Adam i\u015flemedi\u011fi bir su\u00e7tan dolay\u0131 su\u00e7lu bulunur ve k\u00f6pek hapishanesine g\u00f6nderilir. Dostlar\u0131 masumiyetini kan\u0131tlamak i\u00e7in u\u011fra\u015f\u0131rken o kendini k\u00f6pekler ve insanlar aras\u0131nda s\u0131k\u0131\u015fm\u0131\u015f hisseder ve<span class=\"excerpt-hellip\"> [\u2026]<\/span><\/p>\n","protected":false},"featured_media":0,"template":"","meta":{"_monsterinsights_skip_tracking":false,"_monsterinsights_sitenote_active":false,"_monsterinsights_sitenote_note":"","_monsterinsights_sitenote_category":0},"product_brand":[],"product_cat":[12689,12274],"product_tag":[],"class_list":{"0":"post-743096","1":"product","2":"type-product","3":"status-publish","5":"product_cat-cizgi-roman-cocuk-ve-genclik-kitaplari","6":"product_cat-cocuk-ve-genclik-kitaplari","7":"pa_cilt-ciltsiz","8":"pa_tur-kitap","9":"pa_yayinevi-altin-kitaplar","10":"pa_yazar-dav-pilkey","12":"first","13":"instock","14":"sale","15":"shipping-taxable","16":"purchasable","17":"product-type-simple"},"_links":{"self":[{"href":"https:\/\/roveyayinevi.com.tr\/index.php\/wp-json\/wp\/v2\/product\/743096","targetHints":{"allow":["GET"]}}],"collection":[{"href":"https:\/\/roveyayinevi.com.tr\/index.php\/wp-json\/wp\/v2\/product"}],"about":[{"href":"https:\/\/roveyayinevi.com.tr\/index.php\/wp-json\/wp\/v2\/types\/product"}],"wp:attachment":[{"href":"https:\/\/roveyayinevi.com.tr\/index.php\/wp-json\/wp\/v2\/media?parent=743096"}],"wp:term":[{"taxonomy":"product_brand","embeddable":true,"href":"https:\/\/roveyayinevi.com.tr\/index.php\/wp-json\/wp\/v2\/product_brand?post=743096"},{"taxonomy":"product_cat","embeddable":true,"href":"https:\/\/roveyayinevi.com.tr\/index.php\/wp-json\/wp\/v2\/product_cat?post=743096"},{"taxonomy":"product_tag","embeddable":true,"href":"https:\/\/roveyayinevi.com.tr\/index.php\/wp-json\/wp\/v2\/product_tag?post=743096"}],"curies":[{"name":"wp","href":"https:\/\/api.w.org\/{rel}","templated":true}]}}