{"id":743094,"date":"2025-08-28T01:27:36","date_gmt":"2025-08-27T22:27:36","guid":{"rendered":"https:\/\/roveyayinevi.com.tr\/index.php\/urun\/genclerle-bas-basa-mitoloji\/"},"modified":"2026-04-16T02:54:02","modified_gmt":"2026-04-15T23:54:02","slug":"genclerle-bas-basa-mitoloji","status":"publish","type":"product","link":"https:\/\/roveyayinevi.com.tr\/index.php\/urun\/genclerle-bas-basa-mitoloji\/","title":{"rendered":"Gen\u00e7lerle Ba\u015f Ba\u015fa: Mitoloji"},"content":{"rendered":"<p>Arkeoloji m\u00fczesine bir okul gezisi yapmaya ne dersiniz? \u00c7a\u011fla ve s\u0131n\u0131f arkada\u015flar\u0131, arkeolog Zeynep\u2019in e\u015fli\u011finde m\u00fczeyi gezerken eserlerin \u00f6n\u00fcnde uzun uzun duruyor, hem her bir eserin arkas\u0131ndaki mitolojik \u00f6yk\u00fcy\u00fc \u00f6\u011freniyor hem de ak\u0131llar\u0131na tak\u0131lan sorular\u0131 soruyorlar: Mumyalar\u0131n s\u0131rr\u0131 \u00e7\u00f6z\u00fclebilmi\u015f mi? \u0130nsanlar neden tanr\u0131lar\u0131 kendilerine benzer \u015fekilde yapm\u0131\u015flar? Tanr\u0131larla insanlar aras\u0131nda nas\u0131l bir ili\u015fki vard\u0131? O zamanlar mitlere herkes inan\u0131yor muydu? Eski insanlar bizden daha m\u0131 b\u00fcy\u00fckm\u00fc\u015f ki bu kadar b\u00fcy\u00fck lahitler yapm\u0131\u015flar? Amazonlar ger\u00e7ek miydi? Eskiden ger\u00e7ekten insan kurban ediliyor muydu? Mitlerdeki cinsiyet e\u015fitsizli\u011fi nereden kaynaklan\u0131yor? \u0130smail Gezgin keyifle okunan bu k\u00fc\u00e7\u00fck kitapta evrenin olu\u015fumundan \u00f6l\u00fcme, demokrasinin do\u011fu\u015fundan ataerkil toplum yap\u0131s\u0131na bir\u00e7ok temel konuyu ak\u0131c\u0131 bir dille anlat\u0131yor gen\u00e7 okurlar\u0131na. Arkeoloji m\u00fczesindeki heykeller aras\u0131nda \u00f6\u011frencilerle birlikte gezinerek g\u00fcn\u00fcm\u00fcz insan\u0131na ge\u00e7mi\u015fini g\u00f6rmesi i\u00e7in bir ayna tutuyor. \u0130nsan d\u00fcnyas\u0131n\u0131n her y\u00f6n\u00fcyle yans\u0131d\u0131\u011f\u0131 mitolojinin heyecan verici hik\u00e2yelerini dinlerken hayat\u0131 ve ya\u015fad\u0131\u011f\u0131m\u0131z d\u00fcnyay\u0131 anlamaya bir ad\u0131m daha yakla\u015f\u0131yoruz. <\/p>\n","protected":false},"excerpt":{"rendered":"<p>Arkeoloji m\u00fczesine bir okul gezisi yapmaya ne dersiniz? \u00c7a\u011fla ve s\u0131n\u0131f arkada\u015flar\u0131, arkeolog Zeynep\u2019in e\u015fli\u011finde m\u00fczeyi gezerken eserlerin \u00f6n\u00fcnde uzun uzun duruyor, hem her bir eserin<span class=\"excerpt-hellip\"> [\u2026]<\/span><\/p>\n","protected":false},"featured_media":0,"template":"","meta":{"_monsterinsights_skip_tracking":false,"_monsterinsights_sitenote_active":false,"_monsterinsights_sitenote_note":"","_monsterinsights_sitenote_category":0},"product_brand":[],"product_cat":[13590,12337],"product_tag":[],"class_list":{"0":"post-743094","1":"product","2":"type-product","3":"status-publish","5":"product_cat-arastirma-inceleme-politika-siyaset","6":"product_cat-politika-siyaset","7":"pa_cilt-ciltsiz","8":"pa_tur-kitap","9":"pa_yayinevi-yordam-kitap","10":"pa_yazar-ismail-gezgin","12":"first","13":"instock","14":"sale","15":"shipping-taxable","16":"purchasable","17":"product-type-simple"},"_links":{"self":[{"href":"https:\/\/roveyayinevi.com.tr\/index.php\/wp-json\/wp\/v2\/product\/743094","targetHints":{"allow":["GET"]}}],"collection":[{"href":"https:\/\/roveyayinevi.com.tr\/index.php\/wp-json\/wp\/v2\/product"}],"about":[{"href":"https:\/\/roveyayinevi.com.tr\/index.php\/wp-json\/wp\/v2\/types\/product"}],"wp:attachment":[{"href":"https:\/\/roveyayinevi.com.tr\/index.php\/wp-json\/wp\/v2\/media?parent=743094"}],"wp:term":[{"taxonomy":"product_brand","embeddable":true,"href":"https:\/\/roveyayinevi.com.tr\/index.php\/wp-json\/wp\/v2\/product_brand?post=743094"},{"taxonomy":"product_cat","embeddable":true,"href":"https:\/\/roveyayinevi.com.tr\/index.php\/wp-json\/wp\/v2\/product_cat?post=743094"},{"taxonomy":"product_tag","embeddable":true,"href":"https:\/\/roveyayinevi.com.tr\/index.php\/wp-json\/wp\/v2\/product_tag?post=743094"}],"curies":[{"name":"wp","href":"https:\/\/api.w.org\/{rel}","templated":true}]}}