{"id":743093,"date":"2025-08-28T01:27:34","date_gmt":"2025-08-27T22:27:34","guid":{"rendered":"https:\/\/roveyayinevi.com.tr\/index.php\/urun\/gece-bekcileri-disk-dunya-29\/"},"modified":"2026-04-16T02:54:02","modified_gmt":"2026-04-15T23:54:02","slug":"gece-bekcileri-disk-dunya-29","status":"publish","type":"product","link":"https:\/\/roveyayinevi.com.tr\/index.php\/urun\/gece-bekcileri-disk-dunya-29\/","title":{"rendered":"Gece Bek\u00e7ileri -Disk D\u00fcnya -29"},"content":{"rendered":"<p>Diskd\u00fcnya&#8217;n\u0131n devrimci ruhlar\u0131, tarihi yeniden yazmaya yeltenirse&#8230;  Hayal\u00ee evrenlerin azametli mucidi S\u00f6r Terry Pratchett&#8217;\u0131n benzersiz yarat\u0131m\u0131 &#8221;Diskd\u00fcnya&#8221;n\u0131n ilk kez T\u00fcrk\u00e7eye \u00e7evrilen yirmi dokuzuncu kitab\u0131 Gece Bek\u00e7ileri, kadim kent Ankh-Morpork&#8217;un ge\u00e7mi\u015fini, \u015fimdisini ama hepsinden \u00f6tesi gelece\u011fini tehdit eden cani bir katilin ensesinde, devrimci bir zamansal paradoks hik\u00e2yesi anlat\u0131yor.D\u00fcnya \u00e7ap\u0131nda 100 milyonun \u00fczerinde satan k\u00fclliyat\u0131n en karanl\u0131k ser\u00fcvenlerinden biri olarak an\u0131labilecek roman, &#8221;Bek\u00e7iler&#8221; alt serisinin de alt\u0131nc\u0131 halkas\u0131. Pratchett, devrimler tarihine sayg\u0131 duru\u015funda bulundu\u011fu sat\u0131rlar\u0131nda, s\u00fcrekli tekerr\u00fcr eden tarih\u00ee olgular\u0131 derinlemesine irdeliyor, devrimlerin gereklili\u011fi, ger\u00e7ekli\u011fi ve kal\u0131c\u0131l\u0131\u011f\u0131 \u00fcst\u00fcne zihnimizi soru i\u015faretleriyle dolduruyor. De\u011fi\u015fmeyen tek de\u011fil, pek \u00e7ok \u015fey vard\u0131r asl\u0131nda. \u00d6rne\u011fin, tarih. Fakat bir \u0131rmaksa tarih ve onda asla geri geri y\u00fcz\u00fclemezse, ya\u015fl\u0131 Vimes ile gen\u00e7 Sam&#8217;in maceralar\u0131 hangi y\u00f6ne ilerleyecektir? Vimes, son g\u00fcnlerde az\u0131l\u0131 bir seri katilin ensesindedir. Bek\u00e7ileri bile \u00f6ld\u00fcren Carcer ad\u0131ndaki bu cani, yakay\u0131 ele vermekten her seferinde kurtulmu\u015ftur. Yine bir kovalamaca s\u0131ras\u0131nda, \u00fcstelik Vimes tam da Carcer&#8217;\u0131 \u00dcniversite K\u00fct\u00fcphanesi&#8217;nin \u00e7at\u0131s\u0131nda k\u0131st\u0131rm\u0131\u015fken, zamanda bir yar\u0131k a\u00e7\u0131l\u0131r ve iki adam bir anda kendilerini ge\u00e7mi\u015fin Ankh-Morpork&#8217;unda bulur. Vimes, yard\u0131m ararken Gece Bek\u00e7ileri devriyesine yakalan\u0131r, zira \u015fehirde o g\u00fcnlerde soka\u011fa \u00e7\u0131kma yasa\u011f\u0131 vard\u0131r. Fakat as\u0131l tuhafl\u0131k, Vimes&#8217;a silah do\u011frultan bek\u00e7i yard\u0131mc\u0131s\u0131ndad\u0131r: G\u00f6zleri parlayan bu gen\u00e7 adam, Vimes&#8217;\u0131n kendisinden ba\u015fkas\u0131 de\u011fildir! Ya\u015fl\u0131 Vimes ile gen\u00e7 Sam kar\u015f\u0131 kar\u015f\u0131yad\u0131r ve belki de en fenas\u0131, ge\u00e7mi\u015f de\u011fi\u015ftik\u00e7e gelece\u011fin de tehlikeye girmesidir&#8230;Kurulan barikatlar, direni\u015f&#8230; Ad\u0131m ad\u0131m i\u00e7 sava\u015fa s\u00fcr\u00fcklenen bir \u015fehirde kan ak\u0131t\u0131lacak bir devrim gecesi. Tarihi ray\u0131na oturtman\u0131n tek yolu, zaman\u0131 durdurmak! Niran El\u00e7i&#8217;nin p\u00fcr\u00fczs\u00fcz T\u00fcrk\u00e7e&#8217;siyle Diskd\u00fcnya&#8217;daki yerini alan Gece Bek\u00e7ileri, zaman\u0131n karma\u015f\u0131k i\u015fleyi\u015fine tabiri caizse \u00e7omak sokan, devrim ruhunu iliklerinize kadar hissettirecek, kat\u0131ks\u0131z bir macera! <\/p>\n","protected":false},"excerpt":{"rendered":"<p>Diskd\u00fcnya&#8217;n\u0131n devrimci ruhlar\u0131, tarihi yeniden yazmaya yeltenirse&#8230; Hayal\u00ee evrenlerin azametli mucidi S\u00f6r Terry Pratchett&#8217;\u0131n benzersiz yarat\u0131m\u0131 &#8221;Diskd\u00fcnya&#8221;n\u0131n ilk kez T\u00fcrk\u00e7eye \u00e7evrilen yirmi dokuzuncu kitab\u0131 Gece Bek\u00e7ileri,<span class=\"excerpt-hellip\"> [\u2026]<\/span><\/p>\n","protected":false},"featured_media":0,"template":"","meta":{"_monsterinsights_skip_tracking":false,"_monsterinsights_sitenote_active":false,"_monsterinsights_sitenote_note":"","_monsterinsights_sitenote_category":0},"product_brand":[],"product_cat":[12291,12711],"product_tag":[],"class_list":{"0":"post-743093","1":"product","2":"type-product","3":"status-publish","5":"product_cat-edebiyat","6":"product_cat-roman-oyku","7":"pa_cilt-ciltsiz","8":"pa_tur-kitap","9":"pa_yayinevi-delidolu","10":"pa_yazar-terry-pratchett","12":"first","13":"instock","14":"sale","15":"shipping-taxable","16":"purchasable","17":"product-type-simple"},"_links":{"self":[{"href":"https:\/\/roveyayinevi.com.tr\/index.php\/wp-json\/wp\/v2\/product\/743093","targetHints":{"allow":["GET"]}}],"collection":[{"href":"https:\/\/roveyayinevi.com.tr\/index.php\/wp-json\/wp\/v2\/product"}],"about":[{"href":"https:\/\/roveyayinevi.com.tr\/index.php\/wp-json\/wp\/v2\/types\/product"}],"wp:attachment":[{"href":"https:\/\/roveyayinevi.com.tr\/index.php\/wp-json\/wp\/v2\/media?parent=743093"}],"wp:term":[{"taxonomy":"product_brand","embeddable":true,"href":"https:\/\/roveyayinevi.com.tr\/index.php\/wp-json\/wp\/v2\/product_brand?post=743093"},{"taxonomy":"product_cat","embeddable":true,"href":"https:\/\/roveyayinevi.com.tr\/index.php\/wp-json\/wp\/v2\/product_cat?post=743093"},{"taxonomy":"product_tag","embeddable":true,"href":"https:\/\/roveyayinevi.com.tr\/index.php\/wp-json\/wp\/v2\/product_tag?post=743093"}],"curies":[{"name":"wp","href":"https:\/\/api.w.org\/{rel}","templated":true}]}}